{"id":1712,"date":"2025-07-22T15:35:51","date_gmt":"2025-07-22T15:35:51","guid":{"rendered":"https:\/\/pearl-cycles.com\/cyclocross\/"},"modified":"2026-01-29T19:07:22","modified_gmt":"2026-01-29T19:07:22","slug":"cyclocross","status":"publish","type":"page","link":"https:\/\/pearl-cycles.com\/?page_id=1712&lang=de","title":{"rendered":"CYCLOCROSS"},"content":{"rendered":"<p>[et_pb_section fb_built=&#8221;1&#8243; admin_label=&#8221;Hero&#8221; _builder_version=&#8221;4.27.4&#8243; _module_preset=&#8221;default&#8221; background_color=&#8221;#57cc99&#8243; use_background_color_gradient=&#8221;on&#8221; background_color_gradient_stops=&#8221;rgba(0,0,0,0.29) 0%|rgba(255,255,255,0) 100%&#8221; background_color_gradient_overlays_image=&#8221;on&#8221; background_color_gradient_start=&#8221;rgba(0,0,0,0.5)&#8221; background_color_gradient_end=&#8221;rgba(0,0,0,0.75)&#8221; background_image=&#8221;https:\/\/pearl-cycles.com\/wp-content\/uploads\/2025\/09\/cross-scaled.jpg&#8221; custom_padding=&#8221;14vw||14vw||true|false&#8221; locked=&#8221;off&#8221; collapsed=&#8221;on&#8221; global_colors_info=&#8221;{%22#57cc99%22:%91%22background_color%22%93}&#8221;][et_pb_row column_structure=&#8221;1_2,1_2&#8243; _builder_version=&#8221;4.24.2&#8243; _module_preset=&#8221;5138c454-be54-4233-bd3b-f8e6a8747976&#8243; locked=&#8221;off&#8221; global_colors_info=&#8221;{}&#8221;][et_pb_column type=&#8221;1_2&#8243; _builder_version=&#8221;4.23.1&#8243; _module_preset=&#8221;73121f80-a3ef-4484-8763-c3f18e3c56d2&#8243; global_colors_info=&#8221;{}&#8221;][et_pb_heading title=&#8221;AGILE CYCLOCROSS-GEOMETRIE &#8221; _builder_version=&#8221;4.27.4&#8243; _module_preset=&#8221;f0c675ea-2574-4d0e-b725-30f8550a8550&#8243; title_font=&#8221;|Abril Fatface_weight||on|||||&#8221; title_text_color=&#8221;#FFFFFF&#8221; custom_padding=&#8221;5px|||||&#8221; locked=&#8221;off&#8221; global_colors_info=&#8221;{}&#8221;][\/et_pb_heading][et_pb_heading title=&#8221; Pearl XC Synergy&#8221; _builder_version=&#8221;4.27.4&#8243; _module_preset=&#8221;ddeb8c09-9078-4424-bc15-2efb6572e28e&#8221; title_font=&#8221;|Abril Fatface_weight|||||||&#8221; title_text_color=&#8221;#FFFFFF&#8221; locked=&#8221;off&#8221; global_colors_info=&#8221;{}&#8221;][\/et_pb_heading][et_pb_heading _builder_version=&#8221;4.27.4&#8243; _module_preset=&#8221;ddeb8c09-9078-4424-bc15-2efb6572e28e&#8221; title_font=&#8221;Abril Fatface|Abril Fatface_weight|||||||&#8221; locked=&#8221;off&#8221; global_colors_info=&#8221;{}&#8221;][\/et_pb_heading][et_pb_text quote_border_color=&#8221;#57cc99&#8243; _builder_version=&#8221;4.24.2&#8243; _module_preset=&#8221;2c55a9c4-feed-423b-9edb-ae0b5b365cac&#8221; text_font=&#8221;Poppins|Poppins_weight|||||||&#8221; link_font=&#8221;|Poppins_weight|||||||&#8221; link_text_color=&#8221;#22577a&#8221; quote_font=&#8221;Abril Fatface|Abril Fatface_weight|||||||&#8221; header_font=&#8221;Abril Fatface|Abril Fatface_weight|||||||&#8221; header_2_font=&#8221;Abril Fatface|Abril Fatface_weight|||||||&#8221; header_3_font=&#8221;Abril Fatface|Abril Fatface_weight|||||||&#8221; header_4_font=&#8221;Abril Fatface|Abril Fatface_weight|||||||&#8221; header_5_font=&#8221;Abril Fatface|Abril Fatface_weight|||||||&#8221; header_6_font=&#8221;Abril Fatface|Abril Fatface_weight|||||||&#8221; locked=&#8221;off&#8221; global_colors_info=&#8221;{}&#8221;]<\/p>\n<p>Erlebe den H\u00f6hepunkt der Radsportinnovation mit der Pearl XC Synergy, entwickelt f\u00fcr diejenigen, die das Beste an Leistung und Stil verlangen.<\/p>\n<p>[\/et_pb_text][\/et_pb_column][et_pb_column type=&#8221;1_2&#8243; _builder_version=&#8221;4.23.1&#8243; _module_preset=&#8221;73121f80-a3ef-4484-8763-c3f18e3c56d2&#8243; global_colors_info=&#8221;{}&#8221;][\/et_pb_column][\/et_pb_row][\/et_pb_section][et_pb_section fb_built=&#8221;1&#8243; _builder_version=&#8221;4.27.4&#8243; _module_preset=&#8221;default&#8221; global_colors_info=&#8221;{}&#8221;][et_pb_row column_structure=&#8221;1_2,1_2&#8243; _builder_version=&#8221;4.27.4&#8243; _module_preset=&#8221;default&#8221; global_colors_info=&#8221;{}&#8221;][et_pb_column type=&#8221;1_2&#8243; _builder_version=&#8221;4.27.4&#8243; _module_preset=&#8221;default&#8221; global_colors_info=&#8221;{}&#8221;][et_pb_image src=&#8221;https:\/\/pearl-cycles.com\/wp-content\/uploads\/2025\/07\/paddy-1.jpg&#8221; title_text=&#8221;paddy&#8221; _builder_version=&#8221;4.27.4&#8243; _module_preset=&#8221;default&#8221; global_colors_info=&#8221;{}&#8221;][\/et_pb_image][\/et_pb_column][et_pb_column type=&#8221;1_2&#8243; _builder_version=&#8221;4.27.4&#8243; _module_preset=&#8221;default&#8221; global_colors_info=&#8221;{}&#8221;][\/et_pb_column][\/et_pb_row][\/et_pb_section][et_pb_section fb_built=&#8221;1&#8243; admin_label=&#8221;Features&#8221; _builder_version=&#8221;4.24.3&#8243; _module_preset=&#8221;default&#8221; background_color=&#8221;#22577a&#8221; locked=&#8221;off&#8221; collapsed=&#8221;on&#8221; global_colors_info=&#8221;{%22#22577a%22:%91%22background_color%22%93}&#8221;][et_pb_row _builder_version=&#8221;4.23.1&#8243; _module_preset=&#8221;5138c454-be54-4233-bd3b-f8e6a8747976&#8243; global_colors_info=&#8221;{}&#8221;][et_pb_column type=&#8221;4_4&#8243; _builder_version=&#8221;4.16&#8243; _module_preset=&#8221;73121f80-a3ef-4484-8763-c3f18e3c56d2&#8243; global_colors_info=&#8221;{}&#8221;][et_pb_heading title=&#8221;Innovative Merkmale der Pearl XC Synergy&#8221; _builder_version=&#8221;4.24.2&#8243; _module_preset=&#8221;c33f07d9-41e0-421a-8799-5799df695cce&#8221; title_font=&#8221;Abril Fatface|Abril Fatface_weight|||||||&#8221; title_text_color=&#8221;#FFFFFF&#8221; locked=&#8221;off&#8221; global_colors_info=&#8221;{}&#8221;][\/et_pb_heading][\/et_pb_column][\/et_pb_row][et_pb_row column_structure=&#8221;1_3,1_3,1_3&#8243; make_equal=&#8221;on&#8221; _builder_version=&#8221;4.24.3&#8243; _module_preset=&#8221;5138c454-be54-4233-bd3b-f8e6a8747976&#8243; locked=&#8221;off&#8221; global_colors_info=&#8221;{}&#8221;][et_pb_column type=&#8221;1_3&#8243; _builder_version=&#8221;4.24.3&#8243; _module_preset=&#8221;50607da8-57bc-4d4b-aaef-f02e41c2cc4a&#8221; custom_padding_phone=&#8221;20px|20px|20px|20px|true|true&#8221; custom_padding_last_edited=&#8221;off|desktop&#8221; global_colors_info=&#8221;{}&#8221;][et_pb_blurb title=&#8221;Ultraleichter Carbonrahmen&#8221; use_icon=&#8221;on&#8221; font_icon=&#8221;&#xf206;||fa||900&#8243; icon_color=&#8221;#22577a&#8221; icon_alignment=&#8221;center&#8221; _builder_version=&#8221;4.24.3&#8243; _module_preset=&#8221;212b201d-2c34-41bd-936c-851b7357d08b&#8221; header_font=&#8221;Abril Fatface|Abril Fatface_weight|||||||&#8221; body_font=&#8221;Poppins|Poppins_weight|||||||&#8221; body_link_text_color=&#8221;#22577a&#8221; background_mask_style=&#8221;diagonal-bars&#8221; text_orientation=&#8221;center&#8221; locked=&#8221;off&#8221; global_colors_info=&#8221;{%22#0e0c19%22:%91%22header_text_color%22,%22header_text_color%22,%22header_text_color%22,%22header_text_color%22,%22header_text_color%22%93,%22#3c3a47%22:%91%22body_text_color%22,%22body_text_color%22,%22body_text_color%22,%22body_text_color%22,%22body_text_color%22%93,%22#22577a%22:%91%22icon_color%22%93}&#8221;]<\/p>\n<p>Pr\u00e4zise gefertigt, bietet unser ultraleichter Carbonrahmen un\u00fcbertroffene Agilit\u00e4t und St\u00e4rke f\u00fcr ein \u00fcberragendes Fahrgef\u00fchl.<\/p>\n<p>[\/et_pb_blurb][\/et_pb_column][et_pb_column type=&#8221;1_3&#8243; _builder_version=&#8221;4.24.3&#8243; _module_preset=&#8221;50607da8-57bc-4d4b-aaef-f02e41c2cc4a&#8221; custom_padding_phone=&#8221;20px|20px|20px|20px|true|true&#8221; custom_padding_last_edited=&#8221;off|desktop&#8221; global_colors_info=&#8221;{}&#8221;][et_pb_blurb title=&#8221;T 1000 Toray Carbon&#8221; use_icon=&#8221;on&#8221; font_icon=&#8221;&#xe012;||divi||400&#8243; icon_color=&#8221;#22577a&#8221; icon_alignment=&#8221;center&#8221; _builder_version=&#8221;4.24.3&#8243; _module_preset=&#8221;212b201d-2c34-41bd-936c-851b7357d08b&#8221; header_font=&#8221;Abril Fatface|Abril Fatface_weight|||||||&#8221; body_font=&#8221;Poppins|Poppins_weight|||||||&#8221; body_link_text_color=&#8221;#22577a&#8221; background_mask_style=&#8221;diagonal-bars&#8221; text_orientation=&#8221;center&#8221; locked=&#8221;off&#8221; global_colors_info=&#8221;{%22#0e0c19%22:%91%22header_text_color%22,%22header_text_color%22,%22header_text_color%22,%22header_text_color%22,%22header_text_color%22%93,%22#3c3a47%22:%91%22body_text_color%22,%22body_text_color%22,%22body_text_color%22,%22body_text_color%22,%22body_text_color%22%93,%22#22577a%22:%91%22icon_color%22%93}&#8221;]<\/p>\n<p>Durch die Verwendung von T 1000 Toray Carbon gew\u00e4hrleistet dieses Fahrrad maximale Haltbarkeit und ein federleichtes Gef\u00fchl.<\/p>\n<p>[\/et_pb_blurb][\/et_pb_column][et_pb_column type=&#8221;1_3&#8243; _builder_version=&#8221;4.24.3&#8243; _module_preset=&#8221;50607da8-57bc-4d4b-aaef-f02e41c2cc4a&#8221; custom_padding_phone=&#8221;20px|20px|20px|20px|true|true&#8221; custom_padding_last_edited=&#8221;off|desktop&#8221; global_colors_info=&#8221;{}&#8221;][et_pb_blurb title=&#8221;Innenverlegte Z\u00fcge&#8221; use_icon=&#8221;on&#8221; font_icon=&#8221;&#xf0ae;||fa||900&#8243; icon_color=&#8221;#22577a&#8221; icon_alignment=&#8221;center&#8221; _builder_version=&#8221;4.24.3&#8243; _module_preset=&#8221;212b201d-2c34-41bd-936c-851b7357d08b&#8221; header_font=&#8221;Abril Fatface|Abril Fatface_weight|||||||&#8221; body_font=&#8221;Poppins|Poppins_weight|||||||&#8221; body_link_text_color=&#8221;#22577a&#8221; background_mask_style=&#8221;diagonal-bars&#8221; text_orientation=&#8221;center&#8221; locked=&#8221;off&#8221; global_colors_info=&#8221;{%22#0e0c19%22:%91%22header_text_color%22,%22header_text_color%22,%22header_text_color%22,%22header_text_color%22,%22header_text_color%22%93,%22#3c3a47%22:%91%22body_text_color%22,%22body_text_color%22,%22body_text_color%22,%22body_text_color%22,%22body_text_color%22%93,%22#22577a%22:%91%22icon_color%22%93}&#8221;]<\/p>\n<p>Genie\u00dfe ein schlankes, aerodynamisches Design mit innenverlegter Zugf\u00fchrung, das den Luftwiderstand reduziert und die Leistung verbessert.<\/p>\n<p>[\/et_pb_blurb][\/et_pb_column][\/et_pb_row][\/et_pb_section][et_pb_section fb_built=&#8221;1&#8243; fullwidth=&#8221;on&#8221; _builder_version=&#8221;4.27.4&#8243; _module_preset=&#8221;default&#8221; global_colors_info=&#8221;{}&#8221;][et_pb_fullwidth_image src=&#8221;https:\/\/pearl-cycles.com\/wp-content\/uploads\/2025\/09\/cross-scaled.jpg&#8221; title_text=&#8221;Cross&#8221; _builder_version=&#8221;4.27.4&#8243; _module_preset=&#8221;default&#8221; global_colors_info=&#8221;{}&#8221;][\/et_pb_fullwidth_image][\/et_pb_section][et_pb_section fb_built=&#8221;1&#8243; admin_label=&#8221;Services&#8221; _builder_version=&#8221;4.18.0&#8243; _module_preset=&#8221;default&#8221; locked=&#8221;off&#8221; collapsed=&#8221;on&#8221; global_colors_info=&#8221;{}&#8221;][et_pb_row _builder_version=&#8221;4.18.0&#8243; _module_preset=&#8221;5138c454-be54-4233-bd3b-f8e6a8747976&#8243; custom_margin=&#8221;|auto|-10px|auto|false|false&#8221; global_colors_info=&#8221;{}&#8221;][et_pb_column type=&#8221;4_4&#8243; _builder_version=&#8221;4.18.0&#8243; _module_preset=&#8221;73121f80-a3ef-4484-8763-c3f18e3c56d2&#8243; global_colors_info=&#8221;{}&#8221;][et_pb_heading title=&#8221;Passe deine Fahrt an&#8221; _builder_version=&#8221;4.24.3&#8243; _module_preset=&#8221;f0c675ea-2574-4d0e-b725-30f8550a8550&#8243; title_font=&#8221;Poppins|Abril Fatface_weight||on|||||&#8221; title_text_align=&#8221;center&#8221; title_text_color=&#8221;#22577a&#8221; global_colors_info=&#8221;{%22#22577a%22:%91%22title_text_color%22%93}&#8221;][\/et_pb_heading][et_pb_heading title=&#8221;Auf deinen Stil zugeschnitten&#8221; _builder_version=&#8221;4.24.2&#8243; _module_preset=&#8221;c33f07d9-41e0-421a-8799-5799df695cce&#8221; title_font=&#8221;Abril Fatface|Abril Fatface_weight|||||||&#8221; title_text_align=&#8221;center&#8221; global_colors_info=&#8221;{}&#8221;][\/et_pb_heading][\/et_pb_column][\/et_pb_row][et_pb_row column_structure=&#8221;1_3,1_3,1_3&#8243; custom_padding_last_edited=&#8221;on|tablet&#8221; _builder_version=&#8221;4.18.0&#8243; _module_preset=&#8221;5138c454-be54-4233-bd3b-f8e6a8747976&#8243; custom_padding_tablet=&#8221;||0px||false|false&#8221; custom_padding_phone=&#8221;||0px||false|false&#8221; global_colors_info=&#8221;{}&#8221;][et_pb_column type=&#8221;1_3&#8243; _builder_version=&#8221;4.18.0&#8243; _module_preset=&#8221;73121f80-a3ef-4484-8763-c3f18e3c56d2&#8243; global_colors_info=&#8221;{}&#8221;][et_pb_blurb title=&#8221;Individuelle Farboptionen&#8221; use_icon=&#8221;on&#8221; font_icon=&#8221;&#xf5aa;||fa||900&#8243; icon_color=&#8221;#57cc99&#8243; _builder_version=&#8221;4.25.1&#8243; _module_preset=&#8221;65059203-12d3-44f6-8371-3f5cf61a0475&#8243; header_font=&#8221;Abril Fatface|Abril Fatface_weight|||||||&#8221; body_font=&#8221;Poppins|Poppins_weight|||||||&#8221; body_link_text_color=&#8221;#22577a&#8221; global_colors_info=&#8221;{%22gcid-36fd78a7-34bc-404d-873c-dafa34efaae5%22:%91%22image_icon_background_color%22,%22image_icon_background_color%22%93,%22#0e0c19%22:%91%22header_text_color%22,%22header_text_color%22%93,%22#3c3a47%22:%91%22body_text_color%22,%22body_text_color%22%93,%22#22577a%22:%91%22body_link_text_color%22%93,%22#57cc99%22:%91%22icon_color%22%93}&#8221;]<\/p>\n<p>W\u00e4hle aus einer gro\u00dfen Auswahl an Farben, um deine Pearl XC Synergy wirklich einzigartig zu machen.<\/p>\n<p>[\/et_pb_blurb][\/et_pb_column][et_pb_column type=&#8221;1_3&#8243; _builder_version=&#8221;4.18.0&#8243; _module_preset=&#8221;73121f80-a3ef-4484-8763-c3f18e3c56d2&#8243; global_colors_info=&#8221;{}&#8221;][et_pb_blurb title=&#8221;Individuelle Konfigurationsm\u00f6glichkeiten&#8221; use_icon=&#8221;on&#8221; font_icon=&#8221;&#xf509;||fa||900&#8243; icon_color=&#8221;#57cc99&#8243; _builder_version=&#8221;4.25.1&#8243; _module_preset=&#8221;65059203-12d3-44f6-8371-3f5cf61a0475&#8243; header_font=&#8221;Abril Fatface|Abril Fatface_weight|||||||&#8221; body_font=&#8221;Poppins|Poppins_weight|||||||&#8221; body_link_text_color=&#8221;#22577a&#8221; global_colors_info=&#8221;{%22gcid-36fd78a7-34bc-404d-873c-dafa34efaae5%22:%91%22image_icon_background_color%22%93,%22#0e0c19%22:%91%22header_text_color%22%93,%22#3c3a47%22:%91%22body_text_color%22%93,%22#22577a%22:%91%22body_link_text_color%22%93,%22#57cc99%22:%91%22icon_color%22%93}&#8221;]<\/p>\n<p>Baue dein Fahrrad nach deinen genauen Spezifikationen, f\u00fcr eine perfekte Passform und optimale Leistung.<\/p>\n<p>[\/et_pb_blurb][\/et_pb_column][et_pb_column type=&#8221;1_3&#8243; _builder_version=&#8221;4.18.0&#8243; _module_preset=&#8221;73121f80-a3ef-4484-8763-c3f18e3c56d2&#8243; global_colors_info=&#8221;{}&#8221;][et_pb_blurb title=&#8221;Expertenberatung&#8221; use_icon=&#8221;on&#8221; font_icon=&#8221;&#xf590;||fa||900&#8243; icon_color=&#8221;#57cc99&#8243; _builder_version=&#8221;4.25.1&#8243; _module_preset=&#8221;65059203-12d3-44f6-8371-3f5cf61a0475&#8243; header_font=&#8221;Abril Fatface|Abril Fatface_weight|||||||&#8221; body_font=&#8221;Poppins|Poppins_weight|||||||&#8221; body_link_text_color=&#8221;#22577a&#8221; global_colors_info=&#8221;{%22gcid-36fd78a7-34bc-404d-873c-dafa34efaae5%22:%91%22image_icon_background_color%22%93,%22#0e0c19%22:%91%22header_text_color%22%93,%22#3c3a47%22:%91%22body_text_color%22%93,%22#22577a%22:%91%22body_link_text_color%22%93,%22#57cc99%22:%91%22icon_color%22%93}&#8221;]<\/p>\n<p>Arbeite mit unseren Experten zusammen, um ein Fahrrad zu entwerfen, das deinen spezifischen Bed\u00fcrfnissen und Vorlieben entspricht.<\/p>\n<p>[\/et_pb_blurb][\/et_pb_column][\/et_pb_row][et_pb_row column_structure=&#8221;1_3,1_3,1_3&#8243; _builder_version=&#8221;4.18.0&#8243; _module_preset=&#8221;5138c454-be54-4233-bd3b-f8e6a8747976&#8243; global_colors_info=&#8221;{}&#8221;][et_pb_column type=&#8221;1_3&#8243; _builder_version=&#8221;4.18.0&#8243; _module_preset=&#8221;73121f80-a3ef-4484-8763-c3f18e3c56d2&#8243; global_colors_info=&#8221;{}&#8221;][et_pb_blurb title=&#8221;Weltweiter Versand&#8221; use_icon=&#8221;on&#8221; font_icon=&#8221;&#xf48b;||fa||900&#8243; icon_color=&#8221;#57cc99&#8243; _builder_version=&#8221;4.25.1&#8243; _module_preset=&#8221;65059203-12d3-44f6-8371-3f5cf61a0475&#8243; header_font=&#8221;Abril Fatface|Abril Fatface_weight|||||||&#8221; body_font=&#8221;Poppins|Poppins_weight|||||||&#8221; body_link_text_color=&#8221;#22577a&#8221; global_colors_info=&#8221;{%22gcid-36fd78a7-34bc-404d-873c-dafa34efaae5%22:%91%22image_icon_background_color%22%93,%22#0e0c19%22:%91%22header_text_color%22%93,%22#3c3a47%22:%91%22body_text_color%22%93,%22#22577a%22:%91%22body_link_text_color%22%93,%22#57cc99%22:%91%22icon_color%22%93}&#8221;]<\/p>\n<p>Wir liefern ma\u00dfgeschneiderte Fahrr\u00e4der direkt zu dir nach Hause, egal wo auf der Welt du dich befindest.<\/p>\n<p>[\/et_pb_blurb][\/et_pb_column][et_pb_column type=&#8221;1_3&#8243; _builder_version=&#8221;4.18.0&#8243; _module_preset=&#8221;73121f80-a3ef-4484-8763-c3f18e3c56d2&#8243; global_colors_info=&#8221;{}&#8221;][et_pb_blurb title=&#8221;Lebenslange Garantie&#8221; use_icon=&#8221;on&#8221; font_icon=&#8221;&#xe012;||divi||400&#8243; icon_color=&#8221;#57cc99&#8243; _builder_version=&#8221;4.25.1&#8243; _module_preset=&#8221;65059203-12d3-44f6-8371-3f5cf61a0475&#8243; header_font=&#8221;Abril Fatface|Abril Fatface_weight|||||||&#8221; body_font=&#8221;Poppins|Poppins_weight|||||||&#8221; body_link_text_color=&#8221;#22577a&#8221; global_colors_info=&#8221;{%22gcid-36fd78a7-34bc-404d-873c-dafa34efaae5%22:%91%22image_icon_background_color%22%93,%22#0e0c19%22:%91%22header_text_color%22%93,%22#3c3a47%22:%91%22body_text_color%22%93,%22#22577a%22:%91%22body_link_text_color%22%93,%22#57cc99%22:%91%22icon_color%22%93}&#8221;]<\/p>\n<p>Fahre mit Vertrauen, wissend, dass dein Fahrrad durch unsere umfassende lebenslange Garantie abgesichert ist.<\/p>\n<p>[\/et_pb_blurb][\/et_pb_column][et_pb_column type=&#8221;1_3&#8243; _builder_version=&#8221;4.18.0&#8243; _module_preset=&#8221;73121f80-a3ef-4484-8763-c3f18e3c56d2&#8243; global_colors_info=&#8221;{}&#8221;][et_pb_blurb title=&#8221;Kontinuierlicher Support&#8221; use_icon=&#8221;on&#8221; font_icon=&#8221;&#xf509;||fa||900&#8243; icon_color=&#8221;#57cc99&#8243; _builder_version=&#8221;4.25.1&#8243; _module_preset=&#8221;65059203-12d3-44f6-8371-3f5cf61a0475&#8243; header_font=&#8221;Abril Fatface|Abril Fatface_weight|||||||&#8221; body_font=&#8221;Poppins|Poppins_weight|||||||&#8221; body_link_text_color=&#8221;#22577a&#8221; global_colors_info=&#8221;{%22gcid-36fd78a7-34bc-404d-873c-dafa34efaae5%22:%91%22image_icon_background_color%22%93,%22#0e0c19%22:%91%22header_text_color%22%93,%22#3c3a47%22:%91%22body_text_color%22%93,%22#22577a%22:%91%22body_link_text_color%22%93,%22#57cc99%22:%91%22icon_color%22%93}&#8221;]<\/p>\n<p>Erhalte kontinuierlichen Support und Service, um dein Fahrrad in Top-Zustand zu halten.<\/p>\n<p>[\/et_pb_blurb][\/et_pb_column][\/et_pb_row][\/et_pb_section][et_pb_section fb_built=&#8221;1&#8243; fullwidth=&#8221;on&#8221; _builder_version=&#8221;4.27.4&#8243; _module_preset=&#8221;default&#8221; global_colors_info=&#8221;{}&#8221;][et_pb_fullwidth_slider _builder_version=&#8221;4.27.4&#8243; _module_preset=&#8221;default&#8221; global_colors_info=&#8221;{}&#8221;][et_pb_slide _builder_version=&#8221;4.27.4&#8243; _module_preset=&#8221;default&#8221; background_image=&#8221;https:\/\/pearl-cycles.com\/wp-content\/uploads\/2025\/07\/1-1-3.jpg&#8221; background_enable_image=&#8221;on&#8221; background_position=&#8221;top_center&#8221; global_colors_info=&#8221;{}&#8221; sticky_transition=&#8221;on&#8221;][\/et_pb_slide][\/et_pb_fullwidth_slider][\/et_pb_section][et_pb_section fb_built=&#8221;1&#8243; admin_label=&#8221;Call to Action&#8221; _builder_version=&#8221;4.27.4&#8243; _module_preset=&#8221;default&#8221; use_background_color_gradient=&#8221;on&#8221; background_color_gradient_stops=&#8221;rgba(0,0,0,0.5) 0%|rgba(0,0,0,0.75) 100%&#8221; background_color_gradient_overlays_image=&#8221;on&#8221; background_color_gradient_start=&#8221;rgba(0,0,0,0.5)&#8221; background_color_gradient_end=&#8221;rgba(0,0,0,0.75)&#8221; background_image=&#8221;https:\/\/pearl-cycles.com\/wp-content\/uploads\/2025\/07\/new-p-2-scaled.jpg&#8221; parallax=&#8221;on&#8221; custom_padding=&#8221;8vw||8vw||true|false&#8221; locked=&#8221;off&#8221; collapsed=&#8221;on&#8221; global_colors_info=&#8221;{}&#8221;][et_pb_row _builder_version=&#8221;4.23.1&#8243; _module_preset=&#8221;5138c454-be54-4233-bd3b-f8e6a8747976&#8243; max_width=&#8221;800px&#8221; global_colors_info=&#8221;{}&#8221;][et_pb_column type=&#8221;4_4&#8243; _builder_version=&#8221;4.16&#8243; _module_preset=&#8221;73121f80-a3ef-4484-8763-c3f18e3c56d2&#8243; global_colors_info=&#8221;{}&#8221;][et_pb_heading title=&#8221;Bereit f\u00fcr die Fahrt?&#8221; _builder_version=&#8221;4.24.3&#8243; _module_preset=&#8221;c33f07d9-41e0-421a-8799-5799df695cce&#8221; title_font=&#8221;Abril Fatface|Abril Fatface_weight|||||||&#8221; title_text_align=&#8221;center&#8221; title_text_color=&#8221;#FFFFFF&#8221; locked=&#8221;off&#8221; global_colors_info=&#8221;{}&#8221;][\/et_pb_heading][et_pb_text _builder_version=&#8221;4.24.3&#8243; _module_preset=&#8221;0504de1e-f5ff-4281-ba60-cbbe4edf98bc&#8221; text_font=&#8221;Poppins|Poppins_weight|||||||&#8221; quote_font=&#8221;Abril Fatface|Abril Fatface_weight|||||||&#8221; header_font=&#8221;Abril Fatface|Abril Fatface_weight|||||||&#8221; header_2_font=&#8221;Abril Fatface|Abril Fatface_weight|||||||&#8221; header_3_font=&#8221;Abril Fatface|Abril Fatface_weight|||||||&#8221; header_4_font=&#8221;Abril Fatface|Abril Fatface_weight|||||||&#8221; header_5_font=&#8221;Abril Fatface|Abril Fatface_weight|||||||&#8221; header_6_font=&#8221;Abril Fatface|Abril Fatface_weight|||||||&#8221; text_orientation=&#8221;center&#8221;]<\/p>\n<p>Erlebe das Nonplusultra im Custom-Cycling mit Pearl Cycles. Egal, ob du ein Rennrad oder Gravelbike suchst, unser Expertenteam steht dir zur Seite. Kontaktiere uns noch heute, um dein Traumbike zu konfigurieren und Teil der Pearl Cycles Familie zu werden.  <\/p>\n<p>[\/et_pb_text][et_pb_button button_url=&#8221;https:\/\/pearl-cycles.com\/?product=pearl-synergy-cyclocross&#8221; button_text=&#8221;Online kaufen..&#8221; button_alignment=&#8221;center&#8221; _builder_version=&#8221;4.27.4&#8243; _module_preset=&#8221;ab15fb74-61a3-43aa-96b3-41e09aeef654&#8243; button_text_color=&#8221;#22577a&#8221; button_font=&#8221;Poppins|700|||||||&#8221; locked=&#8221;off&#8221; global_colors_info=&#8221;{}&#8221;][\/et_pb_button][\/et_pb_column][\/et_pb_row][\/et_pb_section]<\/p>\n","protected":false},"excerpt":{"rendered":"<p>AGILE CYCLOCROSS-GEOMETRIE Pearl XC Synergy Erlebe den H\u00f6hepunkt der Radsportinnovation mit der Pearl XC Synergy, entwickelt f\u00fcr diejenigen, die das Beste an Leistung und Stil verlangen. Innovative Merkmale der Pearl [&#8230;]<\/p>\n","protected":false},"author":1,"featured_media":0,"parent":0,"menu_order":0,"comment_status":"closed","ping_status":"closed","template":"","meta":{"_et_pb_use_builder":"on","_et_pb_old_content":"","_et_gb_content_width":"","om_disable_all_campaigns":false,"_monsterinsights_skip_tracking":false,"_monsterinsights_sitenote_active":false,"_monsterinsights_sitenote_note":"","_monsterinsights_sitenote_category":0,"footnotes":""},"class_list":["post-1712","page","type-page","status-publish","hentry"],"_links":{"self":[{"href":"https:\/\/pearl-cycles.com\/index.php?rest_route=\/wp\/v2\/pages\/1712","targetHints":{"allow":["GET"]}}],"collection":[{"href":"https:\/\/pearl-cycles.com\/index.php?rest_route=\/wp\/v2\/pages"}],"about":[{"href":"https:\/\/pearl-cycles.com\/index.php?rest_route=\/wp\/v2\/types\/page"}],"author":[{"embeddable":true,"href":"https:\/\/pearl-cycles.com\/index.php?rest_route=\/wp\/v2\/users\/1"}],"replies":[{"embeddable":true,"href":"https:\/\/pearl-cycles.com\/index.php?rest_route=%2Fwp%2Fv2%2Fcomments&post=1712"}],"version-history":[{"count":21,"href":"https:\/\/pearl-cycles.com\/index.php?rest_route=\/wp\/v2\/pages\/1712\/revisions"}],"predecessor-version":[{"id":14130,"href":"https:\/\/pearl-cycles.com\/index.php?rest_route=\/wp\/v2\/pages\/1712\/revisions\/14130"}],"wp:attachment":[{"href":"https:\/\/pearl-cycles.com\/index.php?rest_route=%2Fwp%2Fv2%2Fmedia&parent=1712"}],"curies":[{"name":"wp","href":"https:\/\/api.w.org\/{rel}","templated":true}]}}