{"id":4781,"date":"2025-09-28T08:15:33","date_gmt":"2025-09-28T08:15:33","guid":{"rendered":"https:\/\/pearl-cycles.com\/fahrrad-leasing\/"},"modified":"2026-02-22T16:05:39","modified_gmt":"2026-02-22T16:05:39","slug":"fahrrad-leasing","status":"publish","type":"page","link":"https:\/\/pearl-cycles.com\/?page_id=4781&lang=de","title":{"rendered":"FAHRRAD-LEASING"},"content":{"rendered":"<p>[et_pb_section fb_built=&#8221;1&#8243; _builder_version=&#8221;4.16&#8243; global_colors_info=&#8221;{}&#8221;][et_pb_row _builder_version=&#8221;4.16&#8243; background_size=&#8221;initial&#8221; background_position=&#8221;top_left&#8221; background_repeat=&#8221;repeat&#8221; global_colors_info=&#8221;{}&#8221;][et_pb_column type=&#8221;4_4&#8243; _builder_version=&#8221;4.16&#8243; custom_padding=&#8221;|||&#8221; global_colors_info=&#8221;{}&#8221; custom_padding__hover=&#8221;|||&#8221;][et_pb_text _builder_version=&#8221;4.16&#8243; background_size=&#8221;initial&#8221; background_position=&#8221;top_left&#8221; background_repeat=&#8221;repeat&#8221; global_colors_info=&#8221;{}&#8221;]<\/p>\n<section class=\"comp-banner--usp maingrid-item--span-fullwidth\">\n<div class=\"maingrid\">\n<h2 class=\"text-center\">Bikeleasing-Vorteile f\u00fcr Ihr Unternehmen<\/h2>\n<\/div>\n<div class=\"maingrid bg-primary-background-grey\">\n<ul class=\"comp-banner--usp__shorts\">\n<li class=\"comp-banner--usp__shorts__title\">Gesundheit f\u00f6rdern<\/li>\n<li class=\"comp-banner--usp__shorts__title\">Nachhaltigkeit f\u00f6rdern<\/li>\n<li class=\"comp-banner--usp__shorts__title\">Mitarbeiter finden &amp; binden<\/li>\n<\/ul>\n<div class=\"maingrid-item--span-fullwidth\">\n<hr class=\"comp-banner--usp__divider\" \/>\n<\/div>\n<div class=\"comp-banner--usp-content-wrapper\">\n<div class=\"comp-usp-tile purple-accent\">\n<div class=\"comp-image \"><img loading=\"lazy\" decoding=\"async\" src=\"https:\/\/files.bikeleasing.de\/Icons\/SVG\/Weiss\/gut_einfach_check.svg\" alt=\"\" width=\"50\" height=\"50\" \/><\/div>\n<p class=\"comp-usp-tile__title\">Null Kosten<\/p>\n<p class=\"comp-usp-tile__text mt-0\">100% kostenneutral. Egal, ob Kleinunternehmen oder Gro\u00dfkonzern \u2013 Sie als Arbeitgeber tragen bei Bikeleasing grunds\u00e4tzlich keine Kosten.<\/p>\n<\/div>\n<div class=\"comp-usp-tile purple-accent\">\n<div class=\"comp-image \"><img loading=\"lazy\" decoding=\"async\" src=\"https:\/\/files.bikeleasing.de\/Icons\/SVG\/Weiss\/sicherheit_datenschutz.svg\" alt=\"\" width=\"50\" height=\"50\" \/><\/div>\n<p class=\"comp-usp-tile__title\">Null Risiko<\/p>\n<p class=\"comp-usp-tile__text mt-0\">K\u00fcndigung, Krankheit oder Elternzeit Ihrer Mitarbeiter? Unsere Arbeitgeber-Absicherung ist immer dabei und erspart Ihnen jegliche Risiken.<\/p>\n<\/div>\n<div class=\"comp-usp-tile purple-accent\">\n<div class=\"comp-image \"><img loading=\"lazy\" decoding=\"async\" src=\"https:\/\/files.bikeleasing.de\/Icons\/SVG\/Weiss\/service.svg\" alt=\"\" width=\"50\" height=\"50\" \/><\/div>\n<p class=\"comp-usp-tile__title\">Minimaler Aufwand<\/p>\n<p class=\"comp-usp-tile__text mt-0\">Unternehmen registrieren, Rahmenvertr\u00e4ge abschlie\u00dfen und Mitarbeiter informieren \u2013 dank unserem Online-Portal geht das ganz bequem und um alles andere k\u00fcmmern wir uns.<\/p>\n<\/div>\n<div class=\"comp-usp-tile purple-accent\">\n<div class=\"comp-image \"><img loading=\"lazy\" decoding=\"async\" src=\"https:\/\/files.bikeleasing.de\/Icons\/SVG\/Weiss\/einfach_beliebt_favorit.svg\" alt=\"\" width=\"50\" height=\"50\" \/><\/div>\n<p class=\"comp-usp-tile__title\">Maximaler Benefit<\/p>\n<p class=\"comp-usp-tile__text mt-0\">Ihr Unternehmen: nachhaltig und attraktiv als Arbeitgeber. Ihr Team: gesund und mobil mit dem Dienstrad. Egal, ob Mountainbike, E-Bike oder Lastenrad.<\/p>\n<\/div>\n<\/div>\n<\/div>\n<\/section>\n<div id=\"youTubeVideoConsent3450\">\n<div class=\"maingrid\">\n<h2 class=\"text-center\">Jetzt mit Bikeleasing durchstarten<\/h2>\n<\/div>\n<div id=\"3450\" class=\"comp-youtube-video  is--mounted\" data-component=\"YoutubeVideo\" data-video-id=\"5IksA53c84o\" data-video-width=\"2048\" data-video-height=\"1152\" data-hide-controls=\"\" data-autoplay=\"\" data-loop=\"\" data-initialized=\"true\">\n<div class=\"comp-image placeholder-image\"><img loading=\"lazy\" decoding=\"async\" title=\"Bikeleasing f\u00fcr Arbeitgeber \u2013 Arbeitgeber werden Fahrradgeber\" src=\"https:\/\/files.bikeleasing.de\/_processed_\/1\/8\/csm_Bikeleasing_fuer_Arbeitgeber_-_Arbeitgeber_werden_Fahrradgeber_01_5cba31d292.png\" sizes=\"100vw\" srcset=\"https:\/\/files.bikeleasing.de\/_processed_\/1\/8\/csm_Bikeleasing_fuer_Arbeitgeber_-_Arbeitgeber_werden_Fahrradgeber_01_2ee420bc7f.png 385w, https:\/\/files.bikeleasing.de\/_processed_\/1\/8\/csm_Bikeleasing_fuer_Arbeitgeber_-_Arbeitgeber_werden_Fahrradgeber_01_db10a4b304.png 500w, https:\/\/files.bikeleasing.de\/_processed_\/1\/8\/csm_Bikeleasing_fuer_Arbeitgeber_-_Arbeitgeber_werden_Fahrradgeber_01_00150b888e.png 600w, https:\/\/files.bikeleasing.de\/_processed_\/1\/8\/csm_Bikeleasing_fuer_Arbeitgeber_-_Arbeitgeber_werden_Fahrradgeber_01_5af5c11e91.png 700w, https:\/\/files.bikeleasing.de\/_processed_\/1\/8\/csm_Bikeleasing_fuer_Arbeitgeber_-_Arbeitgeber_werden_Fahrradgeber_01_35bfd48f36.png 900w, https:\/\/files.bikeleasing.de\/_processed_\/1\/8\/csm_Bikeleasing_fuer_Arbeitgeber_-_Arbeitgeber_werden_Fahrradgeber_01_623c4b5b3f.png 1024w, https:\/\/files.bikeleasing.de\/_processed_\/1\/8\/csm_Bikeleasing_fuer_Arbeitgeber_-_Arbeitgeber_werden_Fahrradgeber_01_2ffc5f9569.png 1200w, https:\/\/files.bikeleasing.de\/_processed_\/1\/8\/csm_Bikeleasing_fuer_Arbeitgeber_-_Arbeitgeber_werden_Fahrradgeber_01_51aecaf3c3.png 1400w, https:\/\/files.bikeleasing.de\/_processed_\/1\/8\/csm_Bikeleasing_fuer_Arbeitgeber_-_Arbeitgeber_werden_Fahrradgeber_01_b8e86d348d.png 1800w, https:\/\/files.bikeleasing.de\/_processed_\/1\/8\/csm_Bikeleasing_fuer_Arbeitgeber_-_Arbeitgeber_werden_Fahrradgeber_01_abb44bfc3c.png 2000w, https:\/\/files.bikeleasing.de\/_processed_\/1\/8\/csm_Bikeleasing_fuer_Arbeitgeber_-_Arbeitgeber_werden_Fahrradgeber_01_5cba31d292.png 1920w\" alt=\"\" width=\"1920\" height=\"1080\" \/><\/div>\n<div class=\"overlay d-flex justify-content-center align-items-center width-100 height-100\" data-navhide=\"\"><\/div>\n<\/div>\n<\/div>\n<div class=\"maingrid comp-teaser-container  default\">\n<header>\n<h2 class=\"ce-headline-center\">Wie bringe ich mein Team aufs Dienstrad?<\/h2>\n<\/header>\n<div class=\"comp-teaser--collection row mx-6 mx-m-0\">\n<div class=\"col-s-6 col-xl col-m-4 px-xl-5\" data-step=\"1\"><span id=\"c2625\"><\/span><\/p>\n<div class=\"comp-teaser--collection-item borderradius-10 d-flex flex-column height-100 width-100\" data-component=\"TeaserCard\" data-initialized=\"true\">\n<div class=\"comp-teaser--collection-item-textbox\">\n<div class=\"d-flex\"><strong class=\"comp-teaser--collection-item-title font-semibold\">Super! Wir sind Ihr Partner<\/strong><\/div>\n<p>Sie interessieren sich f\u00fcr den Bikeleasing-Service. Super! Wir informieren Sie gerne unverbindlich mit erstem Info-Material.<\/p>\n<\/div>\n<div class=\"js_step-container step-container step-container-bg-green\"><span class=\"js_step-container-number step-container-number\">1<\/span><\/div>\n<\/div>\n<\/div>\n<div class=\"col-s-6 col-xl col-m-4 px-xl-5\" data-step=\"2\"><span id=\"c2624\"><\/span><\/p>\n<div class=\"comp-teaser--collection-item borderradius-10 d-flex flex-column height-100 width-100\" data-component=\"TeaserCard\" data-initialized=\"true\">\n<div class=\"comp-teaser--collection-item-textbox\">\n<div class=\"d-flex\"><strong class=\"comp-teaser--collection-item-title font-semibold\">Sie melden Ihr Unternehmen an<\/strong><\/div>\n<p>\u00dcberzeugt? Dann registrieren Sie sich, unterzeichnen die Bikeleasing-Unterlagen und schon kann es losgehen.<\/p>\n<\/div>\n<div class=\"js_step-container step-container step-container-bg-grey\"><span class=\"js_step-container-number step-container-number\">2<\/span><\/div>\n<\/div>\n<\/div>\n<div class=\"col-s-6 col-xl col-m-4 px-xl-5\" data-step=\"3\"><span id=\"c2623\"><\/span><\/p>\n<div class=\"comp-teaser--collection-item borderradius-10 d-flex flex-column height-100 width-100\" data-component=\"TeaserCard\" data-initialized=\"true\">\n<div class=\"comp-teaser--collection-item-textbox\">\n<div class=\"d-flex\"><strong class=\"comp-teaser--collection-item-title font-semibold\">Ihr Team sucht aus<\/strong><\/div>\n<p>Ihr Team erh\u00e4lt den Zugang zu unserem Online-Portal und alle Infos rund ums Dienstrad-Leasing.<\/p>\n<\/div>\n<div class=\"js_step-container step-container step-container-bg-grey\"><span class=\"js_step-container-number step-container-number\">3<\/span><\/div>\n<\/div>\n<\/div>\n<div class=\"col-s-6 col-xl col-m-4 px-xl-5\" data-step=\"4\"><span id=\"c2622\"><\/span><\/p>\n<div class=\"comp-teaser--collection-item borderradius-10 d-flex flex-column height-100 width-100\" data-component=\"TeaserCard\" data-initialized=\"true\">\n<div class=\"comp-teaser--collection-item-textbox\">\n<div class=\"d-flex\"><strong class=\"comp-teaser--collection-item-title font-semibold\">Ihre Mitarbeiter radeln los<\/strong><\/div>\n<p>Ihre Mitarbeiter bestellen ein Wunschrad, Sie geben den Vertrag frei. Das Dienstrad wird direkt an die Nutzer ausgeh\u00e4ndigt. Fertig!<\/p>\n<\/div>\n<div class=\"js_step-container step-container step-container-bg-grey\"><span class=\"js_step-container-number step-container-number\">4<\/span><\/div>\n<\/div>\n<\/div>\n<\/div>\n<\/div>\n<section class=\"tabs tabs--2 maingrid-item--span-fullwidth bg-accent-background-purple\" data-component=\"Tabelement\" data-initialized=\"true\">\n<div class=\"maingrid\">\n<h2 class=\"text-center\">Vertragsunterlagen f\u00fcr Arbeitgeber anfordern<\/h2>\n<h3 class=\"text-center\">Sichern Sie sich die Vertragsunterlagen, um Dienstrad-Leasing f\u00fcr Ihre Mitarbeitenden einzuf\u00fchren.<\/h3>\n<div class=\"maingrid container-box-shadow-mobile\">\n<div class=\"tabs-pagination js_tabs-pagination\" role=\"tablist\">\n<div class=\"tabs-pagination-col\"><button id=\"c5019-1\" class=\"tabs-pagination-tab tab-index-0 js_tabs-pagination-tab\" role=\"tab\" type=\"button\" aria-selected=\"true\" aria-controls=\"tabpanel-c5019-0\" data-controls=\"imgpanel-c5019-0\">Vertragsunterlagen f\u00fcr Arbeitgeber<\/button><\/div>\n<div class=\"tabs-pagination-col\"><button id=\"c5019-2\" class=\"tabs-pagination-tab tab-index-1 js_tabs-pagination-tab\" tabindex=\"-1\" role=\"tab\" type=\"button\" aria-selected=\"false\" aria-controls=\"tabpanel-c5019-1\" data-controls=\"imgpanel-c5019-1\">Informationen f\u00fcr Arbeitgeber<\/button><\/div>\n<\/div>\n<div class=\"tabs-container js_tabs-container\">\n<div class=\"tabs-container-imageslider\">\n<div class=\"tabs-container-imagewrapper\"><img loading=\"lazy\" decoding=\"async\" id=\"imgpanel-c5019-0\" class=\"tabs-container-main-image is-active goto-left\" title=\"Vertragsunterlagen f\u00fcr Arbeitgeber anfordern\" src=\"https:\/\/files.bikeleasing.de\/_processed_\/8\/6\/csm_arbeitgeber-registrierungsformular-vertrag-6_b7ef7187f7.jpg\" alt=\"Ein Vertrag liegt auf dem Tisch, H\u00e4nde zeigen mit Stiften auf den Vertrag.\" width=\"650\" height=\"650\" \/><img loading=\"lazy\" decoding=\"async\" class=\"tabs-container-brand-image\" src=\"https:\/\/bikeleasing.de\/_assets\/12ecccfe9186b84b10b2cda53d4b5e65\/Images\/icon-B.png\" alt=\"\" width=\"111\" height=\"101\" \/><img loading=\"lazy\" decoding=\"async\" id=\"imgpanel-c5019-1\" class=\"tabs-container-main-image is-hidden goto-right\" title=\"Vertragsunterlagen f\u00fcr Arbeitgeber anfordern\" src=\"https:\/\/files.bikeleasing.de\/_processed_\/1\/e\/csm_arbeitgeber-registrierungsformular-informationen-1_8fca605f53.jpg\" alt=\"Weibliche Person betrachtet Unterlagen, die sie in der Hand h\u00e4lt.\" width=\"650\" height=\"650\" \/><img loading=\"lazy\" decoding=\"async\" class=\"tabs-container-brand-image\" src=\"https:\/\/bikeleasing.de\/_assets\/12ecccfe9186b84b10b2cda53d4b5e65\/Images\/icon-B.png\" alt=\"\" width=\"111\" height=\"101\" \/><\/div>\n<\/div>\n<div id=\"tabpanel-c5019-0\" class=\"tabs-container-panel\" tabindex=\"0\" role=\"tabpanel\" aria-labelledby=\"c5019-1\">\n<div class=\"tabs-container-panel-col\">\n<div id=\"c5017\" class=\"frame frame-default frame-type-form_formframework  frame-layout-0\" data-ajax-form-link=\"https:\/\/bikeleasing.de\/arbeitgeber?form_id=5017&amp;tx_form_formframework%5Baction%5D=perform&amp;tx_form_formframework%5Bcontroller%5D=FormFrontend&amp;type=1439553600&amp;cHash=576a3bb7aa1cb02e490e9ed1e261c927#employerregistrationform2024-5017\" data-form-page-link=\"https:\/\/bikeleasing.de\/arbeitgeber?form_id=5017&amp;type=1439553600&amp;cHash=884b32941931128960ec1d4645b9acae\">\n<header>\n<h3 class=\"\">Vertragsunterlagen f\u00fcr Arbeitgeber anfordern<\/h3>\n<\/header>\n<\/div>\n<\/div>\n<\/div>\n<\/div>\n<\/div>\n<\/div>\n<\/section>\n<p>[\/et_pb_text][\/et_pb_column][\/et_pb_row][\/et_pb_section]<\/p>\n","protected":false},"excerpt":{"rendered":"<p>Bikeleasing-Vorteile f\u00fcr Ihr Unternehmen Gesundheit f\u00f6rdern Nachhaltigkeit f\u00f6rdern Mitarbeiter finden &amp; binden Null Kosten 100% kostenneutral. Egal, ob Kleinunternehmen oder Gro\u00dfkonzern \u2013 Sie als Arbeitgeber tragen bei Bikeleasing grunds\u00e4tzlich keine [&#8230;]<\/p>\n","protected":false},"author":1,"featured_media":0,"parent":0,"menu_order":0,"comment_status":"closed","ping_status":"closed","template":"","meta":{"_et_pb_use_builder":"on","_et_pb_old_content":"<section class=\"comp-banner--usp maingrid-item--span-fullwidth\"><div class=\"maingrid\"><h2 class=\"text-center\">Bikeleasing-Vorteile f\u00fcr Ihr Unternehmen<\/h2><\/div><div class=\"maingrid bg-primary-background-grey\"><ul class=\"comp-banner--usp__shorts\"><li class=\"comp-banner--usp__shorts__title\">Gesundheit f\u00f6rdern<\/li><li class=\"comp-banner--usp__shorts__title\">Nachhaltigkeit f\u00f6rdern<\/li><li class=\"comp-banner--usp__shorts__title\">Mitarbeiter finden & binden<\/li><\/ul><div class=\"maingrid-item--span-fullwidth\"><hr class=\"comp-banner--usp__divider\" \/><\/div><div class=\"comp-banner--usp-content-wrapper\"><div class=\"comp-usp-tile purple-accent\"><div class=\"comp-image \"><img src=\"https:\/\/files.bikeleasing.de\/Icons\/SVG\/Weiss\/gut_einfach_check.svg\" alt=\"\" width=\"50\" height=\"50\" \/><\/div><p class=\"comp-usp-tile__title\">Null Kosten<\/p><p class=\"comp-usp-tile__text mt-0\">100% kostenneutral. Egal, ob Kleinunternehmen oder Gro\u00dfkonzern \u2013 Sie als Arbeitgeber tragen bei Bikeleasing grunds\u00e4tzlich keine Kosten.<\/p><\/div><div class=\"comp-usp-tile purple-accent\"><div class=\"comp-image \"><img src=\"https:\/\/files.bikeleasing.de\/Icons\/SVG\/Weiss\/sicherheit_datenschutz.svg\" alt=\"\" width=\"50\" height=\"50\" \/><\/div><p class=\"comp-usp-tile__title\">Null Risiko<\/p><p class=\"comp-usp-tile__text mt-0\">K\u00fcndigung, Krankheit oder Elternzeit Ihrer Mitarbeiter? Unsere Arbeitgeber-Absicherung ist immer dabei und erspart Ihnen jegliche Risiken.<\/p><\/div><div class=\"comp-usp-tile purple-accent\"><div class=\"comp-image \"><img src=\"https:\/\/files.bikeleasing.de\/Icons\/SVG\/Weiss\/service.svg\" alt=\"\" width=\"50\" height=\"50\" \/><\/div><p class=\"comp-usp-tile__title\">Minimaler Aufwand<\/p><p class=\"comp-usp-tile__text mt-0\">Unternehmen registrieren, Rahmenvertr\u00e4ge abschlie\u00dfen und Mitarbeiter informieren \u2013 dank unserem Online-Portal geht das ganz bequem und um alles andere k\u00fcmmern wir uns.<\/p><\/div><div class=\"comp-usp-tile purple-accent\"><div class=\"comp-image \"><img src=\"https:\/\/files.bikeleasing.de\/Icons\/SVG\/Weiss\/einfach_beliebt_favorit.svg\" alt=\"\" width=\"50\" height=\"50\" \/><\/div><p class=\"comp-usp-tile__title\">Maximaler Benefit<\/p><p class=\"comp-usp-tile__text mt-0\">Ihr Unternehmen: nachhaltig und attraktiv als Arbeitgeber. Ihr Team: gesund und mobil mit dem Dienstrad. Egal, ob Mountainbike, E-Bike oder Lastenrad.<\/p><\/div><\/div><\/div><\/section><div id=\"youTubeVideoConsent3450\"><div class=\"maingrid\"><h2 class=\"text-center\">Jetzt mit Bikeleasing durchstarten<\/h2><\/div><div id=\"3450\" class=\"comp-youtube-video  is--mounted\" data-component=\"YoutubeVideo\" data-video-id=\"5IksA53c84o\" data-video-width=\"2048\" data-video-height=\"1152\" data-hide-controls=\"\" data-autoplay=\"\" data-loop=\"\" data-initialized=\"true\"><div class=\"comp-image placeholder-image\"><img title=\"Bikeleasing f\u00fcr Arbeitgeber \u2013 Arbeitgeber werden Fahrradgeber\" src=\"https:\/\/files.bikeleasing.de\/_processed_\/1\/8\/csm_Bikeleasing_fuer_Arbeitgeber_-_Arbeitgeber_werden_Fahrradgeber_01_5cba31d292.png\" sizes=\"100vw\" srcset=\"https:\/\/files.bikeleasing.de\/_processed_\/1\/8\/csm_Bikeleasing_fuer_Arbeitgeber_-_Arbeitgeber_werden_Fahrradgeber_01_2ee420bc7f.png 385w, https:\/\/files.bikeleasing.de\/_processed_\/1\/8\/csm_Bikeleasing_fuer_Arbeitgeber_-_Arbeitgeber_werden_Fahrradgeber_01_db10a4b304.png 500w, https:\/\/files.bikeleasing.de\/_processed_\/1\/8\/csm_Bikeleasing_fuer_Arbeitgeber_-_Arbeitgeber_werden_Fahrradgeber_01_00150b888e.png 600w, https:\/\/files.bikeleasing.de\/_processed_\/1\/8\/csm_Bikeleasing_fuer_Arbeitgeber_-_Arbeitgeber_werden_Fahrradgeber_01_5af5c11e91.png 700w, https:\/\/files.bikeleasing.de\/_processed_\/1\/8\/csm_Bikeleasing_fuer_Arbeitgeber_-_Arbeitgeber_werden_Fahrradgeber_01_35bfd48f36.png 900w, https:\/\/files.bikeleasing.de\/_processed_\/1\/8\/csm_Bikeleasing_fuer_Arbeitgeber_-_Arbeitgeber_werden_Fahrradgeber_01_623c4b5b3f.png 1024w, https:\/\/files.bikeleasing.de\/_processed_\/1\/8\/csm_Bikeleasing_fuer_Arbeitgeber_-_Arbeitgeber_werden_Fahrradgeber_01_2ffc5f9569.png 1200w, https:\/\/files.bikeleasing.de\/_processed_\/1\/8\/csm_Bikeleasing_fuer_Arbeitgeber_-_Arbeitgeber_werden_Fahrradgeber_01_51aecaf3c3.png 1400w, https:\/\/files.bikeleasing.de\/_processed_\/1\/8\/csm_Bikeleasing_fuer_Arbeitgeber_-_Arbeitgeber_werden_Fahrradgeber_01_b8e86d348d.png 1800w, https:\/\/files.bikeleasing.de\/_processed_\/1\/8\/csm_Bikeleasing_fuer_Arbeitgeber_-_Arbeitgeber_werden_Fahrradgeber_01_abb44bfc3c.png 2000w, https:\/\/files.bikeleasing.de\/_processed_\/1\/8\/csm_Bikeleasing_fuer_Arbeitgeber_-_Arbeitgeber_werden_Fahrradgeber_01_5cba31d292.png 1920w\" alt=\"\" width=\"1920\" height=\"1080\" \/><\/div><div class=\"overlay d-flex justify-content-center align-items-center width-100 height-100\" data-navhide=\"\">\u00a0<\/div><\/div><\/div><div class=\"maingrid comp-teaser-container  default\"><header><h2 class=\"ce-headline-center\">Wie bringe ich mein Team aufs Dienstrad?<\/h2><\/header><div class=\"comp-teaser--collection row mx-6 mx-m-0\"><div class=\"col-s-6 col-xl col-m-4 px-xl-5\" data-step=\"1\"><span id=\"c2625\"><\/span><div class=\"comp-teaser--collection-item borderradius-10 d-flex flex-column height-100 width-100\" data-component=\"TeaserCard\" data-initialized=\"true\"><div class=\"comp-teaser--collection-item-textbox\"><div class=\"d-flex\"><strong class=\"comp-teaser--collection-item-title font-semibold\">Super! Wir sind Ihr Partner<\/strong><\/div><p>Sie interessieren sich f\u00fcr den Bikeleasing-Service. Super! Wir informieren Sie gerne unverbindlich mit erstem Info-Material.<\/p><\/div><div class=\"js_step-container step-container step-container-bg-green\"><span class=\"js_step-container-number step-container-number\">1<\/span><\/div><\/div><\/div><div class=\"col-s-6 col-xl col-m-4 px-xl-5\" data-step=\"2\"><span id=\"c2624\"><\/span><div class=\"comp-teaser--collection-item borderradius-10 d-flex flex-column height-100 width-100\" data-component=\"TeaserCard\" data-initialized=\"true\"><div class=\"comp-teaser--collection-item-textbox\"><div class=\"d-flex\"><strong class=\"comp-teaser--collection-item-title font-semibold\">Sie melden Ihr Unternehmen an<\/strong><\/div><p>\u00dcberzeugt? Dann registrieren Sie sich, unterzeichnen die Bikeleasing-Unterlagen und schon kann es losgehen.<\/p><\/div><div class=\"js_step-container step-container step-container-bg-grey\"><span class=\"js_step-container-number step-container-number\">2<\/span><\/div><\/div><\/div><div class=\"col-s-6 col-xl col-m-4 px-xl-5\" data-step=\"3\"><span id=\"c2623\"><\/span><div class=\"comp-teaser--collection-item borderradius-10 d-flex flex-column height-100 width-100\" data-component=\"TeaserCard\" data-initialized=\"true\"><div class=\"comp-teaser--collection-item-textbox\"><div class=\"d-flex\"><strong class=\"comp-teaser--collection-item-title font-semibold\">Ihr Team sucht aus<\/strong><\/div><p>Ihr Team erh\u00e4lt den Zugang zu unserem Online-Portal und alle Infos rund ums Dienstrad-Leasing.<\/p><\/div><div class=\"js_step-container step-container step-container-bg-grey\"><span class=\"js_step-container-number step-container-number\">3<\/span><\/div><\/div><\/div><div class=\"col-s-6 col-xl col-m-4 px-xl-5\" data-step=\"4\"><span id=\"c2622\"><\/span><div class=\"comp-teaser--collection-item borderradius-10 d-flex flex-column height-100 width-100\" data-component=\"TeaserCard\" data-initialized=\"true\"><div class=\"comp-teaser--collection-item-textbox\"><div class=\"d-flex\"><strong class=\"comp-teaser--collection-item-title font-semibold\">Ihre Mitarbeiter radeln los<\/strong><\/div><p>Ihre Mitarbeiter bestellen ein Wunschrad, Sie geben den Vertrag frei. Das Dienstrad wird direkt an die Nutzer ausgeh\u00e4ndigt. Fertig!<\/p><\/div><div class=\"js_step-container step-container step-container-bg-grey\"><span class=\"js_step-container-number step-container-number\">4<\/span><\/div><\/div><\/div><\/div><\/div><section class=\"tabs tabs--2 maingrid-item--span-fullwidth bg-accent-background-purple\" data-component=\"Tabelement\" data-initialized=\"true\"><div class=\"maingrid\"><h2 class=\"text-center\">Vertragsunterlagen f\u00fcr Arbeitgeber anfordern<\/h2><h3 class=\"text-center\">Sichern Sie sich die Vertragsunterlagen, um Dienstrad-Leasing f\u00fcr Ihre Mitarbeitenden einzuf\u00fchren.<\/h3><div class=\"maingrid container-box-shadow-mobile\"><div class=\"tabs-pagination js_tabs-pagination\" role=\"tablist\"><div class=\"tabs-pagination-col\"><button id=\"c5019-1\" class=\"tabs-pagination-tab tab-index-0 js_tabs-pagination-tab\" role=\"tab\" type=\"button\" aria-selected=\"true\" aria-controls=\"tabpanel-c5019-0\" data-controls=\"imgpanel-c5019-0\">Vertragsunterlagen f\u00fcr Arbeitgeber<\/button><\/div><div class=\"tabs-pagination-col\"><button id=\"c5019-2\" class=\"tabs-pagination-tab tab-index-1 js_tabs-pagination-tab\" tabindex=\"-1\" role=\"tab\" type=\"button\" aria-selected=\"false\" aria-controls=\"tabpanel-c5019-1\" data-controls=\"imgpanel-c5019-1\">Informationen f\u00fcr Arbeitgeber<\/button><\/div><\/div><div class=\"tabs-container js_tabs-container\"><div class=\"tabs-container-imageslider\"><div class=\"tabs-container-imagewrapper\"><img id=\"imgpanel-c5019-0\" class=\"tabs-container-main-image is-active goto-left\" title=\"Vertragsunterlagen f\u00fcr Arbeitgeber anfordern\" src=\"https:\/\/files.bikeleasing.de\/_processed_\/8\/6\/csm_arbeitgeber-registrierungsformular-vertrag-6_b7ef7187f7.jpg\" alt=\"Ein Vertrag liegt auf dem Tisch, H\u00e4nde zeigen mit Stiften auf den Vertrag.\" width=\"650\" height=\"650\" \/><img class=\"tabs-container-brand-image\" src=\"https:\/\/bikeleasing.de\/_assets\/12ecccfe9186b84b10b2cda53d4b5e65\/Images\/icon-B.png\" alt=\"\" width=\"111\" height=\"101\" \/><img id=\"imgpanel-c5019-1\" class=\"tabs-container-main-image is-hidden goto-right\" title=\"Vertragsunterlagen f\u00fcr Arbeitgeber anfordern\" src=\"https:\/\/files.bikeleasing.de\/_processed_\/1\/e\/csm_arbeitgeber-registrierungsformular-informationen-1_8fca605f53.jpg\" alt=\"Weibliche Person betrachtet Unterlagen, die sie in der Hand h\u00e4lt.\" width=\"650\" height=\"650\" \/><img class=\"tabs-container-brand-image\" src=\"https:\/\/bikeleasing.de\/_assets\/12ecccfe9186b84b10b2cda53d4b5e65\/Images\/icon-B.png\" alt=\"\" width=\"111\" height=\"101\" \/><\/div><\/div><div id=\"tabpanel-c5019-0\" class=\"tabs-container-panel\" tabindex=\"0\" role=\"tabpanel\" aria-labelledby=\"c5019-1\"><div class=\"tabs-container-panel-col\"><div id=\"c5017\" class=\"frame frame-default frame-type-form_formframework  frame-layout-0\" data-ajax-form-link=\"https:\/\/bikeleasing.de\/arbeitgeber?form_id=5017&tx_form_formframework%5Baction%5D=perform&tx_form_formframework%5Bcontroller%5D=FormFrontend&type=1439553600&cHash=576a3bb7aa1cb02e490e9ed1e261c927#employerregistrationform2024-5017\" data-form-page-link=\"https:\/\/bikeleasing.de\/arbeitgeber?form_id=5017&type=1439553600&cHash=884b32941931128960ec1d4645b9acae\"><header><h3 class=\"\">Vertragsunterlagen f\u00fcr Arbeitgeber anfordern<\/h3><\/header><\/div><\/div><\/div><\/div><\/div><\/div><\/section>","_et_gb_content_width":"","om_disable_all_campaigns":false,"_monsterinsights_skip_tracking":false,"_monsterinsights_sitenote_active":false,"_monsterinsights_sitenote_note":"","_monsterinsights_sitenote_category":0,"footnotes":""},"class_list":["post-4781","page","type-page","status-publish","hentry"],"_links":{"self":[{"href":"https:\/\/pearl-cycles.com\/index.php?rest_route=\/wp\/v2\/pages\/4781","targetHints":{"allow":["GET"]}}],"collection":[{"href":"https:\/\/pearl-cycles.com\/index.php?rest_route=\/wp\/v2\/pages"}],"about":[{"href":"https:\/\/pearl-cycles.com\/index.php?rest_route=\/wp\/v2\/types\/page"}],"author":[{"embeddable":true,"href":"https:\/\/pearl-cycles.com\/index.php?rest_route=\/wp\/v2\/users\/1"}],"replies":[{"embeddable":true,"href":"https:\/\/pearl-cycles.com\/index.php?rest_route=%2Fwp%2Fv2%2Fcomments&post=4781"}],"version-history":[{"count":6,"href":"https:\/\/pearl-cycles.com\/index.php?rest_route=\/wp\/v2\/pages\/4781\/revisions"}],"predecessor-version":[{"id":14724,"href":"https:\/\/pearl-cycles.com\/index.php?rest_route=\/wp\/v2\/pages\/4781\/revisions\/14724"}],"wp:attachment":[{"href":"https:\/\/pearl-cycles.com\/index.php?rest_route=%2Fwp%2Fv2%2Fmedia&parent=4781"}],"curies":[{"name":"wp","href":"https:\/\/api.w.org\/{rel}","templated":true}]}}