{"id":4893,"date":"2025-09-27T15:33:23","date_gmt":"2025-09-27T15:33:23","guid":{"rendered":"https:\/\/pearl-cycles.com\/versand\/"},"modified":"2025-12-28T20:14:50","modified_gmt":"2025-12-28T20:14:50","slug":"versand","status":"publish","type":"page","link":"https:\/\/pearl-cycles.com\/?page_id=4893&lang=de","title":{"rendered":"VERSAND"},"content":{"rendered":"<h1>Versandrichtlinien<\/h1>\n<p><b><strong>VERSANDRICHTLINIEN<\/strong><\/b><\/p>\n<p>Alle Bestellungen haben eine Bearbeitungszeit von 1-3 Werktagen, bevor sie versendet werden, sofern auf der Produktseite nichts anderes angegeben ist (z. B. vorbestellte Produkte oder Produkte mit auf der Produktseite angegebener Lieferzeit).<\/p>\n<p>Wir versenden von mehreren Lagern aus, die alle unterschiedliche Versand- und Bearbeitungszeiten zwischen 1-4 Tagen haben.<\/p>\n<p>Die Versandkosten f\u00fcr deine Bestellung werden an der Kasse berechnet und angezeigt.<\/p>\n<p>Kostenloser Versand innerhalb der kontinentalen Vereinigten Staaten ist f\u00fcr Bestellungen \u00fcber 79 \u20ac verf\u00fcgbar. Um unser kostenloses Versandangebot zu nutzen, w\u00e4hlen Sie bitte die Option &#8220;Kostenloser Versand \u00fcber 79 \u20ac&#8221; an der Kasse. Es stehen auch andere Versandoptionen zur Verf\u00fcgung, f\u00fcr die Sie eine Versandgeb\u00fchr entrichten m\u00fcssen.  <\/p>\n<p><b><strong><br \/>\nINTERNATIONALER VERSAND<\/strong><\/b><\/p>\n<p>Wenn sich Ihre Lieferadresse au\u00dferhalb der EU befindet, k\u00f6nnen f\u00fcr Ihre Bestellung bei der Lieferung zus\u00e4tzliche Zollgeb\u00fchren, Steuern, Z\u00f6lle oder Abgaben anfallen. Diese Geb\u00fchren sind nicht in den Versandkosten enthalten und liegen in der Verantwortung des Kunden. Bitte erkundigen Sie sich beim Zollamt Ihres Landes, um zu erfahren, welche zus\u00e4tzlichen Kosten vor der Bestellung anfallen.  <\/p>\n<p><b><strong><br \/>\nWIE \u00dcBERPR\u00dcFE ICH DEN STATUS MEINER BESTELLUNG?<\/strong><\/b><\/p>\n<p>Sobald deine Bestellung versandt wurde, erh\u00e4ltst du eine E-Mail-Benachrichtigung von uns, die eine Sendungsverfolgungsnummer enth\u00e4lt, mit der du den Status \u00fcberpr\u00fcfen kannst. Bitte gib der Sendungsverfolgung 48 Stunden Zeit, um verf\u00fcgbar zu werden. <\/p>\n<p>Wenn Sie Ihre Bestellung nicht innerhalb von 7 Tagen nach Erhalt Ihrer Versandbest\u00e4tigungs-E-Mail erhalten haben, kontaktieren Sie uns bitte unter info@pearl-cycles.com mit Ihrem Namen und Ihrer Bestellnummer, und wir werden der Sache f\u00fcr Sie nachgehen.<\/p>\n<p>Wenn Sie weitere Fragen haben, z\u00f6gern Sie bitte nicht, uns unter info@pearl-cycles.com zu kontaktieren.<\/p>\n<p>Danke!<\/p>\n","protected":false},"excerpt":{"rendered":"<p>Versandrichtlinien VERSANDRICHTLINIEN Alle Bestellungen haben eine Bearbeitungszeit von 1-3 Werktagen, bevor sie versendet werden, sofern auf der Produktseite nichts anderes angegeben ist (z. B. vorbestellte Produkte oder Produkte mit auf [&#8230;]<\/p>\n","protected":false},"author":1,"featured_media":0,"parent":0,"menu_order":0,"comment_status":"closed","ping_status":"closed","template":"","meta":{"_et_pb_use_builder":"on","_et_pb_old_content":"","_et_gb_content_width":"","om_disable_all_campaigns":false,"_monsterinsights_skip_tracking":false,"_monsterinsights_sitenote_active":false,"_monsterinsights_sitenote_note":"","_monsterinsights_sitenote_category":0,"footnotes":""},"class_list":["post-4893","page","type-page","status-publish","hentry"],"_links":{"self":[{"href":"https:\/\/pearl-cycles.com\/index.php?rest_route=\/wp\/v2\/pages\/4893","targetHints":{"allow":["GET"]}}],"collection":[{"href":"https:\/\/pearl-cycles.com\/index.php?rest_route=\/wp\/v2\/pages"}],"about":[{"href":"https:\/\/pearl-cycles.com\/index.php?rest_route=\/wp\/v2\/types\/page"}],"author":[{"embeddable":true,"href":"https:\/\/pearl-cycles.com\/index.php?rest_route=\/wp\/v2\/users\/1"}],"replies":[{"embeddable":true,"href":"https:\/\/pearl-cycles.com\/index.php?rest_route=%2Fwp%2Fv2%2Fcomments&post=4893"}],"version-history":[{"count":2,"href":"https:\/\/pearl-cycles.com\/index.php?rest_route=\/wp\/v2\/pages\/4893\/revisions"}],"predecessor-version":[{"id":12325,"href":"https:\/\/pearl-cycles.com\/index.php?rest_route=\/wp\/v2\/pages\/4893\/revisions\/12325"}],"wp:attachment":[{"href":"https:\/\/pearl-cycles.com\/index.php?rest_route=%2Fwp%2Fv2%2Fmedia&parent=4893"}],"curies":[{"name":"wp","href":"https:\/\/api.w.org\/{rel}","templated":true}]}}