{"id":5581,"date":"2025-08-03T10:59:35","date_gmt":"2025-08-03T10:59:35","guid":{"rendered":"https:\/\/pearl-cycles.com\/aviso-legal\/"},"modified":"2025-12-24T22:25:50","modified_gmt":"2025-12-24T22:25:50","slug":"aviso-legal","status":"publish","type":"page","link":"https:\/\/pearl-cycles.com\/?page_id=5581&lang=es","title":{"rendered":"AVISO LEGAL"},"content":{"rendered":"<p><strong>Aviso legal<\/strong><\/p>\n<p>Informaci\u00f3n conforme al \u00a7 5 TMG:<\/p>\n<p>Pearl Cycles<br \/>\nBarmbeker Str 9a<br \/>\n22303 Hamburgo<br \/>\nAlemania<\/p>\n<p><strong>Contacto:<\/strong><br \/>\nTel\u00e9fono: +49 (0)174 6106928<br \/>\nCorreo electr\u00f3nico: info@pearl-cycles.com<br \/>\nSitio web: www.pearl-cycles.com<\/p>\n<p><strong>Representado por:<\/strong><br \/>\nRoger Tanner<\/p>\n<p><strong>Inscripci\u00f3n en el registro:<\/strong><br \/>\nJuzgado de Primera Instancia de Hamburgo<br \/>\nN\u00famero de registro: HRB 1177453<br \/>\nN\u00famero de identificaci\u00f3n fiscal: 9156\/137\/90176<\/p>\n<p><strong>N\u00famero de identificaci\u00f3n a efectos del IVA seg\u00fan el art\u00edculo 27a de la Ley del Impuesto sobre el Volumen de Negocio:<\/strong><br \/>\n[USt-ID]<\/p>\n<p>&nbsp;<\/p>\n","protected":false},"excerpt":{"rendered":"<p>Aviso legal Informaci\u00f3n conforme al \u00a7 5 TMG: Pearl Cycles Barmbeker Str 9a 22303 Hamburgo Alemania Contacto: Tel\u00e9fono: +49 (0)174 6106928 Correo electr\u00f3nico: info@pearl-cycles.com Sitio web: www.pearl-cycles.com Representado por: Roger Tanner Inscripci\u00f3n en el registro: Juzgado de Primera Instancia de Hamburgo N\u00famero de registro: HRB 1177453 N\u00famero de identificaci\u00f3n fiscal: 9156\/137\/90176 N\u00famero de identificaci\u00f3n a [&hellip;]<\/p>\n","protected":false},"author":1,"featured_media":0,"parent":0,"menu_order":0,"comment_status":"closed","ping_status":"closed","template":"","meta":{"_et_pb_use_builder":"","_et_pb_old_content":"","_et_gb_content_width":"","om_disable_all_campaigns":false,"_monsterinsights_skip_tracking":false,"_monsterinsights_sitenote_active":false,"_monsterinsights_sitenote_note":"","_monsterinsights_sitenote_category":0,"footnotes":""},"class_list":["post-5581","page","type-page","status-publish","hentry"],"aioseo_notices":[],"_links":{"self":[{"href":"https:\/\/pearl-cycles.com\/index.php?rest_route=\/wp\/v2\/pages\/5581","targetHints":{"allow":["GET"]}}],"collection":[{"href":"https:\/\/pearl-cycles.com\/index.php?rest_route=\/wp\/v2\/pages"}],"about":[{"href":"https:\/\/pearl-cycles.com\/index.php?rest_route=\/wp\/v2\/types\/page"}],"author":[{"embeddable":true,"href":"https:\/\/pearl-cycles.com\/index.php?rest_route=\/wp\/v2\/users\/1"}],"replies":[{"embeddable":true,"href":"https:\/\/pearl-cycles.com\/index.php?rest_route=%2Fwp%2Fv2%2Fcomments&post=5581"}],"version-history":[{"count":1,"href":"https:\/\/pearl-cycles.com\/index.php?rest_route=\/wp\/v2\/pages\/5581\/revisions"}],"predecessor-version":[{"id":9987,"href":"https:\/\/pearl-cycles.com\/index.php?rest_route=\/wp\/v2\/pages\/5581\/revisions\/9987"}],"wp:attachment":[{"href":"https:\/\/pearl-cycles.com\/index.php?rest_route=%2Fwp%2Fv2%2Fmedia&parent=5581"}],"curies":[{"name":"wp","href":"https:\/\/api.w.org\/{rel}","templated":true}]}}