{"id":5791,"date":"2025-09-27T15:33:23","date_gmt":"2025-09-27T15:33:23","guid":{"rendered":"https:\/\/pearl-cycles.com\/envio\/"},"modified":"2026-04-23T23:34:03","modified_gmt":"2026-04-23T23:34:03","slug":"envio","status":"publish","type":"page","link":"https:\/\/pearl-cycles.com\/?page_id=5791&lang=es","title":{"rendered":"ENV\u00cdO"},"content":{"rendered":"<p>[et_pb_section fb_built=&#8221;1&#8243; fullwidth=&#8221;on&#8221; _builder_version=&#8221;4.27.5&#8243; _module_preset=&#8221;default&#8221; global_colors_info=&#8221;{}&#8221;][et_pb_fullwidth_image src=&#8221;https:\/\/pearl-cycles.com\/wp-content\/uploads\/2025\/12\/IMG_8132-rotated.jpg&#8221; title_text=&#8221;IMG_8132&#8243; _builder_version=&#8221;4.27.5&#8243; _module_preset=&#8221;default&#8221; global_colors_info=&#8221;{}&#8221;][\/et_pb_fullwidth_image][\/et_pb_section][et_pb_section fb_built=&#8221;1&#8243; admin_label=&#8221;section&#8221; _builder_version=&#8221;4.16&#8243; global_colors_info=&#8221;{}&#8221;][et_pb_row admin_label=&#8221;fila&#8221; _builder_version=&#8221;4.16&#8243; background_size=&#8221;initial&#8221; background_position=&#8221;top_left&#8221; background_repeat=&#8221;repeat&#8221; global_colors_info=&#8221;{}&#8221;][et_pb_column type=&#8221;4_4&#8243; _builder_version=&#8221;4.16&#8243; custom_padding=&#8221;|||&#8221; global_colors_info=&#8221;{}&#8221; custom_padding__hover=&#8221;|||&#8221;][et_pb_text admin_label=&#8221;Text&#8221; _builder_version=&#8221;4.27.5&#8243; background_size=&#8221;initial&#8221; background_position=&#8221;top_left&#8221; background_repeat=&#8221;repeat&#8221; global_colors_info=&#8221;{}&#8221;]<\/p>\n<h1>Pol\u00edtica de env\u00edo<\/h1>\n<p>&nbsp;<\/p>\n<p>Todos los pedidos tienen un tiempo de procesamiento de 1 a 3 d\u00edas h\u00e1biles antes de ser enviados, a menos que se indique lo contrario en la p\u00e1gina del producto (por ejemplo, productos reservados o productos con un plazo de entrega indicado en la p\u00e1gina del producto).<\/p>\n<p>Realizamos env\u00edos desde varios almacenes, y todos ellos tienen variaciones en el tiempo de env\u00edo y procesamiento de entre 1 y 4 d\u00edas.<\/p>\n<p>Los gastos de env\u00edo de tu pedido se calcular\u00e1n y mostrar\u00e1n al finalizar la compra.<\/p>\n<p>El env\u00edo gratuito dentro de los Estados Unidos continentales est\u00e1 disponible para pedidos superiores a 79 \u20ac. Para aprovechar nuestra oferta de env\u00edo gratuito, selecciona la opci\u00f3n \u201cEnv\u00edo gratuito para pedidos superiores a 79 \u20ac\u201d al finalizar la compra. Tambi\u00e9n hay otras opciones de env\u00edo disponibles por las que deber\u00e1s pagar una tarifa de env\u00edo.  <\/p>\n<p><b><strong><br \/>ENV\u00cdO INTERNACIONAL<\/strong><\/b><\/p>\n<p>Si tu direcci\u00f3n de env\u00edo est\u00e1 fuera de la UE, tu pedido puede estar sujeto a tasas aduaneras, impuestos o aranceles adicionales en el momento de la entrega. Estas tasas no est\u00e1n incluidas en el coste de env\u00edo y son responsabilidad del cliente. Consulta con la oficina de aduanas de tu pa\u00eds para determinar cu\u00e1les ser\u00e1n estos costes adicionales antes de realizar tu pedido.  <\/p>\n<p><b><strong><br \/>\u00bfC\u00d3MO PUEDO VERIFICAR EL ESTADO DE MI PEDIDO?<\/strong><\/b><\/p>\n<p>Cuando tu pedido haya sido enviado, recibir\u00e1s una notificaci\u00f3n por correo electr\u00f3nico de nuestra parte que incluir\u00e1 un n\u00famero de seguimiento que puedes usar para verificar su estado. Espera 48 horas para que la informaci\u00f3n de seguimiento est\u00e9 disponible. <\/p>\n<p>Si no has recibido tu pedido en un plazo de 7 d\u00edas desde la recepci\u00f3n del correo electr\u00f3nico de confirmaci\u00f3n de env\u00edo, ponte en contacto con nosotros en info@pearl-cycles.com con tu nombre y n\u00famero de pedido, y lo investigaremos por ti.<\/p>\n<p>Si tienes alguna otra pregunta, no dudes en ponerte en contacto con nosotros en info@pearl-cycles.com<\/p>\n<p>\u00a1Gracias!<\/p>\n<p>[\/et_pb_text][\/et_pb_column][\/et_pb_row][\/et_pb_section]<\/p>\n","protected":false},"excerpt":{"rendered":"<p>Pol\u00edtica de env\u00edo &nbsp; Todos los pedidos tienen un tiempo de procesamiento de 1 a 3 d\u00edas h\u00e1biles antes de ser enviados, a menos que se indique lo contrario en [&#8230;]<\/p>\n","protected":false},"author":1,"featured_media":0,"parent":0,"menu_order":0,"comment_status":"closed","ping_status":"closed","template":"","meta":{"_et_pb_use_builder":"on","_et_pb_old_content":"","_et_gb_content_width":"","om_disable_all_campaigns":false,"_monsterinsights_skip_tracking":false,"_monsterinsights_sitenote_active":false,"_monsterinsights_sitenote_note":"","_monsterinsights_sitenote_category":0,"footnotes":""},"class_list":["post-5791","page","type-page","status-publish","hentry"],"aioseo_notices":[],"_links":{"self":[{"href":"https:\/\/pearl-cycles.com\/index.php?rest_route=\/wp\/v2\/pages\/5791","targetHints":{"allow":["GET"]}}],"collection":[{"href":"https:\/\/pearl-cycles.com\/index.php?rest_route=\/wp\/v2\/pages"}],"about":[{"href":"https:\/\/pearl-cycles.com\/index.php?rest_route=\/wp\/v2\/types\/page"}],"author":[{"embeddable":true,"href":"https:\/\/pearl-cycles.com\/index.php?rest_route=\/wp\/v2\/users\/1"}],"replies":[{"embeddable":true,"href":"https:\/\/pearl-cycles.com\/index.php?rest_route=%2Fwp%2Fv2%2Fcomments&post=5791"}],"version-history":[{"count":2,"href":"https:\/\/pearl-cycles.com\/index.php?rest_route=\/wp\/v2\/pages\/5791\/revisions"}],"predecessor-version":[{"id":16852,"href":"https:\/\/pearl-cycles.com\/index.php?rest_route=\/wp\/v2\/pages\/5791\/revisions\/16852"}],"wp:attachment":[{"href":"https:\/\/pearl-cycles.com\/index.php?rest_route=%2Fwp%2Fv2%2Fmedia&parent=5791"}],"curies":[{"name":"wp","href":"https:\/\/api.w.org\/{rel}","templated":true}]}}