{"id":6739,"date":"2025-11-01T14:19:11","date_gmt":"2025-11-01T14:19:11","guid":{"rendered":"https:\/\/pearl-cycles.com\/financia-una-bicicleta\/"},"modified":"2026-04-23T23:35:43","modified_gmt":"2026-04-23T23:35:43","slug":"financia-una-bicicleta","status":"publish","type":"page","link":"https:\/\/pearl-cycles.com\/?page_id=6739&lang=es","title":{"rendered":"FINANCIA UNA BICI"},"content":{"rendered":"<p>[et_pb_section fb_built=&#8221;1&#8243; admin_label=&#8221;Hero&#8221; _builder_version=&#8221;4.25.2&#8243; _module_preset=&#8221;default&#8221; use_background_color_gradient=&#8221;on&#8221; background_color_gradient_direction=&#8221;148deg&#8221; background_color_gradient_stops=&#8221;#ffffff 50%|rgba(255,255,255,0.85) 75%|rgba(255,255,255,0.36) 100%&#8221; background_color_gradient_overlays_image=&#8221;on&#8221; background_color_gradient_start=&#8221;rgba(0,0,0,0.5)&#8221; background_color_gradient_end=&#8221;rgba(0,0,0,0.75)&#8221; background_image=&#8221;https:\/\/images.unsplash.com\/photo-1634839528462-4f17edae4987?ixid=M3w1ODkyNzF8MHwxfHNlYXJjaHw3fHxjdXN0b20lMjByb2FkJTIwYmlrZXxlbnwwfDB8fHwxNzYyMDA2Njk0fDA&amp;ixlib=rb-4.1.0&amp;fm=webp&amp;fit=crop&amp;crop=entropy&amp;w=1920&amp;h=1080&amp;q=20&amp;dpr=2&#8243; custom_padding=&#8221;||||false|false&#8221; locked=&#8221;off&#8221; collapsed=&#8221;on&#8221; global_colors_info=&#8221;{}&#8221;][et_pb_row column_structure=&#8221;1_2,1_2&#8243; _builder_version=&#8221;4.24.2&#8243; _module_preset=&#8221;5138c454-be54-4233-bd3b-f8e6a8747976&#8243; locked=&#8221;off&#8221; global_colors_info=&#8221;{}&#8221;][et_pb_column type=&#8221;1_2&#8243; _builder_version=&#8221;4.23.1&#8243; _module_preset=&#8221;73121f80-a3ef-4484-8763-c3f18e3c56d2&#8243; global_colors_info=&#8221;{}&#8221;][et_pb_heading title=&#8221;Sus ventajas con FINANCE a BIKE&#8221; _builder_version=&#8221;4.24.2&#8243; _module_preset=&#8221;f0c675ea-2574-4d0e-b725-30f8550a8550&#8243; title_font=&#8221;IBM Plex Sans|IBM Plex Sans Condensed_weight||on|||||&#8221; title_text_color=&#8221;#006d77&#8243; locked=&#8221;off&#8221; global_colors_info=&#8221;{%22#006d77%22:%91%22title_text_color%22%93}&#8221;][\/et_pb_heading][et_pb_heading title=&#8221;Cumpla su sue\u00f1o de tener una bicicleta&#8221; _builder_version=&#8221;4.24.2&#8243; _module_preset=&#8221;ddeb8c09-9078-4424-bc15-2efb6572e28e&#8221; title_font=&#8221;IBM Plex Sans Condensed|IBM Plex Sans Condensed_weight|||||||&#8221; locked=&#8221;off&#8221; global_colors_info=&#8221;{}&#8221;][\/et_pb_heading][et_pb_text _builder_version=&#8221;4.24.2&#8243; _module_preset=&#8221;2c55a9c4-feed-423b-9edb-ae0b5b365cac&#8221; text_font=&#8221;IBM Plex Sans|IBM Plex Sans_weight|||||||&#8221; link_font=&#8221;|IBM Plex Sans_weight|||||||&#8221; link_text_color=&#8221;#006d77&#8243; quote_font=&#8221;IBM Plex Sans Condensed|IBM Plex Sans Condensed_weight|||||||&#8221; header_font=&#8221;IBM Plex Sans Condensed|IBM Plex Sans Condensed_weight|||||||&#8221; header_2_font=&#8221;IBM Plex Sans Condensed|IBM Plex Sans Condensed_weight|||||||&#8221; header_3_font=&#8221;IBM Plex Sans Condensed|IBM Plex Sans Condensed_weight|||||||&#8221; header_4_font=&#8221;IBM Plex Sans Condensed|IBM Plex Sans Condensed_weight|||||||&#8221; header_5_font=&#8221;IBM Plex Sans Condensed|IBM Plex Sans Condensed_weight|||||||&#8221; header_6_font=&#8221;IBM Plex Sans Condensed|IBM Plex Sans Condensed_weight|||||||&#8221; locked=&#8221;off&#8221; global_colors_info=&#8221;{}&#8221;]<\/p>\n<p>Con FINANCE A BIKE puede llevarse su nueva bicicleta de ensue\u00f1o de inmediato y pagarla en c\u00f3modas cuotas. Benef\u00edciese de plazos flexibles y condiciones atractivas.<\/p>\n<p>[\/et_pb_text][et_pb_button button_text=&#8221;M\u00e1s informaci\u00f3n&#8221; _builder_version=&#8221;4.24.2&#8243; _module_preset=&#8221;1bffc0fc-42a0-49d1-bd9a-ae3ade2d7206&#8243; button_bg_color=&#8221;#83c5be&#8221; button_font=&#8221;IBM Plex Sans|700|||||||&#8221; locked=&#8221;off&#8221; global_colors_info=&#8221;{%22#83c5be%22:%91%22button_bg_color%22%93}&#8221;][\/et_pb_button][\/et_pb_column][et_pb_column type=&#8221;1_2&#8243; _builder_version=&#8221;4.23.1&#8243; _module_preset=&#8221;73121f80-a3ef-4484-8763-c3f18e3c56d2&#8243; global_colors_info=&#8221;{}&#8221;][et_pb_image src=&#8221;https:\/\/images.unsplash.com\/photo-1671179761268-e89e1acc8865?ixid=M3w1ODkyNzF8MHwxfHNlYXJjaHw4fHxncmF2ZWwlMjBiaWtlJTIwYWR2ZW50dXJlfGVufDB8MXx8fDE3NjIwMDY2OTV8MA&amp;ixlib=rb-4.1.0&amp;fm=webp&amp;fit=crop&amp;crop=entropy&amp;w=800&amp;h=1080&amp;q=20&amp;dpr=2&#8243; title_text=&#8221;800&#215;1080&#8243; _builder_version=&#8221;4.25.2&#8243; _module_preset=&#8221;1cc6152f-565c-4c4d-b0c9-cf8c9576c341&#8243; box_shadow_style=&#8221;preset4&#8243; box_shadow_horizontal=&#8221;0px&#8221; box_shadow_vertical=&#8221;24px&#8221; box_shadow_blur=&#8221;72px&#8221; box_shadow_spread=&#8221;-12px&#8221; locked=&#8221;off&#8221; global_colors_info=&#8221;{}&#8221;][\/et_pb_image][\/et_pb_column][\/et_pb_row][\/et_pb_section][et_pb_section fb_built=&#8221;1&#8243; admin_label=&#8221;Features&#8221; _builder_version=&#8221;4.17.6&#8243; _module_preset=&#8221;default&#8221; locked=&#8221;off&#8221; collapsed=&#8221;on&#8221; global_colors_info=&#8221;{}&#8221;][et_pb_row _builder_version=&#8221;4.17.6&#8243; _module_preset=&#8221;5138c454-be54-4233-bd3b-f8e6a8747976&#8243; locked=&#8221;off&#8221; global_colors_info=&#8221;{}&#8221;][et_pb_column type=&#8221;4_4&#8243; _builder_version=&#8221;4.17.3&#8243; _module_preset=&#8221;73121f80-a3ef-4484-8763-c3f18e3c56d2&#8243; global_colors_info=&#8221;{}&#8221;][et_pb_heading title=&#8221;\u00bfPor qu\u00e9 FINANCE a BIKE?&#8221; _builder_version=&#8221;4.24.2&#8243; _module_preset=&#8221;c33f07d9-41e0-421a-8799-5799df695cce&#8221; title_font=&#8221;IBM Plex Sans Condensed|IBM Plex Sans Condensed_weight|||||||&#8221; title_text_align=&#8221;center&#8221; locked=&#8221;off&#8221; global_colors_info=&#8221;{}&#8221;][\/et_pb_heading][et_pb_text _builder_version=&#8221;4.24.3&#8243; _module_preset=&#8221;2c55a9c4-feed-423b-9edb-ae0b5b365cac&#8221; text_font=&#8221;IBM Plex Sans|IBM Plex Sans_weight|||||||&#8221; link_font=&#8221;|IBM Plex Sans_weight|||||||&#8221; link_text_color=&#8221;#006d77&#8243; quote_font=&#8221;IBM Plex Sans Condensed|IBM Plex Sans Condensed_weight|||||||&#8221; header_font=&#8221;IBM Plex Sans Condensed|IBM Plex Sans Condensed_weight|||||||&#8221; header_2_font=&#8221;IBM Plex Sans Condensed|IBM Plex Sans Condensed_weight|||||||&#8221; header_3_font=&#8221;IBM Plex Sans Condensed|IBM Plex Sans Condensed_weight|||||||&#8221; header_4_font=&#8221;IBM Plex Sans Condensed|IBM Plex Sans Condensed_weight|||||||&#8221; header_5_font=&#8221;IBM Plex Sans Condensed|IBM Plex Sans Condensed_weight|||||||&#8221; header_6_font=&#8221;IBM Plex Sans Condensed|IBM Plex Sans Condensed_weight|||||||&#8221; text_orientation=&#8221;center&#8221; max_width=&#8221;800px&#8221; module_alignment=&#8221;center&#8221; global_colors_info=&#8221;{}&#8221;]<\/p>\n<p>Descubra las ventajas de nuestra financiaci\u00f3n de bicicletas y d\u00e9 el primer paso hacia su nueva bicicleta.<\/p>\n<p>[\/et_pb_text][\/et_pb_column][\/et_pb_row][et_pb_row column_structure=&#8221;1_2,1_2&#8243; _builder_version=&#8221;4.24.2&#8243; _module_preset=&#8221;5138c454-be54-4233-bd3b-f8e6a8747976&#8243; max_width=&#8221;800px&#8221; global_colors_info=&#8221;{}&#8221;][et_pb_column type=&#8221;1_2&#8243; _builder_version=&#8221;4.17.3&#8243; _module_preset=&#8221;73121f80-a3ef-4484-8763-c3f18e3c56d2&#8243; global_colors_info=&#8221;{}&#8221;][et_pb_blurb title=&#8221;Privacidad financiera&#8221; use_icon=&#8221;on&#8221; font_icon=&#8221;\uf53c||fa||900&#8243; icon_color=&#8221;#006d77&#8243; icon_alignment=&#8221;center&#8221; _builder_version=&#8221;4.24.3&#8243; _module_preset=&#8221;212b201d-2c34-41bd-936c-851b7357d08b&#8221; header_font=&#8221;IBM Plex Sans Condensed|IBM Plex Sans Condensed_weight|||||||&#8221; body_font=&#8221;IBM Plex Sans|IBM Plex Sans_weight|||||||&#8221; body_link_text_color=&#8221;#006d77&#8243; background_mask_style=&#8221;diagonal-bars&#8221; text_orientation=&#8221;center&#8221; locked=&#8221;off&#8221; global_colors_info=&#8221;{%22#3c3a47%22:%91%22body_text_color%22,%22body_text_color%22%93,%22#0e0c19%22:%91%22header_text_color%22,%22header_text_color%22%93}&#8221;]<\/p>\n<p>Disfrute de total discreci\u00f3n: No es necesario indicar sus ingresos al distribuidor de bicicletas.<\/p>\n<p>[\/et_pb_blurb][\/et_pb_column][et_pb_column type=&#8221;1_2&#8243; _builder_version=&#8221;4.17.3&#8243; _module_preset=&#8221;73121f80-a3ef-4484-8763-c3f18e3c56d2&#8243; global_colors_info=&#8221;{}&#8221;][et_pb_blurb title=&#8221;R\u00e1pido y sencillo&#8221; use_icon=&#8221;on&#8221; font_icon=&#8221;\uf0a9||fa||900&#8243; icon_color=&#8221;#006d77&#8243; icon_alignment=&#8221;center&#8221; _builder_version=&#8221;4.24.3&#8243; _module_preset=&#8221;212b201d-2c34-41bd-936c-851b7357d08b&#8221; header_font=&#8221;IBM Plex Sans Condensed|IBM Plex Sans Condensed_weight|||||||&#8221; body_font=&#8221;IBM Plex Sans|IBM Plex Sans_weight|||||||&#8221; body_link_text_color=&#8221;#006d77&#8243; background_mask_style=&#8221;diagonal-bars&#8221; text_orientation=&#8221;center&#8221; locked=&#8221;off&#8221; global_colors_info=&#8221;{%22#3c3a47%22:%91%22body_text_color%22,%22body_text_color%22%93,%22#0e0c19%22:%91%22header_text_color%22,%22header_text_color%22%93}&#8221;]<\/p>\n<p>Experimente un proceso de solicitud totalmente digital sin papeleo. Ll\u00e9vese su bicicleta el mismo d\u00eda.<\/p>\n<p>[\/et_pb_blurb][\/et_pb_column][\/et_pb_row][et_pb_row column_structure=&#8221;1_2,1_2&#8243; _builder_version=&#8221;4.24.2&#8243; _module_preset=&#8221;5138c454-be54-4233-bd3b-f8e6a8747976&#8243; max_width=&#8221;800px&#8221; global_colors_info=&#8221;{}&#8221;][et_pb_column type=&#8221;1_2&#8243; _builder_version=&#8221;4.17.3&#8243; _module_preset=&#8221;73121f80-a3ef-4484-8763-c3f18e3c56d2&#8243; global_colors_info=&#8221;{}&#8221;][et_pb_blurb title=&#8221;Cuota constante&#8221; use_icon=&#8221;on&#8221; font_icon=&#8221;\uf0a9||fa||900&#8243; icon_color=&#8221;#006d77&#8243; icon_alignment=&#8221;center&#8221; _builder_version=&#8221;4.24.3&#8243; _module_preset=&#8221;212b201d-2c34-41bd-936c-851b7357d08b&#8221; header_font=&#8221;IBM Plex Sans Condensed|IBM Plex Sans Condensed_weight|||||||&#8221; body_font=&#8221;IBM Plex Sans|IBM Plex Sans_weight|||||||&#8221; body_link_text_color=&#8221;#006d77&#8243; background_mask_style=&#8221;diagonal-bars&#8221; text_orientation=&#8221;center&#8221; locked=&#8221;off&#8221; global_colors_info=&#8221;{%22#3c3a47%22:%91%22body_text_color%22,%22body_text_color%22%93,%22#0e0c19%22:%91%22header_text_color%22,%22header_text_color%22%93}&#8221;]<\/p>\n<p>Benef\u00edciese de cuotas constantes que permiten la compra de bicicletas de alta calidad.<\/p>\n<p>[\/et_pb_blurb][\/et_pb_column][et_pb_column type=&#8221;1_2&#8243; _builder_version=&#8221;4.17.3&#8243; _module_preset=&#8221;73121f80-a3ef-4484-8763-c3f18e3c56d2&#8243; global_colors_info=&#8221;{}&#8221;][et_pb_blurb title=&#8221;Total flexibilidad&#8221; use_icon=&#8221;on&#8221; font_icon=&#8221;\uf0a9||fa||900&#8243; icon_color=&#8221;#006d77&#8243; icon_alignment=&#8221;center&#8221; _builder_version=&#8221;4.24.3&#8243; _module_preset=&#8221;212b201d-2c34-41bd-936c-851b7357d08b&#8221; header_font=&#8221;IBM Plex Sans Condensed|IBM Plex Sans Condensed_weight|||||||&#8221; body_font=&#8221;IBM Plex Sans|IBM Plex Sans_weight|||||||&#8221; body_link_text_color=&#8221;#006d77&#8243; background_mask_style=&#8221;diagonal-bars&#8221; text_orientation=&#8221;center&#8221; locked=&#8221;off&#8221; global_colors_info=&#8221;{%22#3c3a47%22:%91%22body_text_color%22,%22body_text_color%22%93,%22#0e0c19%22:%91%22header_text_color%22,%22header_text_color%22%93}&#8221;]<\/p>\n<p>Aproveche en cualquier momento la posibilidad de reembolso gratuito y amortizaci\u00f3n anticipada.<\/p>\n<p>[\/et_pb_blurb][\/et_pb_column][\/et_pb_row][\/et_pb_section][et_pb_section fb_built=&#8221;1&#8243; admin_label=&#8221;Statistics&#8221; _builder_version=&#8221;4.24.3&#8243; _module_preset=&#8221;default&#8221; background_color=&#8221;#006d77&#8243; locked=&#8221;off&#8221; collapsed=&#8221;on&#8221; global_colors_info=&#8221;{%22#006d77%22:%91%22background_color%22%93}&#8221;][et_pb_row _builder_version=&#8221;4.18.0&#8243; _module_preset=&#8221;5138c454-be54-4233-bd3b-f8e6a8747976&#8243; global_colors_info=&#8221;{}&#8221;][et_pb_column type=&#8221;4_4&#8243; _builder_version=&#8221;4.17.3&#8243; _module_preset=&#8221;73121f80-a3ef-4484-8763-c3f18e3c56d2&#8243; global_colors_info=&#8221;{}&#8221;][et_pb_heading title=&#8221;El pr\u00e9stamo a plazos en resumen&#8221; _builder_version=&#8221;4.24.3&#8243; _module_preset=&#8221;c33f07d9-41e0-421a-8799-5799df695cce&#8221; title_font=&#8221;IBM Plex Sans Condensed|IBM Plex Sans Condensed_weight|||||||&#8221; title_text_align=&#8221;center&#8221; title_text_color=&#8221;#FFFFFF&#8221; global_colors_info=&#8221;{}&#8221;][\/et_pb_heading][\/et_pb_column][\/et_pb_row][et_pb_row column_structure=&#8221;1_3,1_3,1_3&#8243; _builder_version=&#8221;4.18.0&#8243; _module_preset=&#8221;5138c454-be54-4233-bd3b-f8e6a8747976&#8243; global_colors_info=&#8221;{}&#8221;][et_pb_column type=&#8221;1_3&#8243; _builder_version=&#8221;4.17.3&#8243; _module_preset=&#8221;73121f80-a3ef-4484-8763-c3f18e3c56d2&#8243; global_colors_info=&#8221;{}&#8221;][et_pb_number_counter title=&#8221;Importe del cr\u00e9dito&#8221; number=&#8221;100&#8243; percent_sign=&#8221;off&#8221; _builder_version=&#8221;4.24.3&#8243; _module_preset=&#8221;eb8e0a21-f73c-4e32-bc0c-e37d0ee934ba&#8221; title_font=&#8221;IBM Plex Sans Condensed|IBM Plex Sans Condensed_weight|||||||&#8221; number_font=&#8221;IBM Plex Sans|IBM Plex Sans_weight|||||||&#8221; text_orientation=&#8221;center&#8221; locked=&#8221;off&#8221; global_colors_info=&#8221;{}&#8221;][\/et_pb_number_counter][\/et_pb_column][et_pb_column type=&#8221;1_3&#8243; _builder_version=&#8221;4.17.3&#8243; _module_preset=&#8221;73121f80-a3ef-4484-8763-c3f18e3c56d2&#8243; global_colors_info=&#8221;{}&#8221;][et_pb_number_counter title=&#8221;Opciones de plazo&#8221; number=&#8221;100&#8243; percent_sign=&#8221;off&#8221; _builder_version=&#8221;4.24.2&#8243; _module_preset=&#8221;eb8e0a21-f73c-4e32-bc0c-e37d0ee934ba&#8221; title_font=&#8221;IBM Plex Sans Condensed|IBM Plex Sans Condensed_weight|||||||&#8221; number_font=&#8221;IBM Plex Sans|IBM Plex Sans_weight|||||||&#8221; text_orientation=&#8221;center&#8221; locked=&#8221;off&#8221; global_colors_info=&#8221;{}&#8221;][\/et_pb_number_counter][\/et_pb_column][et_pb_column type=&#8221;1_3&#8243; _builder_version=&#8221;4.17.3&#8243; _module_preset=&#8221;73121f80-a3ef-4484-8763-c3f18e3c56d2&#8243; global_colors_info=&#8221;{}&#8221;][et_pb_number_counter title=&#8221;Intereses atractivos&#8221; number=&#8221;100&#8243; percent_sign=&#8221;off&#8221; _builder_version=&#8221;4.24.2&#8243; _module_preset=&#8221;eb8e0a21-f73c-4e32-bc0c-e37d0ee934ba&#8221; title_font=&#8221;IBM Plex Sans Condensed|IBM Plex Sans Condensed_weight|||||||&#8221; number_font=&#8221;IBM Plex Sans|IBM Plex Sans_weight|||||||&#8221; text_orientation=&#8221;center&#8221; locked=&#8221;off&#8221; global_colors_info=&#8221;{}&#8221;][\/et_pb_number_counter][\/et_pb_column][\/et_pb_row][\/et_pb_section][et_pb_section fb_built=&#8221;1&#8243; admin_label=&#8221;Testimonials&#8221; _builder_version=&#8221;4.17.6&#8243; _module_preset=&#8221;default&#8221; locked=&#8221;off&#8221; collapsed=&#8221;on&#8221; global_colors_info=&#8221;{}&#8221;][et_pb_row _builder_version=&#8221;4.17.6&#8243; _module_preset=&#8221;5138c454-be54-4233-bd3b-f8e6a8747976&#8243; global_colors_info=&#8221;{}&#8221;][et_pb_column type=&#8221;4_4&#8243; _builder_version=&#8221;4.16&#8243; _module_preset=&#8221;73121f80-a3ef-4484-8763-c3f18e3c56d2&#8243; global_colors_info=&#8221;{}&#8221;][et_pb_heading title=&#8221;Experiencias de nuestros clientes&#8221; _builder_version=&#8221;4.24.3&#8243; _module_preset=&#8221;c33f07d9-41e0-421a-8799-5799df695cce&#8221; title_font=&#8221;IBM Plex Sans Condensed|IBM Plex Sans Condensed_weight|||||||&#8221; locked=&#8221;off&#8221; global_colors_info=&#8221;{}&#8221;][\/et_pb_heading][\/et_pb_column][\/et_pb_row][et_pb_row column_structure=&#8221;1_2,1_2&#8243; _builder_version=&#8221;4.24.3&#8243; _module_preset=&#8221;5138c454-be54-4233-bd3b-f8e6a8747976&#8243; global_colors_info=&#8221;{}&#8221;][et_pb_column type=&#8221;1_2&#8243; _builder_version=&#8221;4.24.2&#8243; _module_preset=&#8221;73121f80-a3ef-4484-8763-c3f18e3c56d2&#8243; custom_padding=&#8221;|||20px|false|false&#8221; border_color_all=&#8221;#83c5be&#8221; border_width_left=&#8221;2px&#8221; global_colors_info=&#8221;{%22#83c5be%22:%91%22border_color_all%22%93}&#8221;][et_pb_icon font_icon=&#8221;\uf10d||fa||900&#8243; icon_color=&#8221;#006d77&#8243; module_class=&#8221;ai_ignore_font_icon&#8221; _builder_version=&#8221;4.24.3&#8243; _module_preset=&#8221;c2c23269-d09e-4bca-9247-65cd5ecf15a9&#8243; custom_margin=&#8221;||30px||false|false&#8221; global_colors_info=&#8221;{%22gcid-f2943306-fa6c-45f0-b632-5fc00151366a%22:%91%22icon_color%22%93}&#8221;][\/et_pb_icon][et_pb_text _builder_version=&#8221;4.24.3&#8243; _module_preset=&#8221;ca5459fa-2abd-4000-9b59-3cb483bcc17e&#8221; text_font=&#8221;IBM Plex Sans|700|||||||&#8221; link_text_color=&#8221;#006d77&#8243; quote_font=&#8221;IBM Plex Sans Condensed|700|||||||&#8221; header_font=&#8221;IBM Plex Sans Condensed|700|||||||&#8221; header_2_font=&#8221;IBM Plex Sans Condensed|700|||||||&#8221; header_3_font=&#8221;IBM Plex Sans Condensed|700|||||||&#8221; header_4_font=&#8221;IBM Plex Sans Condensed|700|||||||&#8221; header_5_font=&#8221;IBM Plex Sans Condensed|700|||||||&#8221; header_6_font=&#8221;IBM Plex Sans Condensed|700|||||||&#8221; locked=&#8221;off&#8221; global_colors_info=&#8221;{%22#006d77%22:%91%22link_text_color%22,%22link_text_color%22%93,%22#0e0c19%22:%91%22header_text_color%22,%22header_4_text_color%22,%22header_3_text_color%22,%22header_2_text_color%22,%22header_5_text_color%22,%22header_6_text_color%22,%22quote_text_color%22%93,%22#83c5be%22:%91%22quote_border_color%22,%22quote_border_color%22%93}&#8221;]<\/p>\n<p>\u00abGracias a FINANCE A BIKE pude llevarme la bicicleta de mis sue\u00f1os de inmediato y pagarla en c\u00f3modas cuotas. Todo el proceso fue sencillo y r\u00e1pido\u00bb.<\/p>\n<p>[\/et_pb_text][et_pb_blurb title=&#8221;Anna M\u00fcller&#8221; image=&#8221;https:\/\/premadesections.divi.support\/premade\/wp-content\/uploads\/sites\/4\/2024\/04\/new-portrait-12-800&#215;800-1.jpg&#8221; _builder_version=&#8221;4.24.3&#8243; _module_preset=&#8221;203c76fc-aee0-4484-9be1-f0e2ebd81a8f&#8221; header_font=&#8221;IBM Plex Sans Condensed|IBM Plex Sans Condensed_weight|||||||&#8221; body_font=&#8221;IBM Plex Sans|IBM Plex Sans_weight|||||||&#8221; body_link_text_color=&#8221;#006d77&#8243; locked=&#8221;off&#8221; global_colors_info=&#8221;{}&#8221;]<\/p>\n<p>Ciclista de ocio<\/p>\n<p>[\/et_pb_blurb][\/et_pb_column][et_pb_column type=&#8221;1_2&#8243; _builder_version=&#8221;4.24.3&#8243; _module_preset=&#8221;73121f80-a3ef-4484-8763-c3f18e3c56d2&#8243; custom_padding=&#8221;|||20px|false|false&#8221; border_color_all=&#8221;#83c5be&#8221; border_width_left=&#8221;2px&#8221; global_colors_info=&#8221;{%22#83c5be%22:%91%22border_color_all%22%93}&#8221;][et_pb_icon font_icon=&#8221;\uf10d||fa||900&#8243; icon_color=&#8221;#006d77&#8243; module_class=&#8221;ai_ignore_font_icon&#8221; _builder_version=&#8221;4.24.3&#8243; _module_preset=&#8221;c2c23269-d09e-4bca-9247-65cd5ecf15a9&#8243; custom_margin=&#8221;||30px||false|false&#8221; locked=&#8221;off&#8221; global_colors_info=&#8221;{%22gcid-f2943306-fa6c-45f0-b632-5fc00151366a%22:%91%22icon_color%22%93}&#8221;][\/et_pb_icon][et_pb_text _builder_version=&#8221;4.24.3&#8243; _module_preset=&#8221;ca5459fa-2abd-4000-9b59-3cb483bcc17e&#8221; text_font=&#8221;IBM Plex Sans|700|||||||&#8221; link_text_color=&#8221;#006d77&#8243; quote_font=&#8221;IBM Plex Sans Condensed|700|||||||&#8221; header_font=&#8221;IBM Plex Sans Condensed|700|||||||&#8221; header_2_font=&#8221;IBM Plex Sans Condensed|700|||||||&#8221; header_3_font=&#8221;IBM Plex Sans Condensed|700|||||||&#8221; header_4_font=&#8221;IBM Plex Sans Condensed|700|||||||&#8221; header_5_font=&#8221;IBM Plex Sans Condensed|700|||||||&#8221; header_6_font=&#8221;IBM Plex Sans Condensed|700|||||||&#8221; locked=&#8221;off&#8221; global_colors_info=&#8221;{%22#006d77%22:%91%22link_text_color%22,%22link_text_color%22%93,%22#0e0c19%22:%91%22header_text_color%22,%22header_4_text_color%22,%22header_3_text_color%22,%22header_2_text_color%22,%22header_5_text_color%22,%22header_6_text_color%22,%22quote_text_color%22%93,%22#83c5be%22:%91%22quote_border_color%22,%22quote_border_color%22%93}&#8221;]<\/p>\n<p>\u00abLa financiaci\u00f3n online de bicicletas fue la soluci\u00f3n perfecta para m\u00ed. Sin largas esperas y con total transparencia en los costes. \u00a1Estoy encantada!\u00bb<\/p>\n<p>[\/et_pb_text][et_pb_blurb title=&#8221;Johannes Schmidt&#8221; image=&#8221;https:\/\/premadesections.divi.support\/premade\/wp-content\/uploads\/sites\/4\/2024\/04\/new-portrait-9-800&#215;800-1.jpg&#8221; _builder_version=&#8221;4.24.3&#8243; _module_preset=&#8221;203c76fc-aee0-4484-9be1-f0e2ebd81a8f&#8221; header_font=&#8221;IBM Plex Sans Condensed|IBM Plex Sans Condensed_weight|||||||&#8221; body_font=&#8221;IBM Plex Sans|IBM Plex Sans_weight|||||||&#8221; body_link_text_color=&#8221;#006d77&#8243; locked=&#8221;off&#8221; global_colors_info=&#8221;{}&#8221;]<\/p>\n<p>Viajero diario<\/p>\n<p>[\/et_pb_blurb][\/et_pb_column][\/et_pb_row][\/et_pb_section][et_pb_section fb_built=&#8221;1&#8243; admin_label=&#8221;Call to Action&#8221; _builder_version=&#8221;4.18.0&#8243; _module_preset=&#8221;default&#8221; locked=&#8221;off&#8221; collapsed=&#8221;on&#8221; global_colors_info=&#8221;{}&#8221;][et_pb_row column_structure=&#8221;3_5,2_5&#8243; _builder_version=&#8221;4.24.3&#8243; _module_preset=&#8221;333b8a65-5730-490d-b80e-51611171c668&#8243; background_color=&#8221;#006d77&#8243; border_radii=&#8221;on|6px|6px|6px|6px&#8221; global_colors_info=&#8221;{}&#8221;][et_pb_column type=&#8221;3_5&#8243; _builder_version=&#8221;4.17.6&#8243; _module_preset=&#8221;73121f80-a3ef-4484-8763-c3f18e3c56d2&#8243; global_colors_info=&#8221;{}&#8221;][et_pb_heading title=&#8221;Inicie su solicitud de cr\u00e9dito&#8221; _builder_version=&#8221;4.24.3&#8243; _module_preset=&#8221;c33f07d9-41e0-421a-8799-5799df695cce&#8221; title_font=&#8221;IBM Plex Sans Condensed|IBM Plex Sans Condensed_weight|||||||&#8221; title_text_color=&#8221;#FFFFFF&#8221; global_colors_info=&#8221;{}&#8221;][\/et_pb_heading][et_pb_text _builder_version=&#8221;4.24.2&#8243; _module_preset=&#8221;0504de1e-f5ff-4281-ba60-cbbe4edf98bc&#8221; text_font=&#8221;IBM Plex Sans|IBM Plex Sans_weight|||||||&#8221; quote_font=&#8221;IBM Plex Sans Condensed|IBM Plex Sans Condensed_weight|||||||&#8221; header_font=&#8221;IBM Plex Sans Condensed|IBM Plex Sans Condensed_weight|||||||&#8221; header_2_font=&#8221;IBM Plex Sans Condensed|IBM Plex Sans Condensed_weight|||||||&#8221; header_3_font=&#8221;IBM Plex Sans Condensed|IBM Plex Sans Condensed_weight|||||||&#8221; header_4_font=&#8221;IBM Plex Sans Condensed|IBM Plex Sans Condensed_weight|||||||&#8221; header_5_font=&#8221;IBM Plex Sans Condensed|IBM Plex Sans Condensed_weight|||||||&#8221; header_6_font=&#8221;IBM Plex Sans Condensed|IBM Plex Sans Condensed_weight|||||||&#8221; locked=&#8221;off&#8221; global_colors_info=&#8221;{%22gcid-36fd78a7-34bc-404d-873c-dafa34efaae5%22:%91%22icon_color%22,%22icon_color%22,%22icon_color%22,%22icon_color%22,%22link_text_color%22,%22icon_color%22,%22icon_color%22,%22icon_color%22,%22icon_color%22,%22link_text_color%22%93}&#8221;]<\/p>\n<p>Aproveche la oportunidad de descubrir sus opciones de financiaci\u00f3n. Con nuestra solicitud de cr\u00e9dito sin compromiso, sabr\u00e1 de inmediato cu\u00e1nto cr\u00e9dito tiene disponible. \u00a1Empiece hoy mismo y d\u00e9 el primer paso hacia su nueva bicicleta!<\/p>\n<p>[\/et_pb_text][\/et_pb_column][et_pb_column type=&#8221;2_5&#8243; _builder_version=&#8221;4.18.0&#8243; _module_preset=&#8221;73121f80-a3ef-4484-8763-c3f18e3c56d2&#8243; global_colors_info=&#8221;{}&#8221;][et_pb_button button_text=&#8221;Iniciar solicitud de cr\u00e9dito&#8221; button_alignment=&#8221;right&#8221; _builder_version=&#8221;4.23.1&#8243; _module_preset=&#8221;ab15fb74-61a3-43aa-96b3-41e09aeef654&#8243; button_text_color=&#8221;#006d77&#8243; button_font=&#8221;IBM Plex Sans|700|||||||&#8221; global_colors_info=&#8221;{}&#8221;][\/et_pb_button][\/et_pb_column][\/et_pb_row][\/et_pb_section]<\/p>\n","protected":false},"excerpt":{"rendered":"<p>Sus ventajas con FINANCE a BIKE Cumpla su sue\u00f1o de tener una bicicleta Con FINANCE A BIKE puede llevarse su nueva bicicleta de ensue\u00f1o de inmediato y pagarla en c\u00f3modas [&#8230;]<\/p>\n","protected":false},"author":1,"featured_media":0,"parent":0,"menu_order":0,"comment_status":"closed","ping_status":"closed","template":"","meta":{"_et_pb_use_builder":"on","_et_pb_old_content":"","_et_gb_content_width":"","om_disable_all_campaigns":false,"_monsterinsights_skip_tracking":false,"_monsterinsights_sitenote_active":false,"_monsterinsights_sitenote_note":"","_monsterinsights_sitenote_category":0,"footnotes":""},"class_list":["post-6739","page","type-page","status-publish","hentry"],"_links":{"self":[{"href":"https:\/\/pearl-cycles.com\/index.php?rest_route=\/wp\/v2\/pages\/6739","targetHints":{"allow":["GET"]}}],"collection":[{"href":"https:\/\/pearl-cycles.com\/index.php?rest_route=\/wp\/v2\/pages"}],"about":[{"href":"https:\/\/pearl-cycles.com\/index.php?rest_route=\/wp\/v2\/types\/page"}],"author":[{"embeddable":true,"href":"https:\/\/pearl-cycles.com\/index.php?rest_route=\/wp\/v2\/users\/1"}],"replies":[{"embeddable":true,"href":"https:\/\/pearl-cycles.com\/index.php?rest_route=%2Fwp%2Fv2%2Fcomments&post=6739"}],"version-history":[{"count":10,"href":"https:\/\/pearl-cycles.com\/index.php?rest_route=\/wp\/v2\/pages\/6739\/revisions"}],"predecessor-version":[{"id":16965,"href":"https:\/\/pearl-cycles.com\/index.php?rest_route=\/wp\/v2\/pages\/6739\/revisions\/16965"}],"wp:attachment":[{"href":"https:\/\/pearl-cycles.com\/index.php?rest_route=%2Fwp%2Fv2%2Fmedia&parent=6739"}],"curies":[{"name":"wp","href":"https:\/\/api.w.org\/{rel}","templated":true}]}}