{"id":7974,"date":"2025-09-27T15:33:23","date_gmt":"2025-09-27T15:33:23","guid":{"rendered":"https:\/\/pearl-cycles.com\/expedition\/"},"modified":"2025-12-28T20:14:51","modified_gmt":"2025-12-28T20:14:51","slug":"expedition","status":"publish","type":"page","link":"https:\/\/pearl-cycles.com\/?page_id=7974&lang=fr","title":{"rendered":"EXP\u00c9DITION"},"content":{"rendered":"<h1>Politique d&#8217;exp\u00e9dition<\/h1>\n<p><b><strong>POLITIQUE D&#8217;EXP\u00c9DITION<\/strong><\/b><\/p>\n<p>Toutes les commandes ont un d\u00e9lai de traitement de 1 \u00e0 3 jours ouvrables avant d&#8217;\u00eatre exp\u00e9di\u00e9es, sauf indication contraire sur la page du produit (par exemple, les produits en pr\u00e9commande ou les produits avec un d\u00e9lai indiqu\u00e9 sur la page du produit).<\/p>\n<p>Nous exp\u00e9dions depuis plusieurs entrep\u00f4ts, et tous ont des variations dans les d\u00e9lais d&#8217;exp\u00e9dition et de traitement entre 1 et 4 jours.<\/p>\n<p>Les frais d&#8217;exp\u00e9dition pour ta commande seront calcul\u00e9s et affich\u00e9s lors du paiement.<\/p>\n<p>La livraison est gratuite dans la zone continentale des \u00c9tats-Unis pour les commandes sup\u00e9rieures \u00e0 79 \u20ac. Pour profiter de notre offre de livraison gratuite, veuillez s\u00e9lectionner l&#8217;option \u00ab Livraison gratuite \u00e0 partir de 79 \u20ac \u00bb lors du paiement. D&#8217;autres options de livraison sont \u00e9galement disponibles, pour lesquelles vous devrez payer des frais d&#8217;exp\u00e9dition.  <\/p>\n<p><b><strong><br \/>\nEXP\u00c9DITION INTERNATIONALE<\/strong><\/b><\/p>\n<p>Si votre adresse de livraison est situ\u00e9e en dehors de l&#8217;UE, votre commande peut \u00eatre soumise \u00e0 des frais de douane, taxes, tarifs ou droits suppl\u00e9mentaires \u00e0 la livraison. Ces frais ne sont pas inclus dans les frais d&#8217;exp\u00e9dition et sont \u00e0 la charge du client. Veuillez v\u00e9rifier aupr\u00e8s du bureau de douane de votre pays pour d\u00e9terminer quels seront ces co\u00fbts suppl\u00e9mentaires avant de passer votre commande.  <\/p>\n<p><b><strong><br \/>\nCOMMENT V\u00c9RIFIER L&#8217;\u00c9TAT DE MA COMMANDE ?<\/strong><\/b><\/p>\n<p>Lorsque ta commande aura \u00e9t\u00e9 exp\u00e9di\u00e9e, tu recevras un e-mail de notification de notre part qui inclura un num\u00e9ro de suivi que tu pourras utiliser pour v\u00e9rifier son statut. Pr\u00e9vois 48 heures pour que les informations de suivi soient disponibles. <\/p>\n<p>Si vous n&#8217;avez pas re\u00e7u votre commande dans les 7 jours suivant la r\u00e9ception de votre e-mail de confirmation d&#8217;exp\u00e9dition, veuillez nous contacter \u00e0 l&#8217;adresse info@pearl-cycles.com en indiquant votre nom et votre num\u00e9ro de commande, et nous examinerons la situation pour vous.<\/p>\n<p>Si vous avez d&#8217;autres questions, n&#8217;h\u00e9sitez pas \u00e0 nous contacter \u00e0 l&#8217;adresse info@pearl-cycles.com<\/p>\n<p>Merci !<\/p>\n","protected":false},"excerpt":{"rendered":"<p>Politique d&#8217;exp\u00e9dition POLITIQUE D&#8217;EXP\u00c9DITION Toutes les commandes ont un d\u00e9lai de traitement de 1 \u00e0 3 jours ouvrables avant d&#8217;\u00eatre exp\u00e9di\u00e9es, sauf indication contraire sur la page du produit (par [&#8230;]<\/p>\n","protected":false},"author":1,"featured_media":0,"parent":0,"menu_order":0,"comment_status":"closed","ping_status":"closed","template":"","meta":{"_et_pb_use_builder":"on","_et_pb_old_content":"","_et_gb_content_width":"","om_disable_all_campaigns":false,"_monsterinsights_skip_tracking":false,"_monsterinsights_sitenote_active":false,"_monsterinsights_sitenote_note":"","_monsterinsights_sitenote_category":0,"footnotes":""},"class_list":["post-7974","page","type-page","status-publish","hentry"],"_links":{"self":[{"href":"https:\/\/pearl-cycles.com\/index.php?rest_route=\/wp\/v2\/pages\/7974","targetHints":{"allow":["GET"]}}],"collection":[{"href":"https:\/\/pearl-cycles.com\/index.php?rest_route=\/wp\/v2\/pages"}],"about":[{"href":"https:\/\/pearl-cycles.com\/index.php?rest_route=\/wp\/v2\/types\/page"}],"author":[{"embeddable":true,"href":"https:\/\/pearl-cycles.com\/index.php?rest_route=\/wp\/v2\/users\/1"}],"replies":[{"embeddable":true,"href":"https:\/\/pearl-cycles.com\/index.php?rest_route=%2Fwp%2Fv2%2Fcomments&post=7974"}],"version-history":[{"count":2,"href":"https:\/\/pearl-cycles.com\/index.php?rest_route=\/wp\/v2\/pages\/7974\/revisions"}],"predecessor-version":[{"id":12326,"href":"https:\/\/pearl-cycles.com\/index.php?rest_route=\/wp\/v2\/pages\/7974\/revisions\/12326"}],"wp:attachment":[{"href":"https:\/\/pearl-cycles.com\/index.php?rest_route=%2Fwp%2Fv2%2Fmedia&parent=7974"}],"curies":[{"name":"wp","href":"https:\/\/api.w.org\/{rel}","templated":true}]}}