{"id":8524,"date":"2025-11-21T22:03:32","date_gmt":"2025-11-21T22:03:32","guid":{"rendered":"https:\/\/pearl-cycles.com\/pearl-krit\/"},"modified":"2025-12-28T21:31:38","modified_gmt":"2025-12-28T21:31:38","slug":"pearl-krit","status":"publish","type":"page","link":"https:\/\/pearl-cycles.com\/?page_id=8524&lang=fr","title":{"rendered":"ACCUEIL"},"content":{"rendered":"<p>[et_pb_section fb_built=&#8221;1&#8243; admin_label=&#8221;Hero&#8221; _builder_version=&#8221;4.27.4&#8243; _module_preset=&#8221;default&#8221; background_color=&#8221;#006d77&#8243; use_background_color_gradient=&#8221;on&#8221; background_color_gradient_stops=&#8221;rgba(0,0,0,0.29) 0%|rgba(255,255,255,0) 100%&#8221; background_color_gradient_overlays_image=&#8221;on&#8221; background_color_gradient_start=&#8221;rgba(0,0,0,0.5)&#8221; background_color_gradient_end=&#8221;rgba(0,0,0,0.75)&#8221; background_image=&#8221;https:\/\/pearl-cycles.com\/wp-content\/uploads\/2025\/11\/detail-2.jpg&#8221; custom_padding=&#8221;14vw||14vw||true|false&#8221; locked=&#8221;off&#8221; collapsed=&#8221;on&#8221; global_colors_info=&#8221;{%22#006d77%22:%91%22background_color%22%93}&#8221;][et_pb_row column_structure=&#8221;1_2,1_2&#8243; _builder_version=&#8221;4.27.4&#8243; _module_preset=&#8221;5138c454-be54-4233-bd3b-f8e6a8747976&#8243; locked=&#8221;off&#8221; global_colors_info=&#8221;{}&#8221;][et_pb_column type=&#8221;1_2&#8243; _builder_version=&#8221;4.27.4&#8243; _module_preset=&#8221;73121f80-a3ef-4484-8763-c3f18e3c56d2&#8243; global_colors_info=&#8221;{}&#8221;][et_pb_heading title=&#8221;D\u00e9couvre la Collection Pearl 2026 &#8221; _builder_version=&#8221;4.27.4&#8243; _module_preset=&#8221;f0c675ea-2574-4d0e-b725-30f8550a8550&#8243; title_font=&#8221;|IBM Plex Sans Condensed_weight||on|||||&#8221; title_text_color=&#8221;#FFFFFF&#8221; text_shadow_style=&#8221;preset1&#8243; text_shadow_color=&#8221;#FFFFFF&#8221; locked=&#8221;off&#8221; global_colors_info=&#8221;{}&#8221;][\/et_pb_heading][et_pb_heading title=&#8221; Pearl Cycles 2026 &#8211; v\u00e9los sur mesure gravel et route&#8221; _builder_version=&#8221;4.27.4&#8243; _module_preset=&#8221;ddeb8c09-9078-4424-bc15-2efb6572e28e&#8221; title_font=&#8221;|IBM Plex Sans Condensed_weight|||||||&#8221; title_text_color=&#8221;#FFFFFF&#8221; text_shadow_style=&#8221;preset1&#8243; locked=&#8221;off&#8221; global_colors_info=&#8221;{}&#8221;][\/et_pb_heading][et_pb_text _builder_version=&#8221;4.27.4&#8243; _module_preset=&#8221;2c55a9c4-feed-423b-9edb-ae0b5b365cac&#8221; text_font=&#8221;IBM Plex Sans|IBM Plex Sans_weight|||||||&#8221; link_font=&#8221;|IBM Plex Sans_weight|||||||&#8221; link_text_color=&#8221;#006d77&#8243; quote_font=&#8221;IBM Plex Sans Condensed|IBM Plex Sans Condensed_weight|||||||&#8221; header_font=&#8221;IBM Plex Sans Condensed|IBM Plex Sans Condensed_weight|||||||&#8221; header_2_font=&#8221;IBM Plex Sans Condensed|IBM Plex Sans Condensed_weight|||||||&#8221; header_3_font=&#8221;IBM Plex Sans Condensed|IBM Plex Sans Condensed_weight|||||||&#8221; header_4_font=&#8221;IBM Plex Sans Condensed|IBM Plex Sans Condensed_weight|||||||&#8221; header_5_font=&#8221;IBM Plex Sans Condensed|IBM Plex Sans Condensed_weight|||||||&#8221; header_6_font=&#8221;IBM Plex Sans Condensed|IBM Plex Sans Condensed_weight|||||||&#8221; locked=&#8221;off&#8221; global_colors_info=&#8221;{}&#8221;]<\/p>\n<h4><span style=\"color: #ffffff;\">Explore notre gamme de v\u00e9los route et gravel sur mesure, fa\u00e7onn\u00e9s \u00e0 la perfection pour chaque aventure.<\/span><\/h4>\n<p>[\/et_pb_text][et_pb_button button_url=&#8221;https:\/\/pearl-cycles.com\/?page_id=2323&amp;lang=fr&#8221; button_text=&#8221;Explore nos v\u00e9los&#8221; _builder_version=&#8221;4.27.4&#8243; _module_preset=&#8221;1bffc0fc-42a0-49d1-bd9a-ae3ade2d7206&#8243; button_bg_color=&#8221;#006d77&#8243; button_font=&#8221;IBM Plex Sans|700|||||||&#8221; locked=&#8221;off&#8221; global_colors_info=&#8221;{}&#8221;][\/et_pb_button][\/et_pb_column][et_pb_column type=&#8221;1_2&#8243; _builder_version=&#8221;4.23.1&#8243; _module_preset=&#8221;73121f80-a3ef-4484-8763-c3f18e3c56d2&#8243; global_colors_info=&#8221;{}&#8221;][\/et_pb_column][\/et_pb_row][\/et_pb_section][et_pb_section fb_built=&#8221;1&#8243; fullwidth=&#8221;on&#8221; _builder_version=&#8221;4.27.5&#8243; _module_preset=&#8221;default&#8221; global_colors_info=&#8221;{}&#8221;][et_pb_fullwidth_slider _builder_version=&#8221;4.27.5&#8243; _module_preset=&#8221;default&#8221; button_text_color=&#8221;#FFFFFF&#8221; global_colors_info=&#8221;{%22gcid-primary-color%22:%91%22button_bg_color%22%93}&#8221;][et_pb_slide heading=&#8221;PEARL GRIT INTER 2026&#8243; button_text=&#8221;D\u00e9couvrez les nouveaux mod\u00e8les..&#8221; button_link=&#8221;https:\/\/pearl-cycles.com\/?product_cat=gravel-grit-inter&amp;lang=fr&#8221; _builder_version=&#8221;4.27.5&#8243; _module_preset=&#8221;default&#8221; background_image=&#8221;https:\/\/pearl-cycles.com\/wp-content\/uploads\/2025\/11\/gri-2-scaled.jpg&#8221; background_enable_image=&#8221;on&#8221; text_shadow_style=&#8221;preset1&#8243; global_colors_info=&#8221;{}&#8221; sticky_transition=&#8221;on&#8221;]<\/p>\n<p>Notre collection 2026 de mod\u00e8les Grit a \u00e9t\u00e9 remani\u00e9e avec plusieurs nouvelles sp\u00e9cifications. C\u00e2bles int\u00e9gr\u00e9s. Tige de selle et guidon en carbone pour plus de souplesse. Un bo\u00eetier de p\u00e9dalier T47 augmente la rigidit\u00e9 et la patte de d\u00e9railleur arri\u00e8re UDH est le dernier ajout aux mod\u00e8les GRIT actuels.   <\/p>\n<p>[\/et_pb_slide][et_pb_slide heading=&#8221;PEARL EVO AIR GRX 600&#8243; button_text=&#8221;D\u00e9couvrez les derniers mod\u00e8les..&#8221; button_link=&#8221;https:\/\/pearl-cycles.com\/?product=pearl-evo-air-grx-600&#8243; _builder_version=&#8221;4.27.5&#8243; _module_preset=&#8221;default&#8221; body_text_color=&#8221;#FFFFFF&#8221; background_image=&#8221;https:\/\/pearl-cycles.com\/wp-content\/uploads\/2025\/11\/Gravel-1.jpg&#8221; background_enable_image=&#8221;on&#8221; global_colors_info=&#8221;{}&#8221; sticky_transition=&#8221;on&#8221;]<\/p>\n<h3>Notre gamme de v\u00e9los de gravel performance a \u00e9galement \u00e9t\u00e9 retravaill\u00e9e pour 2026. Un guidon enti\u00e8rement en carbone, des c\u00e2bles int\u00e9gr\u00e9s et un bo\u00eetier de p\u00e9dalier T47 assurent stabilit\u00e9 et confort sur tous les terrains. <\/h3>\n<p>[\/et_pb_slide][et_pb_slide heading=&#8221;PEARL KRIT !&#8221; button_text=&#8221;Clique ici&#8221; _builder_version=&#8221;4.27.5&#8243; _module_preset=&#8221;default&#8221; background_image=&#8221;https:\/\/pearl-cycles.com\/wp-content\/uploads\/2025\/11\/KRIT-scaled.jpeg&#8221; background_enable_image=&#8221;on&#8221; text_shadow_style=&#8221;preset3&#8243; global_colors_info=&#8221;{}&#8221; sticky_transition=&#8221;on&#8221;]<\/p>\n<p>Ton contenu va ici. Modifie ou supprime ce texte en ligne ou dans les param\u00e8tres de contenu du module. Tu peux \u00e9galement styliser chaque aspect de ce contenu dans les param\u00e8tres de design du module et m\u00eame appliquer du CSS personnalis\u00e9 \u00e0 ce texte dans les param\u00e8tres avanc\u00e9s du module.  <\/p>\n<p>[\/et_pb_slide][\/et_pb_fullwidth_slider][\/et_pb_section][et_pb_section fb_built=&#8221;1&#8243; admin_label=&#8221;About&#8221; _builder_version=&#8221;4.25.1&#8243; _module_preset=&#8221;default&#8221; locked=&#8221;off&#8221; collapsed=&#8221;on&#8221; global_colors_info=&#8221;{}&#8221;][et_pb_row _builder_version=&#8221;4.25.1&#8243; _module_preset=&#8221;048d8e79-b07f-439b-bd57-f41c14f0a56b&#8221; global_colors_info=&#8221;{}&#8221;][et_pb_column type=&#8221;4_4&#8243; _builder_version=&#8221;4.25.1&#8243; _module_preset=&#8221;default&#8221; global_colors_info=&#8221;{}&#8221;][et_pb_heading title=&#8221;Notre Histoire&#8221; _builder_version=&#8221;4.25.2&#8243; _module_preset=&#8221;c33f07d9-41e0-421a-8799-5799df695cce&#8221; title_font=&#8221;IBM Plex Sans Condensed|IBM Plex Sans Condensed_weight|||||||&#8221; title_text_align=&#8221;center&#8221; global_colors_info=&#8221;{}&#8221;][\/et_pb_heading][et_pb_text _builder_version=&#8221;4.25.1&#8243; _module_preset=&#8221;2c55a9c4-feed-423b-9edb-ae0b5b365cac&#8221; text_font=&#8221;IBM Plex Sans|IBM Plex Sans_weight|||||||&#8221; link_font=&#8221;|IBM Plex Sans_weight|||||||&#8221; link_text_color=&#8221;#006d77&#8243; quote_font=&#8221;IBM Plex Sans Condensed|IBM Plex Sans Condensed_weight|||||||&#8221; header_font=&#8221;IBM Plex Sans Condensed|IBM Plex Sans Condensed_weight|||||||&#8221; header_2_font=&#8221;IBM Plex Sans Condensed|IBM Plex Sans Condensed_weight|||||||&#8221; header_3_font=&#8221;IBM Plex Sans Condensed|IBM Plex Sans Condensed_weight|||||||&#8221; header_4_font=&#8221;IBM Plex Sans Condensed|IBM Plex Sans Condensed_weight|||||||&#8221; header_5_font=&#8221;IBM Plex Sans Condensed|IBM Plex Sans Condensed_weight|||||||&#8221; header_6_font=&#8221;IBM Plex Sans Condensed|IBM Plex Sans Condensed_weight|||||||&#8221; text_orientation=&#8221;center&#8221; global_colors_info=&#8221;{}&#8221;]Fond\u00e9 avec une passion pour le cyclisme, Pearl Cycles se consacre \u00e0 la cr\u00e9ation de v\u00e9los route et gravel personnalis\u00e9s qui r\u00e9pondent aux besoins uniques de chaque cycliste. Notre mission est d&#8217;allier technologie de pointe et savoir-faire artisanal, garantissant que chaque v\u00e9lo soit un chef-d&#8217;\u0153uvre de performance et de style. Nous croyons en la capacit\u00e9 des cyclistes \u00e0 conqu\u00e9rir de nouveaux terrains et \u00e0 profiter de la libert\u00e9 de la route, tout en offrant une qualit\u00e9 et un service exceptionnels. Rejoins-nous dans notre d\u00e9marche d&#8217;innovation et d&#8217;inspiration pour la communaut\u00e9 cycliste mondiale.<br \/>\n[\/et_pb_text][\/et_pb_column][\/et_pb_row][\/et_pb_section][et_pb_section fb_built=&#8221;1&#8243; fullwidth=&#8221;on&#8221; _builder_version=&#8221;4.27.4&#8243; _module_preset=&#8221;default&#8221; background_image=&#8221;https:\/\/pearl-cycles.com\/wp-content\/uploads\/2025\/11\/Gravel-1.jpg&#8221; global_colors_info=&#8221;{}&#8221;][et_pb_fullwidth_slider _builder_version=&#8221;4.27.4&#8243; _module_preset=&#8221;default&#8221; custom_padding=&#8221;268px|||||&#8221; global_colors_info=&#8221;{}&#8221;][et_pb_slide heading=&#8221;Pearl Gravel EVO AIR 2026&#8243; button_text=&#8221;Discover more..&#8221; button_link=&#8221;https:\/\/pearl-cycles.com\/?page_id=2313&amp;lang=fr&#8221; image=&#8221;https:\/\/pearl-cycles.com\/wp-content\/uploads\/2025\/11\/Gravel-1.jpg&#8221; _builder_version=&#8221;4.27.4&#8243; _module_preset=&#8221;default&#8221; custom_button=&#8221;on&#8221; button_text_color=&#8221;#FFFFFF&#8221; button_border_color=&#8221;#FFFFFF&#8221; button_border_radius=&#8221;23px&#8221; button_use_icon=&#8221;on&#8221; button_icon_color=&#8221;#FFFFFF&#8221; global_colors_info=&#8221;{}&#8221; sticky_transition=&#8221;on&#8221;]Avec ses composants haute performance et sa technologie avanc\u00e9e, le \u00ab Gravel Evo Air \u00bb offre une exp\u00e9rience in\u00e9gal\u00e9e, vous permettant de conqu\u00e9rir les terrains les plus difficiles avec aisance. Que vous exploriez des routes de campagne ou participiez \u00e0 des courses de gravel, la pr\u00e9cision et l&#8217;agilit\u00e9 de ce v\u00e9lo vous laisseront sans voix. Le \u00ab Gravel Evo Air \u00bb est le choix ultime pour ceux qui recherchent des performances de haut niveau dans le monde du cyclisme gravel.<br \/>\n[\/et_pb_slide][\/et_pb_fullwidth_slider][\/et_pb_section][et_pb_section fb_built=&#8221;1&#8243; admin_label=&#8221;About&#8221; _builder_version=&#8221;4.25.1&#8243; _module_preset=&#8221;default&#8221; locked=&#8221;off&#8221; collapsed=&#8221;on&#8221; global_colors_info=&#8221;{}&#8221;][et_pb_row _builder_version=&#8221;4.25.1&#8243; _module_preset=&#8221;048d8e79-b07f-439b-bd57-f41c14f0a56b&#8221; global_colors_info=&#8221;{}&#8221;][et_pb_column type=&#8221;4_4&#8243; _builder_version=&#8221;4.25.1&#8243; _module_preset=&#8221;default&#8221; global_colors_info=&#8221;{}&#8221;][et_pb_heading title=&#8221;Notre ADN&#8221; _builder_version=&#8221;4.27.4&#8243; _module_preset=&#8221;c33f07d9-41e0-421a-8799-5799df695cce&#8221; title_font=&#8221;IBM Plex Sans Condensed|IBM Plex Sans Condensed_weight|||||||&#8221; title_text_align=&#8221;center&#8221; global_colors_info=&#8221;{}&#8221;][\/et_pb_heading][et_pb_text _builder_version=&#8221;4.27.4&#8243; _module_preset=&#8221;2c55a9c4-feed-423b-9edb-ae0b5b365cac&#8221; text_font=&#8221;IBM Plex Sans|IBM Plex Sans_weight|||||||&#8221; link_font=&#8221;|IBM Plex Sans_weight|||||||&#8221; link_text_color=&#8221;#006d77&#8243; quote_font=&#8221;IBM Plex Sans Condensed|IBM Plex Sans Condensed_weight|||||||&#8221; header_font=&#8221;IBM Plex Sans Condensed|IBM Plex Sans Condensed_weight|||||||&#8221; header_2_font=&#8221;IBM Plex Sans Condensed|IBM Plex Sans Condensed_weight|||||||&#8221; header_3_font=&#8221;IBM Plex Sans Condensed|IBM Plex Sans Condensed_weight|||||||&#8221; header_4_font=&#8221;IBM Plex Sans Condensed|IBM Plex Sans Condensed_weight|||||||&#8221; header_5_font=&#8221;IBM Plex Sans Condensed|IBM Plex Sans Condensed_weight|||||||&#8221; header_6_font=&#8221;IBM Plex Sans Condensed|IBM Plex Sans Condensed_weight|||||||&#8221; text_orientation=&#8221;center&#8221; global_colors_info=&#8221;{}&#8221;]<\/p>\n<h5>La qualit\u00e9, l&#8217;ing\u00e9nierie et le design sont profond\u00e9ment ancr\u00e9s dans notre ADN. Une communication honn\u00eate avec nos clients et une mission d&#8217;am\u00e9lioration constante de nos produits nous permettent de promettre \u00e0 nos clients la meilleure exp\u00e9rience de conduite. <\/h5>\n<h5>Nous produisons une gamme de v\u00e9los offrant les meilleures caract\u00e9ristiques de conduite, fabriqu\u00e9s avec les meilleurs alliages, titane et carbone du march\u00e9.<\/h5>\n<p>[\/et_pb_text][\/et_pb_column][\/et_pb_row][\/et_pb_section][et_pb_section fb_built=&#8221;1&#8243; fullwidth=&#8221;on&#8221; _builder_version=&#8221;4.27.4&#8243; _module_preset=&#8221;default&#8221; global_colors_info=&#8221;{}&#8221;][et_pb_fullwidth_slider _builder_version=&#8221;4.27.4&#8243; _module_preset=&#8221;default&#8221; button_text_color=&#8221;#FFFFFF&#8221; button_border_color=&#8221;#FFFFFF&#8221; header_text_shadow_style=&#8221;preset4&#8243; text_shadow_style=&#8221;preset4&#8243; text_shadow_color=&#8221;#BCBCBC&#8221; global_colors_info=&#8221;{%22gcid-primary-color%22:%91%22button_bg_color%22,%22button_bg_color%22%93}&#8221;][et_pb_slide heading=&#8221;Pearl GRIT Intergrated 2026&#8243; button_text=&#8221;Discover more..&#8221; button_link=&#8221;https:\/\/pearl-cycles.com\/?page_id=8016&amp;lang=fr&#8221; _builder_version=&#8221;4.27.4&#8243; _module_preset=&#8221;default&#8221; background_color=&#8221;#000ba8&#8243; background_enable_color=&#8221;on&#8221; background_image=&#8221;https:\/\/pearl-cycles.com\/wp-content\/uploads\/2025\/11\/gri-2-scaled.jpg&#8221; background_enable_image=&#8221;on&#8221; global_colors_info=&#8221;{}&#8221; sticky_transition=&#8221;on&#8221;]<\/p>\n<h3>Pearl gravel grit int\u00e9gr\u00e9<\/h3>\n<h3>La version Inter dispose de c\u00e2bles enti\u00e8rement int\u00e9gr\u00e9s passant \u00e0 travers le guidon en carbone. Le cadre &#8220;INTER&#8221; est \u00e9quip\u00e9 d&#8217;une patte arri\u00e8re UDH et d&#8217;un bo\u00eetier de p\u00e9dalier T47 offrant plus de rigidit\u00e9. <\/h3>\n<p>[\/et_pb_slide][\/et_pb_fullwidth_slider][et_pb_fullwidth_slider _builder_version=&#8221;4.27.5&#8243; _module_preset=&#8221;default&#8221; button_text_color=&#8221;#FFFFFF&#8221; custom_padding=&#8221;244px|||||&#8221; text_shadow_style=&#8221;preset1&#8243; global_colors_info=&#8221;{%22gcid-primary-color%22:%91%22button_bg_color%22,%22button_bg_color%22%93}&#8221;][et_pb_slide heading=&#8221;Pearl EMPIRE SLX Force &#8221; button_text=&#8221;Discover more..&#8221; button_link=&#8221;https:\/\/pearl-cycles.com\/?page_id=2323&amp;lang=fr&#8221; image=&#8221;https:\/\/pearl-cycles.com\/wp-content\/uploads\/2025\/08\/2.jpg&#8221; _builder_version=&#8221;4.27.5&#8243; _module_preset=&#8221;default&#8221; global_colors_info=&#8221;{}&#8221; sticky_transition=&#8221;on&#8221;]<\/p>\n<p>L&#8217;EMPIRE SLX a \u00e9t\u00e9 con\u00e7u pour \u00eatre l\u00e9ger, rigide, a\u00e9rodynamique tout en offrant le confort n\u00e9cessaire pour toute randonn\u00e9e \u00e9puisante sur n&#8217;importe quel terrain que cette plan\u00e8te a \u00e0 offrir. Un cockpit en carbone enti\u00e8rement int\u00e9gr\u00e9 am\u00e9liore l&#8217;a\u00e9rodynamisme et la transmission de puissance \u00e0 la moiti\u00e9 avant du v\u00e9lo.  Le tube diagonal et le tube de selle en forme de &#8220;Kammtail&#8221; optimisent la r\u00e9sistance au vent et la tra\u00een\u00e9e, \u00e9conomisant ton \u00e9nergie et am\u00e9liorant tes performances. Nos haubans a\u00e9rodynamiques t&#8217;offrent un confort suppl\u00e9mentaire et une tra\u00een\u00e9e minimale  <\/p>\n<p>[\/et_pb_slide][\/et_pb_fullwidth_slider][\/et_pb_section]<\/p>\n","protected":false},"excerpt":{"rendered":"<p>D\u00e9couvre la Collection Pearl 2026 Pearl Cycles 2026 &#8211; v\u00e9los sur mesure gravel et route Explore notre gamme de v\u00e9los route et gravel sur mesure, fa\u00e7onn\u00e9s \u00e0 la perfection pour [&#8230;]<\/p>\n","protected":false},"author":1,"featured_media":0,"parent":0,"menu_order":0,"comment_status":"closed","ping_status":"closed","template":"","meta":{"_et_pb_use_builder":"on","_et_pb_old_content":"","_et_gb_content_width":"","om_disable_all_campaigns":false,"_monsterinsights_skip_tracking":false,"_monsterinsights_sitenote_active":false,"_monsterinsights_sitenote_note":"","_monsterinsights_sitenote_category":0,"footnotes":""},"class_list":["post-8524","page","type-page","status-publish","hentry"],"_links":{"self":[{"href":"https:\/\/pearl-cycles.com\/index.php?rest_route=\/wp\/v2\/pages\/8524","targetHints":{"allow":["GET"]}}],"collection":[{"href":"https:\/\/pearl-cycles.com\/index.php?rest_route=\/wp\/v2\/pages"}],"about":[{"href":"https:\/\/pearl-cycles.com\/index.php?rest_route=\/wp\/v2\/types\/page"}],"author":[{"embeddable":true,"href":"https:\/\/pearl-cycles.com\/index.php?rest_route=\/wp\/v2\/users\/1"}],"replies":[{"embeddable":true,"href":"https:\/\/pearl-cycles.com\/index.php?rest_route=%2Fwp%2Fv2%2Fcomments&post=8524"}],"version-history":[{"count":39,"href":"https:\/\/pearl-cycles.com\/index.php?rest_route=\/wp\/v2\/pages\/8524\/revisions"}],"predecessor-version":[{"id":12484,"href":"https:\/\/pearl-cycles.com\/index.php?rest_route=\/wp\/v2\/pages\/8524\/revisions\/12484"}],"wp:attachment":[{"href":"https:\/\/pearl-cycles.com\/index.php?rest_route=%2Fwp%2Fv2%2Fmedia&parent=8524"}],"curies":[{"name":"wp","href":"https:\/\/api.w.org\/{rel}","templated":true}]}}