{"id":9388,"date":"2025-11-23T09:53:30","date_gmt":"2025-11-23T09:53:30","guid":{"rendered":"https:\/\/pearl-cycles.com\/?page_id=9388"},"modified":"2026-04-03T15:25:38","modified_gmt":"2026-04-03T15:25:38","slug":"pearl-krit-2","status":"publish","type":"page","link":"https:\/\/pearl-cycles.com\/?page_id=9388&lang=fr","title":{"rendered":"PEARL KRIT"},"content":{"rendered":"<p>[et_pb_section fb_built=&#8221;1&#8243; make_equal=&#8221;on&#8221; specialty=&#8221;on&#8221; custom_css_main_1=&#8221;border-radius: 6px;&#8221; admin_label=&#8221;Hero&#8221; _builder_version=&#8221;4.27.5&#8243; _module_preset=&#8221;default&#8221; background_image=&#8221;https:\/\/pearl-cycles.com\/wp-content\/uploads\/2025\/11\/KRIT-scaled.jpeg&#8221; locked=&#8221;off&#8221; collapsed=&#8221;on&#8221; global_colors_info=&#8221;{}&#8221;][et_pb_column type=&#8221;1_2&#8243; _builder_version=&#8221;4.16&#8243; _module_preset=&#8221;73121f80-a3ef-4484-8763-c3f18e3c56d2&#8243; custom_padding=&#8221;|||&#8221; global_colors_info=&#8221;{}&#8221; custom_padding__hover=&#8221;|||&#8221;][\/et_pb_column][et_pb_column type=&#8221;1_2&#8243; specialty_columns=&#8221;2&#8243; _builder_version=&#8221;4.16&#8243; _module_preset=&#8221;default&#8221; custom_padding=&#8221;|||&#8221; global_colors_info=&#8221;{}&#8221; custom_padding__hover=&#8221;|||&#8221;][et_pb_row_inner _builder_version=&#8221;4.16&#8243; _module_preset=&#8221;default&#8221; global_colors_info=&#8221;{}&#8221;][et_pb_column_inner saved_specialty_column_type=&#8221;1_2&#8243; _builder_version=&#8221;4.16&#8243; _module_preset=&#8221;73121f80-a3ef-4484-8763-c3f18e3c56d2&#8243; global_colors_info=&#8221;{}&#8221;][et_pb_heading title=&#8221;La vitesse faite main&#8230; en Italie&#8221; _builder_version=&#8221;4.27.4&#8243; _module_preset=&#8221;f0c675ea-2574-4d0e-b725-30f8550a8550&#8243; title_font=&#8221;IBM Plex Sans|IBM Plex Sans Condensed_weight||on|||||&#8221; title_text_color=&#8221;#006d77&#8243; locked=&#8221;off&#8221; global_colors_info=&#8221;{%22#006d77%22:%91%22title_text_color%22%93}&#8221;][\/et_pb_heading][et_pb_heading title=&#8221;D\u00e9couvrez le v\u00e9lo de route KRIT&#8221; _builder_version=&#8221;4.24.3&#8243; _module_preset=&#8221;ddeb8c09-9078-4424-bc15-2efb6572e28e&#8221; title_font=&#8221;IBM Plex Sans Condensed|IBM Plex Sans Condensed_weight|||||||&#8221; locked=&#8221;off&#8221; global_colors_info=&#8221;{}&#8221;][\/et_pb_heading][et_pb_text _builder_version=&#8221;4.24.2&#8243; _module_preset=&#8221;2c55a9c4-feed-423b-9edb-ae0b5b365cac&#8221; text_font=&#8221;IBM Plex Sans|IBM Plex Sans_weight|||||||&#8221; link_font=&#8221;|IBM Plex Sans_weight|||||||&#8221; link_text_color=&#8221;#006d77&#8243; quote_font=&#8221;IBM Plex Sans Condensed|IBM Plex Sans Condensed_weight|||||||&#8221; header_font=&#8221;IBM Plex Sans Condensed|IBM Plex Sans Condensed_weight|||||||&#8221; header_2_font=&#8221;IBM Plex Sans Condensed|IBM Plex Sans Condensed_weight|||||||&#8221; header_3_font=&#8221;IBM Plex Sans Condensed|IBM Plex Sans Condensed_weight|||||||&#8221; header_4_font=&#8221;IBM Plex Sans Condensed|IBM Plex Sans Condensed_weight|||||||&#8221; header_5_font=&#8221;IBM Plex Sans Condensed|IBM Plex Sans Condensed_weight|||||||&#8221; header_6_font=&#8221;IBM Plex Sans Condensed|IBM Plex Sans Condensed_weight|||||||&#8221; locked=&#8221;off&#8221; global_colors_info=&#8221;{}&#8221;]Experience the thrill of speed and precision with the KRIT, a road bike crafted for those who seek performance and adventure on every ride.<br \/>\n[\/et_pb_text][et_pb_button button_text=&#8221;Explorez le KRIT&#8221; _builder_version=&#8221;4.24.3&#8243; _module_preset=&#8221;1bffc0fc-42a0-49d1-bd9a-ae3ade2d7206&#8243; button_bg_color=&#8221;#006d77&#8243; button_font=&#8221;IBM Plex Sans|700|||||||&#8221; custom_margin=&#8221;||||false|false&#8221; locked=&#8221;off&#8221; global_colors_info=&#8221;{}&#8221;][\/et_pb_button][\/et_pb_column_inner][\/et_pb_row_inner][et_pb_row_inner column_structure=&#8221;1_2,1_2&#8243; use_custom_gutter=&#8221;on&#8221; gutter_width=&#8221;1&#8243; make_equal=&#8221;on&#8221; _builder_version=&#8221;4.24.3&#8243; _module_preset=&#8221;default&#8221; position_origin_a_tablet=&#8221;&#8221; position_origin_a_phone=&#8221;&#8221; position_origin_a_last_edited=&#8221;on|tablet&#8221; position_origin_f_tablet=&#8221;&#8221; position_origin_f_phone=&#8221;&#8221; position_origin_f_last_edited=&#8221;on|tablet&#8221; position_origin_r_tablet=&#8221;&#8221; position_origin_r_phone=&#8221;&#8221; position_origin_r_last_edited=&#8221;on|tablet&#8221; width=&#8221;150%&#8221; width_tablet=&#8221;100%&#8221; width_phone=&#8221;100%&#8221; width_last_edited=&#8221;on|tablet&#8221; custom_margin=&#8221;30px|||-50%|false|false&#8221; custom_margin_tablet=&#8221;|||0%|false|false&#8221; custom_margin_phone=&#8221;|||0%|false|false&#8221; custom_margin_last_edited=&#8221;on|tablet&#8221; custom_padding=&#8221;0px||0px||true|false&#8221; positioning_tablet=&#8221;none&#8221; positioning_phone=&#8221;none&#8221; positioning_last_edited=&#8221;on|tablet&#8221; border_radii=&#8221;on|6px|6px|6px|6px&#8221; global_colors_info=&#8221;{}&#8221;][et_pb_column_inner type=&#8221;1_2&#8243; saved_specialty_column_type=&#8221;1_2&#8243; _builder_version=&#8221;4.24.2&#8243; _module_preset=&#8221;73121f80-a3ef-4484-8763-c3f18e3c56d2&#8243; background_color=&#8221;#83c5be&#8221; custom_padding=&#8221;30px|30px|30px|30px|true|true&#8221; custom_padding_tablet=&#8221;30px|30px|30px|30px|true|true&#8221; custom_padding_phone=&#8221;20px|20px|20px|20px|true|true&#8221; custom_padding_last_edited=&#8221;on|desktop&#8221; global_colors_info=&#8221;{%22#83c5be%22:%91%22background_color%22%93}&#8221;][et_pb_heading title=&#8221;Ing\u00e9nierie de pr\u00e9cision&#8221; _builder_version=&#8221;4.24.3&#8243; _module_preset=&#8221;a3805066-8711-43c7-9f62-5782da0e9f7a&#8221; title_font=&#8221;IBM Plex Sans Condensed|IBM Plex Sans Condensed_weight|||||||&#8221; title_text_color=&#8221;#FFFFFF&#8221; locked=&#8221;off&#8221; global_colors_info=&#8221;{}&#8221;][\/et_pb_heading][et_pb_text _builder_version=&#8221;4.24.3&#8243; _module_preset=&#8221;0504de1e-f5ff-4281-ba60-cbbe4edf98bc&#8221; text_font=&#8221;IBM Plex Sans|IBM Plex Sans_weight|||||||&#8221; quote_font=&#8221;IBM Plex Sans Condensed|IBM Plex Sans Condensed_weight|||||||&#8221; header_font=&#8221;IBM Plex Sans Condensed|IBM Plex Sans Condensed_weight|||||||&#8221; header_2_font=&#8221;IBM Plex Sans Condensed|IBM Plex Sans Condensed_weight|||||||&#8221; header_3_font=&#8221;IBM Plex Sans Condensed|IBM Plex Sans Condensed_weight|||||||&#8221; header_4_font=&#8221;IBM Plex Sans Condensed|IBM Plex Sans Condensed_weight|||||||&#8221; header_5_font=&#8221;IBM Plex Sans Condensed|IBM Plex Sans Condensed_weight|||||||&#8221; header_6_font=&#8221;IBM Plex Sans Condensed|IBM Plex Sans Condensed_weight|||||||&#8221; global_colors_info=&#8221;{%22gcid-36fd78a7-34bc-404d-873c-dafa34efaae5%22:%91%22icon_color%22,%22icon_color%22,%22icon_color%22,%22icon_color%22,%22link_text_color%22%93}&#8221;]Designed for unmatched speed and agility, the KRIT is your ultimate road companion.<br \/>\n[\/et_pb_text][\/et_pb_column_inner][et_pb_column_inner type=&#8221;1_2&#8243; saved_specialty_column_type=&#8221;1_2&#8243; _builder_version=&#8221;4.24.2&#8243; _module_preset=&#8221;73121f80-a3ef-4484-8763-c3f18e3c56d2&#8243; background_color=&#8221;rgba(0,0,0,0.06)&#8221; custom_padding=&#8221;30px|30px|30px|30px|true|true&#8221; custom_padding_tablet=&#8221;30px|30px|30px|30px|true|true&#8221; custom_padding_phone=&#8221;20px|20px|20px|20px|true|true&#8221; custom_padding_last_edited=&#8221;on|desktop&#8221; global_colors_info=&#8221;{}&#8221;][et_pb_heading title=&#8221;Performance in\u00e9gal\u00e9e&#8221; _builder_version=&#8221;4.24.3&#8243; _module_preset=&#8221;a3805066-8711-43c7-9f62-5782da0e9f7a&#8221; title_font=&#8221;IBM Plex Sans Condensed|IBM Plex Sans Condensed_weight|||||||&#8221; locked=&#8221;off&#8221; global_colors_info=&#8221;{}&#8221;][\/et_pb_heading][et_pb_text _builder_version=&#8221;4.24.2&#8243; _module_preset=&#8221;2c55a9c4-feed-423b-9edb-ae0b5b365cac&#8221; text_font=&#8221;IBM Plex Sans|IBM Plex Sans_weight|||||||&#8221; link_font=&#8221;|IBM Plex Sans_weight|||||||&#8221; link_text_color=&#8221;#006d77&#8243; quote_font=&#8221;IBM Plex Sans Condensed|IBM Plex Sans Condensed_weight|||||||&#8221; header_font=&#8221;IBM Plex Sans Condensed|IBM Plex Sans Condensed_weight|||||||&#8221; header_2_font=&#8221;IBM Plex Sans Condensed|IBM Plex Sans Condensed_weight|||||||&#8221; header_3_font=&#8221;IBM Plex Sans Condensed|IBM Plex Sans Condensed_weight|||||||&#8221; header_4_font=&#8221;IBM Plex Sans Condensed|IBM Plex Sans Condensed_weight|||||||&#8221; header_5_font=&#8221;IBM Plex Sans Condensed|IBM Plex Sans Condensed_weight|||||||&#8221; header_6_font=&#8221;IBM Plex Sans Condensed|IBM Plex Sans Condensed_weight|||||||&#8221; locked=&#8221;off&#8221; global_colors_info=&#8221;{}&#8221;]Engineered for cyclists who demand the best in speed and efficiency.<br \/>\n[\/et_pb_text][\/et_pb_column_inner][\/et_pb_row_inner][\/et_pb_column][\/et_pb_section][et_pb_section fb_built=&#8221;1&#8243; admin_label=&#8221;Features&#8221; _builder_version=&#8221;4.19.0&#8243; _module_preset=&#8221;default&#8221; locked=&#8221;off&#8221; collapsed=&#8221;on&#8221; global_colors_info=&#8221;{}&#8221;][et_pb_row _builder_version=&#8221;4.17.6&#8243; _module_preset=&#8221;5138c454-be54-4233-bd3b-f8e6a8747976&#8243; locked=&#8221;off&#8221; global_colors_info=&#8221;{}&#8221;][et_pb_column type=&#8221;4_4&#8243; _builder_version=&#8221;4.17.3&#8243; _module_preset=&#8221;73121f80-a3ef-4484-8763-c3f18e3c56d2&#8243; global_colors_info=&#8221;{}&#8221;][et_pb_heading title=&#8221;Caract\u00e9ristiques techniques du Pearl KRIT&#8221; _builder_version=&#8221;4.27.4&#8243; _module_preset=&#8221;c33f07d9-41e0-421a-8799-5799df695cce&#8221; title_font=&#8221;IBM Plex Sans Condensed|IBM Plex Sans Condensed_weight|||||||&#8221; locked=&#8221;off&#8221; global_colors_info=&#8221;{}&#8221;][\/et_pb_heading][\/et_pb_column][\/et_pb_row][et_pb_row column_structure=&#8221;1_3,1_3,1_3&#8243; custom_padding_last_edited=&#8221;on|tablet&#8221; _builder_version=&#8221;4.24.2&#8243; _module_preset=&#8221;5138c454-be54-4233-bd3b-f8e6a8747976&#8243; custom_padding_tablet=&#8221;||0px||false|false&#8221; custom_padding_phone=&#8221;||0px||false|false&#8221; locked=&#8221;off&#8221; global_colors_info=&#8221;{}&#8221;][et_pb_column type=&#8221;1_3&#8243; _builder_version=&#8221;4.18.0&#8243; _module_preset=&#8221;73121f80-a3ef-4484-8763-c3f18e3c56d2&#8243; global_colors_info=&#8221;{}&#8221;][et_pb_blurb title=&#8221;Design a\u00e9rodynamique&#8221; use_icon=&#8221;on&#8221; font_icon=&#8221;&#xf206;||fa||900&#8243; icon_color=&#8221;#006d77&#8243; _builder_version=&#8221;4.24.3&#8243; _module_preset=&#8221;212b201d-2c34-41bd-936c-851b7357d08b&#8221; header_font=&#8221;IBM Plex Sans Condensed|IBM Plex Sans Condensed_weight|||||||&#8221; body_font=&#8221;IBM Plex Sans|IBM Plex Sans_weight|||||||&#8221; body_link_text_color=&#8221;#006d77&#8243; background_mask_style=&#8221;arch&#8221; global_colors_info=&#8221;{%22#3c3a47%22:%91%22body_text_color%22,%22body_text_color%22%93,%22#0e0c19%22:%91%22header_text_color%22,%22header_text_color%22%93}&#8221;]The Oval Alloy Aero Design ensures optimal speed and minimal air resistance.<br \/>\n[\/et_pb_blurb][\/et_pb_column][et_pb_column type=&#8221;1_3&#8243; _builder_version=&#8221;4.18.0&#8243; _module_preset=&#8221;73121f80-a3ef-4484-8763-c3f18e3c56d2&#8243; global_colors_info=&#8221;{}&#8221;][et_pb_blurb title=&#8221;Construction en alliage avanc\u00e9e&#8221; use_icon=&#8221;on&#8221; font_icon=&#8221;&#xf7d9;||fa||900&#8243; icon_color=&#8221;#006d77&#8243; _builder_version=&#8221;4.24.3&#8243; _module_preset=&#8221;212b201d-2c34-41bd-936c-851b7357d08b&#8221; header_font=&#8221;IBM Plex Sans Condensed|IBM Plex Sans Condensed_weight|||||||&#8221; body_font=&#8221;IBM Plex Sans|IBM Plex Sans_weight|||||||&#8221; body_link_text_color=&#8221;#006d77&#8243; background_mask_style=&#8221;arch&#8221; locked=&#8221;off&#8221; global_colors_info=&#8221;{%22#3c3a47%22:%91%22body_text_color%22,%22body_text_color%22%93,%22#0e0c19%22:%91%22header_text_color%22,%22header_text_color%22,%22header_text_color%22,%22header_text_color%22%93,%22#83c5be%22:%91%22icon_color%22%93}&#8221;]Built with Dedacciai 7003 heat-treated alloy for superior strength and durability.<br \/>\n[\/et_pb_blurb][\/et_pb_column][et_pb_column type=&#8221;1_3&#8243; _builder_version=&#8221;4.18.0&#8243; _module_preset=&#8221;73121f80-a3ef-4484-8763-c3f18e3c56d2&#8243; global_colors_info=&#8221;{}&#8221;][et_pb_blurb title=&#8221;Maniabilit\u00e9 de pr\u00e9cision&#8221; use_icon=&#8221;on&#8221; font_icon=&#8221;&#xf206;||fa||900&#8243; icon_color=&#8221;#006d77&#8243; _builder_version=&#8221;4.24.3&#8243; _module_preset=&#8221;212b201d-2c34-41bd-936c-851b7357d08b&#8221; header_font=&#8221;IBM Plex Sans Condensed|IBM Plex Sans Condensed_weight|||||||&#8221; body_font=&#8221;IBM Plex Sans|IBM Plex Sans_weight|||||||&#8221; body_link_text_color=&#8221;#006d77&#8243; background_mask_style=&#8221;arch&#8221; locked=&#8221;off&#8221; global_colors_info=&#8221;{%22#3c3a47%22:%91%22body_text_color%22,%22body_text_color%22,%22body_text_color%22,%22body_text_color%22%93,%22#0e0c19%22:%91%22header_text_color%22,%22header_text_color%22,%22header_text_color%22,%22header_text_color%22%93,%22#83c5be%22:%91%22icon_color%22%93}&#8221;]Equipped with an Aero Carbon fork and direct mount rim brakes for responsive control.<br \/>\n[\/et_pb_blurb][\/et_pb_column][\/et_pb_row][\/et_pb_section][et_pb_section fb_built=&#8221;1&#8243; admin_label=&#8221;About&#8221; _builder_version=&#8221;4.25.1&#8243; _module_preset=&#8221;default&#8221; collapsed=&#8221;on&#8221; global_colors_info=&#8221;{}&#8221;][et_pb_row column_structure=&#8221;1_2,1_2&#8243; _builder_version=&#8221;4.25.1&#8243; _module_preset=&#8221;default&#8221; global_colors_info=&#8221;{}&#8221;][et_pb_column type=&#8221;1_2&#8243; _builder_version=&#8221;4.25.1&#8243; _module_preset=&#8221;default&#8221; global_colors_info=&#8221;{}&#8221;][et_pb_heading title=&#8221;\u00c0 propos du v\u00e9lo de route KRIT&#8221; _builder_version=&#8221;4.25.1&#8243; _module_preset=&#8221;c33f07d9-41e0-421a-8799-5799df695cce&#8221; title_font=&#8221;IBM Plex Sans Condensed|IBM Plex Sans Condensed_weight|||||||&#8221; global_colors_info=&#8221;{}&#8221;][\/et_pb_heading][et_pb_text _builder_version=&#8221;4.25.1&#8243; _module_preset=&#8221;2c55a9c4-feed-423b-9edb-ae0b5b365cac&#8221; text_font=&#8221;IBM Plex Sans|IBM Plex Sans_weight|||||||&#8221; link_font=&#8221;|IBM Plex Sans_weight|||||||&#8221; link_text_color=&#8221;#006d77&#8243; quote_font=&#8221;IBM Plex Sans Condensed|IBM Plex Sans Condensed_weight|||||||&#8221; header_font=&#8221;IBM Plex Sans Condensed|IBM Plex Sans Condensed_weight|||||||&#8221; header_2_font=&#8221;IBM Plex Sans Condensed|IBM Plex Sans Condensed_weight|||||||&#8221; header_3_font=&#8221;IBM Plex Sans Condensed|IBM Plex Sans Condensed_weight|||||||&#8221; header_4_font=&#8221;IBM Plex Sans Condensed|IBM Plex Sans Condensed_weight|||||||&#8221; header_5_font=&#8221;IBM Plex Sans Condensed|IBM Plex Sans Condensed_weight|||||||&#8221; header_6_font=&#8221;IBM Plex Sans Condensed|IBM Plex Sans Condensed_weight|||||||&#8221; global_colors_info=&#8221;{}&#8221;]Le KRIT est m\u00e9ticuleusement con\u00e7u pour am\u00e9liorer chaque aspect de votre exp\u00e9rience cycliste. Sa construction l\u00e9g\u00e8re et sa conception a\u00e9rodynamique offrent une vitesse et une efficacit\u00e9 in\u00e9gal\u00e9es, ce qui en fait le choix parfait pour les cyclistes de comp\u00e9tition et les passionn\u00e9s. En mettant l&#8217;accent sur l&#8217;innovation et la qualit\u00e9, le KRIT incarne l&#8217;esprit d&#8217;aventure et la joie du cyclisme. Embrassez la route en toute confiance et am\u00e9liorez votre exp\u00e9rience avec le KRIT.[\/et_pb_text][et_pb_button button_text=&#8221;En savoir plus sur le KRIT&#8221; _builder_version=&#8221;4.25.1&#8243; _module_preset=&#8221;1bffc0fc-42a0-49d1-bd9a-ae3ade2d7206&#8243; button_bg_color=&#8221;#006d77&#8243; button_font=&#8221;IBM Plex Sans|700|||||||&#8221; global_colors_info=&#8221;{}&#8221;][\/et_pb_button][\/et_pb_column][et_pb_column type=&#8221;1_2&#8243; _builder_version=&#8221;4.25.1&#8243; _module_preset=&#8221;default&#8221; global_colors_info=&#8221;{}&#8221;][et_pb_image src=&#8221;https:\/\/pearl-cycles.com\/wp-content\/uploads\/2025\/11\/IMG_9767-scaled.jpeg&#8221; title_text=&#8221;IMG_9767&#8243; _builder_version=&#8221;4.27.4&#8243; _module_preset=&#8221;1cc6152f-565c-4c4d-b0c9-cf8c9576c341&#8243; global_colors_info=&#8221;{}&#8221;][\/et_pb_image][\/et_pb_column][\/et_pb_row][\/et_pb_section][et_pb_section fb_built=&#8221;1&#8243; _builder_version=&#8221;4.27.4&#8243; _module_preset=&#8221;default&#8221; global_colors_info=&#8221;{}&#8221;][et_pb_row column_structure=&#8221;1_3,1_3,1_3&#8243; _builder_version=&#8221;4.27.4&#8243; _module_preset=&#8221;default&#8221; global_colors_info=&#8221;{}&#8221;][et_pb_column type=&#8221;1_3&#8243; _builder_version=&#8221;4.27.4&#8243; _module_preset=&#8221;default&#8221; global_colors_info=&#8221;{}&#8221;][et_pb_image src=&#8221;https:\/\/pearl-cycles.com\/wp-content\/uploads\/2025\/08\/NDL0493-1024&#215;576-1-e1757788815982.jpg&#8221; title_text=&#8221;fait main en Italie&#8221; _builder_version=&#8221;4.27.4&#8243; _module_preset=&#8221;default&#8221; global_colors_info=&#8221;{}&#8221;][\/et_pb_image][et_pb_text _builder_version=&#8221;4.27.4&#8243; _module_preset=&#8221;default&#8221; global_colors_info=&#8221;{}&#8221;]Your content goes here. Edit or remove this text inline or in the module Content settings. You can also style every aspect of this content in the module Design settings and even apply custom CSS to this text in the module Advanced settings.<br \/>\n[\/et_pb_text][\/et_pb_column][et_pb_column type=&#8221;1_3&#8243; _builder_version=&#8221;4.27.4&#8243; _module_preset=&#8221;default&#8221; global_colors_info=&#8221;{}&#8221;][et_pb_image src=&#8221;https:\/\/pearl-cycles.com\/wp-content\/uploads\/2025\/09\/IMG_3862-scaled.jpg&#8221; title_text=&#8221;IMG_3862&#8243; _builder_version=&#8221;4.27.4&#8243; _module_preset=&#8221;default&#8221; global_colors_info=&#8221;{}&#8221;][\/et_pb_image][et_pb_text _builder_version=&#8221;4.27.4&#8243; _module_preset=&#8221;default&#8221; global_colors_info=&#8221;{}&#8221;]Your content goes here. Edit or remove this text inline or in the module Content settings. You can also style every aspect of this content in the module Design settings and even apply custom CSS to this text in the module Advanced settings.<br \/>\n[\/et_pb_text][\/et_pb_column][et_pb_column type=&#8221;1_3&#8243; _builder_version=&#8221;4.27.4&#8243; _module_preset=&#8221;default&#8221; global_colors_info=&#8221;{}&#8221;][et_pb_image src=&#8221;https:\/\/pearl-cycles.com\/wp-content\/uploads\/2025\/07\/313275870_3439740632921384_6967851816191472141_n.jpg&#8221; title_text=&#8221;313275870_3439740632921384_6967851816191472141_n&#8221; _builder_version=&#8221;4.27.4&#8243; _module_preset=&#8221;default&#8221; global_colors_info=&#8221;{}&#8221;][\/et_pb_image][et_pb_text _builder_version=&#8221;4.27.4&#8243; _module_preset=&#8221;default&#8221; global_colors_info=&#8221;{}&#8221;]Your content goes here. Edit or remove this text inline or in the module Content settings. You can also style every aspect of this content in the module Design settings and even apply custom CSS to this text in the module Advanced settings.<br \/>\n[\/et_pb_text][\/et_pb_column][\/et_pb_row][\/et_pb_section][et_pb_section fb_built=&#8221;1&#8243; admin_label=&#8221;About&#8221; _builder_version=&#8221;4.25.1&#8243; _module_preset=&#8221;default&#8221; collapsed=&#8221;on&#8221; global_colors_info=&#8221;{}&#8221;][et_pb_row column_structure=&#8221;1_2,1_2&#8243; _builder_version=&#8221;4.25.1&#8243; _module_preset=&#8221;default&#8221; global_colors_info=&#8221;{}&#8221;][et_pb_column type=&#8221;1_2&#8243; _builder_version=&#8221;4.25.1&#8243; _module_preset=&#8221;default&#8221; global_colors_info=&#8221;{}&#8221;][et_pb_image src=&#8221;https:\/\/pearl-cycles.com\/wp-content\/uploads\/2025\/11\/IMG_9767-scaled.jpeg&#8221; title_text=&#8221;IMG_9767&#8243; _builder_version=&#8221;4.27.4&#8243; _module_preset=&#8221;1cc6152f-565c-4c4d-b0c9-cf8c9576c341&#8243; global_colors_info=&#8221;{}&#8221;][\/et_pb_image][\/et_pb_column][et_pb_column type=&#8221;1_2&#8243; _builder_version=&#8221;4.25.1&#8243; _module_preset=&#8221;default&#8221; global_colors_info=&#8221;{}&#8221;][et_pb_heading title=&#8221;Sp\u00e9cifications.&#8221; _builder_version=&#8221;4.27.4&#8243; _module_preset=&#8221;c33f07d9-41e0-421a-8799-5799df695cce&#8221; title_font=&#8221;IBM Plex Sans Condensed|IBM Plex Sans Condensed_weight|||||||&#8221; global_colors_info=&#8221;{}&#8221;][\/et_pb_heading][et_pb_text _builder_version=&#8221;4.27.4&#8243; _module_preset=&#8221;2c55a9c4-feed-423b-9edb-ae0b5b365cac&#8221; text_font=&#8221;IBM Plex Sans|IBM Plex Sans_weight|||||||&#8221; link_font=&#8221;|IBM Plex Sans_weight|||||||&#8221; link_text_color=&#8221;#006d77&#8243; quote_font=&#8221;IBM Plex Sans Condensed|IBM Plex Sans Condensed_weight|||||||&#8221; header_font=&#8221;IBM Plex Sans Condensed|IBM Plex Sans Condensed_weight|||||||&#8221; header_2_font=&#8221;IBM Plex Sans Condensed|IBM Plex Sans Condensed_weight|||||||&#8221; header_3_font=&#8221;IBM Plex Sans Condensed|IBM Plex Sans Condensed_weight|||||||&#8221; header_4_font=&#8221;IBM Plex Sans Condensed|IBM Plex Sans Condensed_weight|||||||&#8221; header_5_font=&#8221;IBM Plex Sans Condensed|IBM Plex Sans Condensed_weight|||||||&#8221; header_6_font=&#8221;IBM Plex Sans Condensed|IBM Plex Sans Condensed_weight|||||||&#8221; global_colors_info=&#8221;{}&#8221;]<\/p>\n<ul>\n<li>Oval Alloy Aero Design<\/li>\n<li>Dedacciai 7003 Heat treated alloy.<\/li>\n<li>Aero Carbon fork<\/li>\n<li>Direct mount rim brakes<\/li>\n<li>Minimal Cut out on down and seat tube optimizes the aerodynamics.<\/li>\n<li>28 mm tyre assembly<\/li>\n<li>regular quick release<\/li>\n<li>Wide stance aero fork and steering tube that increases the stiffness of the front part of the frame.<\/li>\n<\/ul>\n<p>[\/et_pb_text][\/et_pb_column][\/et_pb_row][\/et_pb_section][et_pb_section fb_built=&#8221;1&#8243; admin_label=&#8221;Call to Action&#8221; _builder_version=&#8221;4.24.2&#8243; _module_preset=&#8221;default&#8221; background_color=&#8221;#006d77&#8243; use_background_color_gradient=&#8221;on&#8221; background_color_gradient_direction=&#8221;65deg&#8221; background_color_gradient_stops=&#8221;#000000 0%|rgba(255,255,255,0) 100%&#8221; background_color_gradient_overlays_image=&#8221;on&#8221; background_enable_image=&#8221;off&#8221; custom_padding=&#8221;5vw||5vw||true|false&#8221; locked=&#8221;off&#8221; collapsed=&#8221;on&#8221; global_colors_info=&#8221;{%22#006d77%22:%91%22background_color%22%93}&#8221;][et_pb_row _builder_version=&#8221;4.18.0&#8243; _module_preset=&#8221;5138c454-be54-4233-bd3b-f8e6a8747976&#8243; global_colors_info=&#8221;{}&#8221;][et_pb_column type=&#8221;4_4&#8243; _builder_version=&#8221;4.18.0&#8243; _module_preset=&#8221;73121f80-a3ef-4484-8763-c3f18e3c56d2&#8243; global_colors_info=&#8221;{}&#8221;][et_pb_cta title=&#8221;Am\u00e9liorez votre exp\u00e9rience avec le KRIT&#8221; button_url=&#8221;#&#8221; button_text=&#8221;Commandez votre KRIT maintenant&#8221; _builder_version=&#8221;4.23.1&#8243; _module_preset=&#8221;4c2ad5d0-871e-414e-a4be-aa9134d4ae8e&#8221; header_font=&#8221;IBM Plex Sans Condensed|IBM Plex Sans Condensed_weight|||||||&#8221; body_font=&#8221;IBM Plex Sans||||||||&#8221; button_bg_color=&#8221;#006d77&#8243; button_font=&#8221;IBM Plex Sans|700|||||||&#8221; custom_padding=&#8221;60px|60px|60px|60px|true|true&#8221; custom_padding_tablet=&#8221;30px|30px|30px|30px|true|true&#8221; custom_padding_phone=&#8221;20px|20px|20px|20px|true|true&#8221; custom_padding_last_edited=&#8221;on|desktop&#8221; locked=&#8221;off&#8221; global_colors_info=&#8221;{%22gcid-f2943306-fa6c-45f0-b632-5fc00151366a%22:%91%22button_text_color%22%93,%22gcid-36fd78a7-34bc-404d-873c-dafa34efaae5%22:%91%22button_text_color%22,%22color%22,%22background_color%22%93,%22gcid-7cadd8b3-5228-48e4-90c4-212d09232f7b%22:%91%22color%22,%22color%22,%22color%22,%22color%22%93,%22gcid-f113ad93-2527-46d7-862b-fc71181c6b5e%22:%91%22border_color_all%22,%22border_color_all%22%93}&#8221; text_font_size_tablet=&#8221;16px&#8221; text_font_size_phone=&#8221;14px&#8221; text_font_size_last_edited=&#8221;on|phone&#8221;]Ready to experience the thrill of the KRIT? Don\u2019t wait any longer to transform your cycling adventures. Contact us today to learn more or place your order and join the ranks of satisfied riders worldwide!<br \/>\n[\/et_pb_cta][\/et_pb_column][\/et_pb_row][\/et_pb_section]<\/p>\n","protected":false},"excerpt":{"rendered":"<p>La vitesse faite main&#8230; en Italie D\u00e9couvrez le v\u00e9lo de route KRIT Experience the thrill of speed and precision with the KRIT, a road bike crafted for those who seek [&#8230;]<\/p>\n","protected":false},"author":1,"featured_media":0,"parent":0,"menu_order":0,"comment_status":"closed","ping_status":"closed","template":"","meta":{"_et_pb_use_builder":"on","_et_pb_old_content":"","_et_gb_content_width":"","om_disable_all_campaigns":false,"_monsterinsights_skip_tracking":false,"_monsterinsights_sitenote_active":false,"_monsterinsights_sitenote_note":"","_monsterinsights_sitenote_category":0,"footnotes":""},"class_list":["post-9388","page","type-page","status-publish","hentry"],"aioseo_notices":[],"_links":{"self":[{"href":"https:\/\/pearl-cycles.com\/index.php?rest_route=\/wp\/v2\/pages\/9388","targetHints":{"allow":["GET"]}}],"collection":[{"href":"https:\/\/pearl-cycles.com\/index.php?rest_route=\/wp\/v2\/pages"}],"about":[{"href":"https:\/\/pearl-cycles.com\/index.php?rest_route=\/wp\/v2\/types\/page"}],"author":[{"embeddable":true,"href":"https:\/\/pearl-cycles.com\/index.php?rest_route=\/wp\/v2\/users\/1"}],"replies":[{"embeddable":true,"href":"https:\/\/pearl-cycles.com\/index.php?rest_route=%2Fwp%2Fv2%2Fcomments&post=9388"}],"version-history":[{"count":18,"href":"https:\/\/pearl-cycles.com\/index.php?rest_route=\/wp\/v2\/pages\/9388\/revisions"}],"predecessor-version":[{"id":15818,"href":"https:\/\/pearl-cycles.com\/index.php?rest_route=\/wp\/v2\/pages\/9388\/revisions\/15818"}],"wp:attachment":[{"href":"https:\/\/pearl-cycles.com\/index.php?rest_route=%2Fwp%2Fv2%2Fmedia&parent=9388"}],"curies":[{"name":"wp","href":"https:\/\/api.w.org\/{rel}","templated":true}]}}