{"id":10011,"date":"2025-12-25T20:01:41","date_gmt":"2025-12-25T20:01:41","guid":{"rendered":"https:\/\/pearl-cycles.com\/?product=gravel-grit-einsaetze-di2"},"modified":"2025-12-25T20:01:41","modified_gmt":"2025-12-25T20:01:41","slug":"gravel-grit-einsaetze-di2","status":"publish","type":"product","link":"https:\/\/pearl-cycles.com\/?product=gravel-grit-einsaetze-di2&lang=de","title":{"rendered":"GRAVEL GRIT EINS\u00c4TZE DI2"},"content":{"rendered":"","protected":false},"excerpt":{"rendered":"<p>Eins\u00e4tze f\u00fcr Pearl Grit-Aluminiumrahmen<\/p>\n","protected":false},"featured_media":10012,"template":"","meta":{"_et_pb_use_builder":"","_et_pb_old_content":"","_et_gb_content_width":"","om_disable_all_campaigns":false,"_monsterinsights_skip_tracking":false,"_monsterinsights_sitenote_active":false,"_monsterinsights_sitenote_note":"","_monsterinsights_sitenote_category":0},"product_brand":[],"product_cat":[538],"product_tag":[],"class_list":{"0":"post-10011","1":"product","2":"type-product","3":"status-publish","4":"has-post-thumbnail","6":"product_cat-ersatzteile","8":"first","9":"instock","10":"taxable","11":"shipping-taxable","12":"purchasable","13":"product-type-simple"},"_links":{"self":[{"href":"https:\/\/pearl-cycles.com\/index.php?rest_route=\/wp\/v2\/product\/10011","targetHints":{"allow":["GET"]}}],"collection":[{"href":"https:\/\/pearl-cycles.com\/index.php?rest_route=\/wp\/v2\/product"}],"about":[{"href":"https:\/\/pearl-cycles.com\/index.php?rest_route=\/wp\/v2\/types\/product"}],"wp:featuredmedia":[{"embeddable":true,"href":"https:\/\/pearl-cycles.com\/index.php?rest_route=\/wp\/v2\/media\/10012"}],"wp:attachment":[{"href":"https:\/\/pearl-cycles.com\/index.php?rest_route=%2Fwp%2Fv2%2Fmedia&parent=10011"}],"wp:term":[{"taxonomy":"product_brand","embeddable":true,"href":"https:\/\/pearl-cycles.com\/index.php?rest_route=%2Fwp%2Fv2%2Fproduct_brand&post=10011"},{"taxonomy":"product_cat","embeddable":true,"href":"https:\/\/pearl-cycles.com\/index.php?rest_route=%2Fwp%2Fv2%2Fproduct_cat&post=10011"},{"taxonomy":"product_tag","embeddable":true,"href":"https:\/\/pearl-cycles.com\/index.php?rest_route=%2Fwp%2Fv2%2Fproduct_tag&post=10011"}],"curies":[{"name":"wp","href":"https:\/\/api.w.org\/{rel}","templated":true}]}}