{"id":16562,"date":"2026-03-06T10:20:54","date_gmt":"2026-03-06T10:20:54","guid":{"rendered":"https:\/\/pearl-cycles.com\/?product=pedales-wahoo-speedplay-cro-mo"},"modified":"2026-03-06T10:20:54","modified_gmt":"2026-03-06T10:20:54","slug":"pedales-wahoo-speedplay-cro-mo","status":"publish","type":"product","link":"https:\/\/pearl-cycles.com\/?product=pedales-wahoo-speedplay-cro-mo&lang=fr","title":{"rendered":"P\u00e9dales Wahoo Speedplay Cro-Mo"},"content":{"rendered":"","protected":false},"excerpt":{"rendered":"<p>Con\u00e7ue pour tout affronter, la p\u00e9dale de route SPEEDPLAY ZERO est particuli\u00e8rement qualifi\u00e9e pour r\u00e9sister aux exigences de toutes les disciplines, de la course effr\u00e9n\u00e9e \u00e0 l&#8217;\u00e9pop\u00e9e du double si\u00e8cle. La p\u00e9dale de v\u00e9lo double face en acier inoxydable et le syst\u00e8me de cale int\u00e9gr\u00e9 offrent un transfert de puissance optimal et une durabilit\u00e9 exceptionnelle. L&#8217;ajustement personnalis\u00e9 et l&#8217;entr\u00e9e double face vous permettront d&#8217;appuyer sur les p\u00e9dales en toute confiance et confort.  <\/p>\n","protected":false},"featured_media":16564,"template":"","meta":{"_et_pb_use_builder":"","_et_pb_old_content":"","_et_gb_content_width":"","om_disable_all_campaigns":false,"_monsterinsights_skip_tracking":false,"_monsterinsights_sitenote_active":false,"_monsterinsights_sitenote_note":"","_monsterinsights_sitenote_category":0},"product_brand":[],"product_cat":[573],"product_tag":[576],"class_list":{"0":"post-16562","1":"product","2":"type-product","3":"status-publish","4":"has-post-thumbnail","6":"product_cat-pedales","7":"product_tag-pedales-speedplay","9":"first","10":"instock","11":"taxable","12":"shipping-taxable","13":"purchasable","14":"product-type-simple"},"_links":{"self":[{"href":"https:\/\/pearl-cycles.com\/index.php?rest_route=\/wp\/v2\/product\/16562","targetHints":{"allow":["GET"]}}],"collection":[{"href":"https:\/\/pearl-cycles.com\/index.php?rest_route=\/wp\/v2\/product"}],"about":[{"href":"https:\/\/pearl-cycles.com\/index.php?rest_route=\/wp\/v2\/types\/product"}],"wp:featuredmedia":[{"embeddable":true,"href":"https:\/\/pearl-cycles.com\/index.php?rest_route=\/wp\/v2\/media\/16564"}],"wp:attachment":[{"href":"https:\/\/pearl-cycles.com\/index.php?rest_route=%2Fwp%2Fv2%2Fmedia&parent=16562"}],"wp:term":[{"taxonomy":"product_brand","embeddable":true,"href":"https:\/\/pearl-cycles.com\/index.php?rest_route=%2Fwp%2Fv2%2Fproduct_brand&post=16562"},{"taxonomy":"product_cat","embeddable":true,"href":"https:\/\/pearl-cycles.com\/index.php?rest_route=%2Fwp%2Fv2%2Fproduct_cat&post=16562"},{"taxonomy":"product_tag","embeddable":true,"href":"https:\/\/pearl-cycles.com\/index.php?rest_route=%2Fwp%2Fv2%2Fproduct_tag&post=16562"}],"curies":[{"name":"wp","href":"https:\/\/api.w.org\/{rel}","templated":true}]}}