{"id":16594,"date":"2026-03-07T09:51:47","date_gmt":"2026-03-07T09:51:47","guid":{"rendered":"https:\/\/pearl-cycles.com\/?product=speedplay-power-einseitig"},"modified":"2026-03-07T09:51:47","modified_gmt":"2026-03-07T09:51:47","slug":"speedplay-power-einseitig","status":"publish","type":"product","link":"https:\/\/pearl-cycles.com\/?product=speedplay-power-einseitig&lang=de","title":{"rendered":"SPEEDPLAY POWER &#8211; Einseitig"},"content":{"rendered":"<section class=\"flex flex-col gap-y-10 lg:pt-10\">\n<div>\n<div class=\"relative isolate mx-auto flex w-full flex-col gap-6\">\n<div class=\"flex items-center justify-between border-b border-gray-200 pb-4\">\n<h2 class=\"cursor-pointer font-rbno3 text-h4 tracking-wide text-black\">Lieferumfang<\/h2>\n<\/div>\n<div>\n<div class=\"flex flex-col justify-between gap-6 lg:flex-row\">\n<div class=\"text-base text-black\/70\">\n<ul class=\"ml-4 list-outside list-disc pl-2 text-base text-black\/70\">\n<li>Linkes Power-Pedal<\/li>\n<li>Rechtes Speedplay Zero Pedal<\/li>\n<li>Standard Tension Cleats<\/li>\n<li>Unterlegscheibe (2x)<\/li>\n<li>Cleat-Montagesatz<\/li>\n<li>Cleat-Distanzst\u00fcck<\/li>\n<li>Schraubenpaket<\/li>\n<li>Ladekabel und Clip<\/li>\n<li>Schnellstartanleitung<\/li>\n<li>Wichtige Produktinformationen<\/li>\n<\/ul>\n<p class=\"mt-4 max-w-3xl\">Zus\u00e4tzlich f\u00fcr die Montage ben\u00f6tigtes Werkzeug: Kreuzschlitzschraubendreher (PH1 und PH2) und 8-mm-Innensechskantschl\u00fcssel<\/p>\n<\/div>\n<\/div>\n<\/div>\n<\/div>\n<\/div>\n<\/section>\n<section class=\"flex flex-col gap-y-10 lg:pt-10\">\n<div>\n<div class=\"relative isolate mx-auto flex w-full flex-col gap-6\">\n<div class=\"flex items-center justify-between border-b border-gray-200 pb-4\">\n<h2 class=\"cursor-pointer font-rbno3 text-h4 tracking-wide text-black\">Technische Daten<\/h2>\n<\/div>\n<div>\n<div class=\"flex flex-col justify-between gap-6 lg:flex-row\">\n<div class=\"text-base text-black\/70\">\n<ul class=\"ml-4 list-outside list-disc pl-2 text-base text-black\/70 sm:columns-2\">\n<li><span class=\"text-base font-semibold capitalize text-black\">Abmessungen:<\/span> 9 x 4 cm<\/li>\n<li><span class=\"text-base font-semibold capitalize text-black\">Herkunftsland:<\/span> Vietnam<\/li>\n<li><span class=\"text-base font-semibold capitalize text-black\">Gewicht:<\/span> 249 g pro Paar<\/li>\n<li><span class=\"text-base font-semibold capitalize text-black\">Bauh\u00f6he:<\/span> 13 mm (3-Loch)<\/li>\n<li><span class=\"text-base font-semibold capitalize text-black\">Q-Faktor:<\/span> 55 mm<\/li>\n<li><span class=\"text-base font-semibold capitalize text-black\">Geh\u00e4usematerial:<\/span> Grivory<\/li>\n<li><span class=\"text-base font-semibold capitalize text-black\">Achsmaterial:<\/span> Edelstahl<\/li>\n<li><span class=\"text-base font-semibold capitalize text-black\">Lagertyp:<\/span> Dreifach abgedichtete Industrie- &amp; Nadellager<\/li>\n<li><span class=\"text-base font-semibold capitalize text-black\">Kurvenfreiheit:<\/span> 39\u00b0<\/li>\n<li><span class=\"text-base font-semibold capitalize text-black\">Cleats:<\/span> Standard Tension inklusive (Easy Tension kompatibel)<\/li>\n<li><span class=\"text-base font-semibold capitalize text-black\">Ausl\u00f6sewinkel:<\/span> Feinjustierbar von 0\u00b0 bis 7,5\u00b0<\/li>\n<li><span class=\"text-base font-semibold capitalize text-black\">Bewegungsfreiheit:<\/span> Einstellbar von 0\u00b0 bis 15\u00b0<\/li>\n<li><span class=\"text-base font-semibold capitalize text-black\">L\u00e4ngsverstellbarkeit der Cleats:<\/span> Bis zu 13 mm<\/li>\n<li><span class=\"text-base font-semibold capitalize text-black\">Seitenverstellbarkeit der Cleats:<\/span> Bis zu 6 mm<\/li>\n<li><span class=\"text-base font-semibold capitalize text-black\">Walkable Cleat:<\/span> Ja (Adapter inklusive)<\/li>\n<li><span class=\"text-base font-semibold capitalize text-black\">Akkulaufzeit:<\/span> Bis zu 75 Stunden<\/li>\n<li><span class=\"text-base font-semibold capitalize text-black\">Konnektivit\u00e4t:<\/span> ANT+, Bluetooth<\/li>\n<li><span class=\"text-base font-semibold capitalize text-black\">Max. Fahrergewicht:<\/span> 113 kg<\/li>\n<\/ul>\n<p class=\"mt-4 max-w-3xl\">Wahoo Speedplay-Pedale sind ausschlie\u00dflich f\u00fcr den Einsatz auf der Stra\u00dfe konzipiert. F\u00fcr das beste Fahrerlebnis solltest du sicherstellen, dass deine Cleats vor und w\u00e4hrend jeder Fahrt sauber sind. Das Fahren im Gel\u00e4nde kann zu Sch\u00e4den an den Cleats f\u00fchren oder dazu, dass sich Schmutz in ihnen festsetzt.  <\/p>\n<\/div>\n<\/div>\n<\/div>\n<\/div>\n<\/div>\n<\/section>\n","protected":false},"excerpt":{"rendered":"<p>Basierend auf dem hochmodernen SPEEDPLAY-Pedalsystem liefert das einseitige SPEEDPLAY POWER-Leistungsmesspedal zuverl\u00e4ssig pr\u00e4zise Leistungs- und Trittfrequenzdaten in einem rennerprobten System. Diese kraftvolle Kombination schafft ein konkurrenzloses Power-Pedal, das Radfahrern hilft, ihre Leistung zu optimieren, indem es die n\u00f6tige Transparenz, Einstellbarkeit und Effizienz bietet, um das n\u00e4chste Level zu erreichen. Kopple es mit dem Wahoo-\u00d6kosystem aus Smart-Ger\u00e4ten f\u00fcr ein umfassenderes Bild deiner Daten und Leistung sowie zum Tracken, Analysieren, Teilen und Verbessern.  <\/p>\n","protected":false},"featured_media":16595,"template":"","meta":{"_et_pb_use_builder":"","_et_pb_old_content":"","_et_gb_content_width":"","om_disable_all_campaigns":false,"_monsterinsights_skip_tracking":false,"_monsterinsights_sitenote_active":false,"_monsterinsights_sitenote_note":"","_monsterinsights_sitenote_category":0},"product_brand":[],"product_cat":[561],"product_tag":[],"class_list":{"0":"post-16594","1":"product","2":"type-product","3":"status-publish","4":"has-post-thumbnail","6":"product_cat-pedals","8":"first","9":"instock","10":"taxable","11":"shipping-taxable","12":"purchasable","13":"product-type-simple"},"aioseo_notices":[],"_links":{"self":[{"href":"https:\/\/pearl-cycles.com\/index.php?rest_route=\/wp\/v2\/product\/16594","targetHints":{"allow":["GET"]}}],"collection":[{"href":"https:\/\/pearl-cycles.com\/index.php?rest_route=\/wp\/v2\/product"}],"about":[{"href":"https:\/\/pearl-cycles.com\/index.php?rest_route=\/wp\/v2\/types\/product"}],"wp:featuredmedia":[{"embeddable":true,"href":"https:\/\/pearl-cycles.com\/index.php?rest_route=\/wp\/v2\/media\/16595"}],"wp:attachment":[{"href":"https:\/\/pearl-cycles.com\/index.php?rest_route=%2Fwp%2Fv2%2Fmedia&parent=16594"}],"wp:term":[{"taxonomy":"product_brand","embeddable":true,"href":"https:\/\/pearl-cycles.com\/index.php?rest_route=%2Fwp%2Fv2%2Fproduct_brand&post=16594"},{"taxonomy":"product_cat","embeddable":true,"href":"https:\/\/pearl-cycles.com\/index.php?rest_route=%2Fwp%2Fv2%2Fproduct_cat&post=16594"},{"taxonomy":"product_tag","embeddable":true,"href":"https:\/\/pearl-cycles.com\/index.php?rest_route=%2Fwp%2Fv2%2Fproduct_tag&post=16594"}],"curies":[{"name":"wp","href":"https:\/\/api.w.org\/{rel}","templated":true}]}}