{"id":16755,"date":"2026-03-07T09:51:47","date_gmt":"2026-03-07T09:51:47","guid":{"rendered":"https:\/\/pearl-cycles.com\/?product=speedplay-power-simple"},"modified":"2026-03-07T09:51:47","modified_gmt":"2026-03-07T09:51:47","slug":"speedplay-power-simple","status":"publish","type":"product","link":"https:\/\/pearl-cycles.com\/?product=speedplay-power-simple&lang=fr","title":{"rendered":"SPEEDPLAY POWER &#8211; Simple"},"content":{"rendered":"<section class=\"flex flex-col gap-y-10 lg:pt-10\">\n<div>\n<div class=\"relative isolate mx-auto flex w-full flex-col gap-6\">\n<div class=\"flex items-center justify-between border-b border-gray-200 pb-4\">\n<h2 class=\"cursor-pointer font-rbno3 text-h4 tracking-wide text-black\">Contenu de la livraison<\/h2>\n<\/div>\n<div>\n<div class=\"flex flex-col justify-between gap-6 lg:flex-row\">\n<div class=\"text-base text-black\/70\">\n<ul class=\"ml-4 list-outside list-disc pl-2 text-base text-black\/70\">\n<li>P\u00e9dale de puissance gauche<\/li>\n<li>P\u00e9dale Speedplay Zero droite<\/li>\n<li>Cales \u00e0 tension standard<\/li>\n<li>Rondelle (x2)<\/li>\n<li>Ensemble de cales<\/li>\n<li>Espaceur de cale<\/li>\n<li>Sachet de vis<\/li>\n<li>C\u00e2ble et clip de charge<\/li>\n<li>Guide de d\u00e9marrage rapide<\/li>\n<li>Guide d&#8217;informations produit importantes<\/li>\n<\/ul>\n<p class=\"mt-4 max-w-3xl\">Outils suppl\u00e9mentaires requis pour le montage : tournevis cruciforme #1 et #2 et cl\u00e9 Allen de 8 mm<\/p>\n<\/div>\n<\/div>\n<\/div>\n<\/div>\n<\/div>\n<\/section>\n<section class=\"flex flex-col gap-y-10 lg:pt-10\">\n<div>\n<div class=\"relative isolate mx-auto flex w-full flex-col gap-6\">\n<div class=\"flex items-center justify-between border-b border-gray-200 pb-4\">\n<h2 class=\"cursor-pointer font-rbno3 text-h4 tracking-wide text-black\">Caract\u00e9ristiques techniques<\/h2>\n<\/div>\n<div>\n<div class=\"flex flex-col justify-between gap-6 lg:flex-row\">\n<div class=\"text-base text-black\/70\">\n<ul class=\"ml-4 list-outside list-disc pl-2 text-base text-black\/70 sm:columns-2\">\n<li><span class=\"text-base font-semibold capitalize text-black\">Dimensions physiques :<\/span> 9 x 4 cm<\/li>\n<li><span class=\"text-base font-semibold capitalize text-black\">Pays d&#8217;origine :<\/span> Vietnam<\/li>\n<li><span class=\"text-base font-semibold capitalize text-black\">Poids :<\/span> 249 g la paire<\/li>\n<li><span class=\"text-base font-semibold capitalize text-black\">Hauteur de pile :<\/span> 13 mm (3 trous)<\/li>\n<li><span class=\"text-base font-semibold capitalize text-black\">Facteur Q :<\/span> 55 mm<\/li>\n<li><span class=\"text-base font-semibold capitalize text-black\">Mat\u00e9riau du corps :<\/span> Grivory<\/li>\n<li><span class=\"text-base font-semibold capitalize text-black\">Mat\u00e9riau de l&#8217;axe :<\/span> Acier inoxydable<\/li>\n<li><span class=\"text-base font-semibold capitalize text-black\">Type de roulement :<\/span> Roulements \u00e0 cartouche et \u00e0 aiguilles triple \u00e9tanch\u00e9it\u00e9<\/li>\n<li><span class=\"text-base font-semibold capitalize text-black\">D\u00e9gagement en virage :<\/span> 39\u00b0<\/li>\n<li><span class=\"text-base font-semibold capitalize text-black\">Cales :<\/span> Tension standard incluse (compatible tension facile)<\/li>\n<li><span class=\"text-base font-semibold capitalize text-black\">Angle de d\u00e9gagement :<\/span> Micro-ajustable de 0\u00b0 \u00e0 7,5\u00b0<\/li>\n<li><span class=\"text-base font-semibold capitalize text-black\">Flottement de p\u00e9dale :<\/span> Ajustable de 0\u00b0 \u00e0 15\u00b0<\/li>\n<li><span class=\"text-base font-semibold capitalize text-black\">Ajustement avant-arri\u00e8re de la cale :<\/span> Jusqu&#8217;\u00e0 13 mm<\/li>\n<li><span class=\"text-base font-semibold capitalize text-black\">Ajustement gauche-droite de la cale :<\/span> Jusqu&#8217;\u00e0 6 mm<\/li>\n<li><span class=\"text-base font-semibold capitalize text-black\">Cale marchable :<\/span> Oui (adaptateur inclus)<\/li>\n<li><span class=\"text-base font-semibold capitalize text-black\">Autonomie de la batterie :<\/span> Jusqu&#8217;\u00e0 75 heures<\/li>\n<li><span class=\"text-base font-semibold capitalize text-black\">Connectivit\u00e9 :<\/span> ANT+, Bluetooth<\/li>\n<li><span class=\"text-base font-semibold capitalize text-black\">Poids max. du cycliste :<\/span> 113 kg<\/li>\n<\/ul>\n<p class=\"mt-4 max-w-3xl\">Les p\u00e9dales Wahoo Speedplay sont con\u00e7ues uniquement pour le cyclisme sur route. Pour une exp\u00e9rience de conduite optimale, assure-toi que tes cales sont propres avant et pendant chaque sortie. Le cyclisme hors route peut endommager les cales et\/ou entra\u00eener l&#8217;accumulation de d\u00e9bris dans les cales.  <\/p>\n<\/div>\n<\/div>\n<\/div>\n<\/div>\n<\/div>\n<\/section>\n","protected":false},"excerpt":{"rendered":"<p>Bas\u00e9e sur le syst\u00e8me de p\u00e9dales SPEEDPLAY de pointe, la p\u00e9dale de puissance simple face SPEEDPLAY POWER fournit des donn\u00e9es de puissance et de cadence d&#8217;une fiabilit\u00e9 \u00e9prouv\u00e9e en comp\u00e9tition. Cette combinaison puissante cr\u00e9e une p\u00e9dale de puissance in\u00e9gal\u00e9e qui aide les cyclistes \u00e0 optimiser leurs performances en offrant la visibilit\u00e9, l&#8217;ajustabilit\u00e9 et l&#8217;efficacit\u00e9 n\u00e9cessaires pour franchir un nouveau cap. Associe-la \u00e0 l&#8217;\u00e9cosyst\u00e8me d&#8217;appareils intelligents Wahoo pour une vue d&#8217;ensemble de tes donn\u00e9es et performances, et pour suivre, analyser, partager et progresser.  <\/p>\n","protected":false},"featured_media":16756,"template":"","meta":{"_et_pb_use_builder":"","_et_pb_old_content":"","_et_gb_content_width":"","om_disable_all_campaigns":false,"_monsterinsights_skip_tracking":false,"_monsterinsights_sitenote_active":false,"_monsterinsights_sitenote_note":"","_monsterinsights_sitenote_category":0},"product_brand":[],"product_cat":[573],"product_tag":[],"class_list":{"0":"post-16755","1":"product","2":"type-product","3":"status-publish","4":"has-post-thumbnail","6":"product_cat-pedales","8":"first","9":"instock","10":"taxable","11":"shipping-taxable","12":"purchasable","13":"product-type-simple"},"aioseo_notices":[],"_links":{"self":[{"href":"https:\/\/pearl-cycles.com\/index.php?rest_route=\/wp\/v2\/product\/16755","targetHints":{"allow":["GET"]}}],"collection":[{"href":"https:\/\/pearl-cycles.com\/index.php?rest_route=\/wp\/v2\/product"}],"about":[{"href":"https:\/\/pearl-cycles.com\/index.php?rest_route=\/wp\/v2\/types\/product"}],"wp:featuredmedia":[{"embeddable":true,"href":"https:\/\/pearl-cycles.com\/index.php?rest_route=\/wp\/v2\/media\/16756"}],"wp:attachment":[{"href":"https:\/\/pearl-cycles.com\/index.php?rest_route=%2Fwp%2Fv2%2Fmedia&parent=16755"}],"wp:term":[{"taxonomy":"product_brand","embeddable":true,"href":"https:\/\/pearl-cycles.com\/index.php?rest_route=%2Fwp%2Fv2%2Fproduct_brand&post=16755"},{"taxonomy":"product_cat","embeddable":true,"href":"https:\/\/pearl-cycles.com\/index.php?rest_route=%2Fwp%2Fv2%2Fproduct_cat&post=16755"},{"taxonomy":"product_tag","embeddable":true,"href":"https:\/\/pearl-cycles.com\/index.php?rest_route=%2Fwp%2Fv2%2Fproduct_tag&post=16755"}],"curies":[{"name":"wp","href":"https:\/\/api.w.org\/{rel}","templated":true}]}}