{"id":16980,"date":"2026-03-07T09:57:26","date_gmt":"2026-03-07T09:57:26","guid":{"rendered":"https:\/\/pearl-cycles.com\/?product=speedplay-power-dual"},"modified":"2026-03-07T09:57:26","modified_gmt":"2026-03-07T09:57:26","slug":"speedplay-power-dual","status":"publish","type":"product","link":"https:\/\/pearl-cycles.com\/?product=speedplay-power-dual&lang=es","title":{"rendered":"SPEEDPLAY &#8211; POWER Dual"},"content":{"rendered":"<section class=\"flex flex-col gap-y-10 lg:pt-10\">\n<div>\n<div class=\"relative isolate mx-auto flex w-full flex-col gap-6\">\n<div class=\"flex items-center justify-between border-b border-gray-200 pb-4\">\n<h2 class=\"cursor-pointer font-rbno3 text-h4 tracking-wide text-black\">\u00bfQu\u00e9 incluye?<\/h2>\n<\/div>\n<div>\n<div class=\"flex flex-col justify-between gap-6 lg:flex-row\">\n<div class=\"text-base text-black\/70\">\n<ul class=\"ml-4 list-outside list-disc pl-2 text-base text-black\/70\">\n<li>Pedales de potencia izquierdo y derecho<\/li>\n<li>Calas de tensi\u00f3n est\u00e1ndar<\/li>\n<li>Arandela (x2)<\/li>\n<li>Conjunto de calas<\/li>\n<li>Espaciador de calas<\/li>\n<li>Paquete de tornillos<\/li>\n<li>Cable de carga y clips<\/li>\n<li>Gu\u00eda de inicio r\u00e1pido<\/li>\n<li>Gu\u00eda de informaci\u00f3n importante del producto<\/li>\n<\/ul>\n<p class=\"mt-4 max-w-3xl\">Herramientas adicionales necesarias para el montaje: destornillador Phillips #1 y #2 y llave Allen de 8 mm<\/p>\n<\/div>\n<\/div>\n<\/div>\n<\/div>\n<\/div>\n<\/section>\n<section class=\"flex flex-col gap-y-10 lg:pt-10\">\n<div>\n<div class=\"relative isolate mx-auto flex w-full flex-col gap-6\">\n<div class=\"flex items-center justify-between border-b border-gray-200 pb-4\">\n<h2 class=\"cursor-pointer font-rbno3 text-h4 tracking-wide text-black\">Especificaciones t\u00e9cnicas<\/h2>\n<\/div>\n<div>\n<div class=\"flex flex-col justify-between gap-6 lg:flex-row\">\n<div class=\"text-base text-black\/70\">\n<ul class=\"ml-4 list-outside list-disc pl-2 text-base text-black\/70 sm:columns-2\">\n<li><span class=\"text-base font-semibold capitalize text-black\">Dimensiones f\u00edsicas:<\/span> 9 x 4 cm<\/li>\n<li><span class=\"text-base font-semibold capitalize text-black\">Pa\u00eds de origen:<\/span> Vietnam<\/li>\n<li><span class=\"text-base font-semibold capitalize text-black\">Peso:<\/span> 276 g el par<\/li>\n<li><span class=\"text-base font-semibold capitalize text-black\">Altura de apilamiento:<\/span> 13 mm (3 agujeros)<\/li>\n<li><span class=\"text-base font-semibold capitalize text-black\">Factor Q:<\/span> 55 mm<\/li>\n<li><span class=\"text-base font-semibold capitalize text-black\">Material del cuerpo:<\/span> Grivory<\/li>\n<li><span class=\"text-base font-semibold capitalize text-black\">Material del eje:<\/span> Acero inoxidable<\/li>\n<li><span class=\"text-base font-semibold capitalize text-black\">Tipo de rodamiento:<\/span> Rodamientos de cartucho y agujas triple sellado<\/li>\n<li><span class=\"text-base font-semibold capitalize text-black\">Despeje en curva:<\/span> 39\u00b0<\/li>\n<li><span class=\"text-base font-semibold capitalize text-black\">Calas:<\/span> Tensi\u00f3n est\u00e1ndar incluida (compatible con tensi\u00f3n f\u00e1cil)<\/li>\n<li><span class=\"text-base font-semibold capitalize text-black\">\u00c1ngulo de liberaci\u00f3n:<\/span> Microajustable de 0\u00b0 a 7,5\u00b0<\/li>\n<li><span class=\"text-base font-semibold capitalize text-black\">Flotaci\u00f3n del pedal:<\/span> Ajustable de 0\u00b0 a 15\u00b0<\/li>\n<li><span class=\"text-base font-semibold capitalize text-black\">Ajustabilidad antero-posterior de la cala:<\/span> Hasta 13 mm<\/li>\n<li><span class=\"text-base font-semibold capitalize text-black\">Ajustabilidad lateral de la cala:<\/span> Hasta 6 mm<\/li>\n<li><span class=\"text-base font-semibold capitalize text-black\">Cala para caminar:<\/span> S\u00ed (adaptador incluido)<\/li>\n<li><span class=\"text-base font-semibold capitalize text-black\">Duraci\u00f3n de la bater\u00eda:<\/span> Hasta 75 horas<\/li>\n<li><span class=\"text-base font-semibold capitalize text-black\">Conectividad:<\/span> ANT+, Bluetooth<\/li>\n<li><span class=\"text-base font-semibold capitalize text-black\">Peso m\u00e1ximo del ciclista:<\/span> 113 kg<\/li>\n<\/ul>\n<p class=\"mt-4 max-w-3xl\">Los pedales Wahoo Speedplay est\u00e1n dise\u00f1ados exclusivamente para ciclismo de carretera. Para disfrutar de la mejor experiencia, aseg\u00farate de que las calas est\u00e9n limpias antes y durante cada salida. El ciclismo fuera de carretera puede da\u00f1ar las calas y\/o provocar que se acumulen residuos en ellas.  <\/p>\n<\/div>\n<\/div>\n<\/div>\n<\/div>\n<\/div>\n<\/section>\n<section class=\"flex flex-col gap-y-10 lg:pt-10\">\n<div>\n<div class=\"relative isolate mx-auto flex w-full flex-col gap-6\">\n<div class=\"flex items-center justify-between border-b border-gray-200 pb-4\">\n<h2 class=\"cursor-pointer font-rbno3 text-h4 tracking-wide text-black\">Configuraci\u00f3n<\/h2>\n<\/div>\n<\/div>\n<\/div>\n<\/section>\n","protected":false},"excerpt":{"rendered":"<p>La combinaci\u00f3n de los algoritmos de potencia probados de Wahoo y las caracter\u00edsticas avanzadas de SPEEDPLAY sit\u00faan a los pedales de potencia SPEEDPLAY POWER por encima de la competencia. Al capturar la potencia total, el balance izquierda-derecha y la cadencia, SPEEDPLAY POWER DUAL ofrece todos los datos necesarios para generar mejoras en el rendimiento. Comb\u00ednalos con todo el ecosistema de dispositivos inteligentes de Wahoo para registrar, analizar y compartir tus avances.  <\/p>\n","protected":false},"featured_media":16981,"template":"","meta":{"_et_pb_use_builder":"","_et_pb_old_content":"","_et_gb_content_width":"","om_disable_all_campaigns":false,"_monsterinsights_skip_tracking":false,"_monsterinsights_sitenote_active":false,"_monsterinsights_sitenote_note":"","_monsterinsights_sitenote_category":0},"product_brand":[],"product_cat":[589],"product_tag":[],"class_list":{"0":"post-16980","1":"product","2":"type-product","3":"status-publish","4":"has-post-thumbnail","6":"product_cat-pedales","8":"first","9":"instock","10":"taxable","11":"shipping-taxable","12":"purchasable","13":"product-type-simple"},"_links":{"self":[{"href":"https:\/\/pearl-cycles.com\/index.php?rest_route=\/wp\/v2\/product\/16980","targetHints":{"allow":["GET"]}}],"collection":[{"href":"https:\/\/pearl-cycles.com\/index.php?rest_route=\/wp\/v2\/product"}],"about":[{"href":"https:\/\/pearl-cycles.com\/index.php?rest_route=\/wp\/v2\/types\/product"}],"wp:featuredmedia":[{"embeddable":true,"href":"https:\/\/pearl-cycles.com\/index.php?rest_route=\/wp\/v2\/media\/16981"}],"wp:attachment":[{"href":"https:\/\/pearl-cycles.com\/index.php?rest_route=%2Fwp%2Fv2%2Fmedia&parent=16980"}],"wp:term":[{"taxonomy":"product_brand","embeddable":true,"href":"https:\/\/pearl-cycles.com\/index.php?rest_route=%2Fwp%2Fv2%2Fproduct_brand&post=16980"},{"taxonomy":"product_cat","embeddable":true,"href":"https:\/\/pearl-cycles.com\/index.php?rest_route=%2Fwp%2Fv2%2Fproduct_cat&post=16980"},{"taxonomy":"product_tag","embeddable":true,"href":"https:\/\/pearl-cycles.com\/index.php?rest_route=%2Fwp%2Fv2%2Fproduct_tag&post=16980"}],"curies":[{"name":"wp","href":"https:\/\/api.w.org\/{rel}","templated":true}]}}