{"id":16991,"date":"2026-03-06T10:21:31","date_gmt":"2026-03-06T10:21:31","guid":{"rendered":"https:\/\/pearl-cycles.com\/?product=wahoo-speedplay-steel"},"modified":"2026-03-06T10:21:31","modified_gmt":"2026-03-06T10:21:31","slug":"wahoo-speedplay-steel","status":"publish","type":"product","link":"https:\/\/pearl-cycles.com\/?product=wahoo-speedplay-steel&lang=es","title":{"rendered":"Wahoo Speedplay Steel"},"content":{"rendered":"","protected":false},"excerpt":{"rendered":"<p>La excepcional comodidad y versatilidad del pedal de bicicleta SPEEDPLAY COMP cromoly de doble cara se derivan de su plataforma estable y que inspira confianza, ofreciendo valor y rendimiento kil\u00f3metro tras kil\u00f3metro para ciclistas de todos los niveles, desde principiantes hasta avanzados. El enganche preciso, el enganche f\u00e1cil, el desenganche sin esfuerzo y la entrada de doble cara con la cala Easy Tension proporcionan facilidad de uso y confianza al ciclista. <\/p>\n","protected":false},"featured_media":16993,"template":"","meta":{"_et_pb_use_builder":"","_et_pb_old_content":"","_et_gb_content_width":"","om_disable_all_campaigns":false,"_monsterinsights_skip_tracking":false,"_monsterinsights_sitenote_active":false,"_monsterinsights_sitenote_note":"","_monsterinsights_sitenote_category":0},"product_brand":[],"product_cat":[589],"product_tag":[592],"class_list":{"0":"post-16991","1":"product","2":"type-product","3":"status-publish","4":"has-post-thumbnail","6":"product_cat-pedales","7":"product_tag-wahoo","9":"first","10":"instock","11":"taxable","12":"shipping-taxable","13":"purchasable","14":"product-type-simple"},"_links":{"self":[{"href":"https:\/\/pearl-cycles.com\/index.php?rest_route=\/wp\/v2\/product\/16991","targetHints":{"allow":["GET"]}}],"collection":[{"href":"https:\/\/pearl-cycles.com\/index.php?rest_route=\/wp\/v2\/product"}],"about":[{"href":"https:\/\/pearl-cycles.com\/index.php?rest_route=\/wp\/v2\/types\/product"}],"wp:featuredmedia":[{"embeddable":true,"href":"https:\/\/pearl-cycles.com\/index.php?rest_route=\/wp\/v2\/media\/16993"}],"wp:attachment":[{"href":"https:\/\/pearl-cycles.com\/index.php?rest_route=%2Fwp%2Fv2%2Fmedia&parent=16991"}],"wp:term":[{"taxonomy":"product_brand","embeddable":true,"href":"https:\/\/pearl-cycles.com\/index.php?rest_route=%2Fwp%2Fv2%2Fproduct_brand&post=16991"},{"taxonomy":"product_cat","embeddable":true,"href":"https:\/\/pearl-cycles.com\/index.php?rest_route=%2Fwp%2Fv2%2Fproduct_cat&post=16991"},{"taxonomy":"product_tag","embeddable":true,"href":"https:\/\/pearl-cycles.com\/index.php?rest_route=%2Fwp%2Fv2%2Fproduct_tag&post=16991"}],"curies":[{"name":"wp","href":"https:\/\/api.w.org\/{rel}","templated":true}]}}