{"id":5023,"date":"2025-08-07T19:55:13","date_gmt":"2025-08-07T19:55:13","guid":{"rendered":"https:\/\/pearl-cycles.com\/produkt\/empire-slx-campagnolo-ekar\/"},"modified":"2025-08-07T19:55:13","modified_gmt":"2025-08-07T19:55:13","slug":"empire-slx-campagnolo-ekar","status":"publish","type":"product","link":"https:\/\/pearl-cycles.com\/?product=empire-slx-campagnolo-ekar&lang=de","title":{"rendered":"EMPIRE SLX Campagnolo EKAR"},"content":{"rendered":"<p><strong>Specs<\/strong><\/p>\n<ul>\n<li>Vollst\u00e4ndiges Aero-Performance-Modell, das optimierte aerodynamische unidirektionale Carbonfaser bietet.<\/li>\n<li>Kammtail Aero-Rohrdesign \u2013 optimierter Komfort und Aerodynamik<\/li>\n<li>Tropfenf\u00f6rmige Hinterbaustrebe, die bei Bedarf zus\u00e4tzlichen Komfort bietet \u2013 und eine gr\u00f6\u00dfere Reifenfreiheit erm\u00f6glicht. <\/li>\n<li>Integrierte Aero-Gabel mit breitem Stand \u2013 erh\u00f6ht die Aerodynamik und Stabilit\u00e4t im Vergleich zu schmaleren Gabeln mit 1 \u00bc\u201c Durchmesser.<\/li>\n<li>Monocoque-Lenker mit innenliegenden Z\u00fcgen erh\u00f6ht die Kraft\u00fcbertragung im Wiegetritt.<\/li>\n<li>Flat-Mount-Bremsen bieten bessere Bremsleistung und Steifigkeit.<\/li>\n<li>Innenliegende Z\u00fcge im Rahmen minimieren den Luftwiderstand.<\/li>\n<li>BB86 breiterer Lagerabstand f\u00fcr effektive Kraft\u00fcbertragung.<\/li>\n<li>32mm Reifenfreiheit<\/li>\n<li>12mm axles increase the stiffness of the wheel in comparison to regular quick release.<\/li>\n<li>Rahmengewicht 850 g<\/li>\n<li>Gabelgewicht 390 g<\/li>\n<\/ul>\n<p><strong>Wheels<\/strong><\/p>\n<ul>\n<li>Campagnolo Ekar<\/li>\n<li>Tubeless-f\u00e4hig<\/li>\n<\/ul>\n<p>&nbsp;<\/p>\n<p><strong>Shifting<\/strong><\/p>\n<ul>\n<li>Campagnolo<\/li>\n<li>Exaktes, zuverl\u00e4ssiges Schalten<\/li>\n<\/ul>\n<p>&nbsp;<\/p>\n","protected":false},"excerpt":{"rendered":"<p>Aerodynamic design with a purpose\u2026<\/p>\n<p>Unser Empire-Rahmen stellt den H\u00f6hepunkt aller technischen Konstruktionen dar. Er bietet die bestm\u00f6gliche Aerodynamik, Komfort und Steifigkeit.  Auf Leistung ausgelegt.<\/p>\n<p><strong>Bessere Aerodynamik, mehr Reifenfreiheit und zus\u00e4tzlicher Komfort, weniger Gewicht. Ausgestattet mit Sram AXS Funkschaltung. <\/strong><\/p>\n<p><strong>Das vollst\u00e4ndige Aero-Cockpit und der ultraleichte Carbonrahmen erm\u00f6glichen es uns, einen leichten und dennoch aerodynamischen Rahmen anzubieten, der sowohl in bergigem als auch in flachem Gel\u00e4nde eingesetzt werden kann.<\/strong><\/p>\n","protected":false},"featured_media":0,"template":"","meta":{"_et_pb_use_builder":"","_et_pb_old_content":"","_et_gb_content_width":"","om_disable_all_campaigns":false,"_monsterinsights_skip_tracking":false,"_monsterinsights_sitenote_active":false,"_monsterinsights_sitenote_note":"","_monsterinsights_sitenote_category":0},"product_brand":[],"product_cat":[327],"product_tag":[336,337,340],"class_list":{"0":"post-5023","1":"product","2":"type-product","3":"status-publish","5":"product_cat-allroad","6":"product_tag-campagnolo","7":"product_tag-empire-slx","8":"product_tag-pearl-cycles","10":"first","11":"instock","12":"taxable","13":"shipping-taxable","14":"purchasable","15":"product-type-variable"},"_links":{"self":[{"href":"https:\/\/pearl-cycles.com\/index.php?rest_route=\/wp\/v2\/product\/5023","targetHints":{"allow":["GET"]}}],"collection":[{"href":"https:\/\/pearl-cycles.com\/index.php?rest_route=\/wp\/v2\/product"}],"about":[{"href":"https:\/\/pearl-cycles.com\/index.php?rest_route=\/wp\/v2\/types\/product"}],"wp:attachment":[{"href":"https:\/\/pearl-cycles.com\/index.php?rest_route=%2Fwp%2Fv2%2Fmedia&parent=5023"}],"wp:term":[{"taxonomy":"product_brand","embeddable":true,"href":"https:\/\/pearl-cycles.com\/index.php?rest_route=%2Fwp%2Fv2%2Fproduct_brand&post=5023"},{"taxonomy":"product_cat","embeddable":true,"href":"https:\/\/pearl-cycles.com\/index.php?rest_route=%2Fwp%2Fv2%2Fproduct_cat&post=5023"},{"taxonomy":"product_tag","embeddable":true,"href":"https:\/\/pearl-cycles.com\/index.php?rest_route=%2Fwp%2Fv2%2Fproduct_tag&post=5023"}],"curies":[{"name":"wp","href":"https:\/\/api.w.org\/{rel}","templated":true}]}}