{"id":5096,"date":"2025-09-27T08:08:31","date_gmt":"2025-09-27T08:08:31","guid":{"rendered":"https:\/\/pearl-cycles.com\/produkt\/pearl-synergy-cyclocross\/"},"modified":"2025-10-07T21:50:41","modified_gmt":"2025-10-07T21:50:41","slug":"pearl-synergy-cyclocross","status":"publish","type":"product","link":"https:\/\/pearl-cycles.com\/?product=pearl-synergy-cyclocross&lang=de","title":{"rendered":"PEARL SYNERGY &#8211; Cyclocross"},"content":{"rendered":"<p>[et_pb_section fb_built=&#8221;1&#8243; _builder_version=&#8221;4.16&#8243; custom_padding=&#8221;0px||||false|false&#8221; global_colors_info=&#8221;{}&#8221;][et_pb_row _builder_version=&#8221;4.16&#8243; background_size=&#8221;initial&#8221; background_position=&#8221;top_left&#8221; background_repeat=&#8221;repeat&#8221; width=&#8221;100%&#8221; custom_padding=&#8221;0px||0px||false|false&#8221; global_colors_info=&#8221;{}&#8221;][et_pb_column type=&#8221;4_4&#8243; _builder_version=&#8221;4.16&#8243; custom_padding=&#8221;|||&#8221; global_colors_info=&#8221;{}&#8221; custom_padding__hover=&#8221;|||&#8221;][et_pb_wc_breadcrumb _builder_version=&#8221;4.16&#8243; global_colors_info=&#8221;{}&#8221;][\/et_pb_wc_breadcrumb][et_pb_wc_cart_notice _builder_version=&#8221;4.16&#8243; global_colors_info=&#8221;{}&#8221;][\/et_pb_wc_cart_notice][\/et_pb_column][\/et_pb_row][et_pb_row _builder_version=&#8221;4.27.4&#8243; _module_preset=&#8221;default&#8221; width=&#8221;100%&#8221; global_colors_info=&#8221;{}&#8221;][et_pb_column type=&#8221;4_4&#8243; _builder_version=&#8221;4.27.4&#8243; _module_preset=&#8221;default&#8221; global_colors_info=&#8221;{}&#8221;][et_pb_slider _builder_version=&#8221;4.27.4&#8243; _module_preset=&#8221;default&#8221; global_colors_info=&#8221;{}&#8221;][et_pb_slide _builder_version=&#8221;4.27.4&#8243; _module_preset=&#8221;default&#8221; background_image=&#8221;https:\/\/pearl-cycles.com\/wp-content\/uploads\/2025\/09\/cross-6-scaled.jpg&#8221; background_enable_image=&#8221;on&#8221; global_colors_info=&#8221;{}&#8221; sticky_transition=&#8221;on&#8221;][\/et_pb_slide][\/et_pb_slider][\/et_pb_column][\/et_pb_row][et_pb_row column_structure=&#8221;1_2,1_2&#8243; _builder_version=&#8221;4.16&#8243; background_size=&#8221;initial&#8221; background_position=&#8221;top_left&#8221; background_repeat=&#8221;repeat&#8221; width=&#8221;100%&#8221; custom_padding=&#8221;0px||||false|false&#8221; global_colors_info=&#8221;{}&#8221;][et_pb_column type=&#8221;1_2&#8243; _builder_version=&#8221;4.16&#8243; custom_padding=&#8221;|||&#8221; global_colors_info=&#8221;{}&#8221; custom_padding__hover=&#8221;|||&#8221;][et_pb_wc_images _builder_version=&#8221;4.16&#8243; global_colors_info=&#8221;{}&#8221;][\/et_pb_wc_images][et_pb_image src=&#8221;https:\/\/pearl-cycles.com\/wp-content\/uploads\/2025\/07\/paddy.jpg&#8221; title_text=&#8221;paddy&#8221; _builder_version=&#8221;4.27.4&#8243; _module_preset=&#8221;default&#8221; global_colors_info=&#8221;{}&#8221;][\/et_pb_image][\/et_pb_column][et_pb_column type=&#8221;1_2&#8243; _builder_version=&#8221;4.16&#8243; custom_padding=&#8221;|||&#8221; global_colors_info=&#8221;{}&#8221; custom_padding__hover=&#8221;|||&#8221;][et_pb_wc_title _builder_version=&#8221;4.16&#8243; global_colors_info=&#8221;{}&#8221;][\/et_pb_wc_title][et_pb_wc_rating _builder_version=&#8221;4.16&#8243; global_colors_info=&#8221;{}&#8221;][\/et_pb_wc_rating][et_pb_wc_price _builder_version=&#8221;4.16&#8243; global_colors_info=&#8221;{}&#8221;][\/et_pb_wc_price][et_pb_wc_description _builder_version=&#8221;4.16&#8243; global_colors_info=&#8221;{}&#8221;][\/et_pb_wc_description][et_pb_wc_add_to_cart _builder_version=&#8221;4.16&#8243; global_colors_info=&#8221;{}&#8221;][\/et_pb_wc_add_to_cart][et_pb_wc_meta _builder_version=&#8221;4.16&#8243; global_colors_info=&#8221;{}&#8221;][\/et_pb_wc_meta][et_pb_text _builder_version=&#8221;4.27.4&#8243; _module_preset=&#8221;default&#8221; global_colors_info=&#8221;{}&#8221;]<\/p>\n<p>bla bla<\/p>\n<p>[\/et_pb_text][\/et_pb_column][\/et_pb_row][et_pb_row column_structure=&#8221;1_3,1_3,1_3&#8243; _builder_version=&#8221;4.27.4&#8243; _module_preset=&#8221;default&#8221; width=&#8221;100%&#8221; max_width=&#8221;1350px&#8221; module_alignment=&#8221;right&#8221; global_colors_info=&#8221;{}&#8221;][et_pb_column type=&#8221;1_3&#8243; _builder_version=&#8221;4.27.4&#8243; _module_preset=&#8221;default&#8221; global_colors_info=&#8221;{}&#8221;][et_pb_button button_text=&#8221;FINANZIERE DEIN FAHRRAD&#8221; _builder_version=&#8221;4.27.4&#8243; _module_preset=&#8221;default&#8221; button_text_size=&#8221;22px&#8221; global_colors_info=&#8221;{}&#8221;][\/et_pb_button][et_pb_text _builder_version=&#8221;4.27.4&#8243; _module_preset=&#8221;default&#8221; hover_enabled=&#8221;0&#8243; global_colors_info=&#8221;{}&#8221; sticky_enabled=&#8221;0&#8243;]<\/p>\n<p>Lass dein n\u00e4chstes Fahrrad von 6 bis 60 Monaten mit der Volkswagen Bank finanzieren.<\/p>\n<p>[\/et_pb_text][\/et_pb_column][et_pb_column type=&#8221;1_3&#8243; _builder_version=&#8221;4.27.4&#8243; _module_preset=&#8221;default&#8221; global_colors_info=&#8221;{}&#8221;][et_pb_button button_text=&#8221;FAHRRAD-LEASING&#8221; _builder_version=&#8221;4.27.4&#8243; _module_preset=&#8221;default&#8221; button_text_size=&#8221;26px&#8221; global_colors_info=&#8221;{}&#8221;][\/et_pb_button][et_pb_text _builder_version=&#8221;4.27.4&#8243; _module_preset=&#8221;default&#8221; hover_enabled=&#8221;0&#8243; global_colors_info=&#8221;{}&#8221; sticky_enabled=&#8221;0&#8243;]<\/p>\n<p>Spare bis zu 35 % mit Fahrrad-Leasing.<\/p>\n<p>&nbsp;<\/p>\n<p>[\/et_pb_text][\/et_pb_column][et_pb_column type=&#8221;1_3&#8243; _builder_version=&#8221;4.27.4&#8243; _module_preset=&#8221;default&#8221; global_colors_info=&#8221;{}&#8221;][et_pb_button button_text=&#8221;GEOMETRY&#8221; _builder_version=&#8221;4.27.4&#8243; _module_preset=&#8221;default&#8221; button_text_size=&#8221;25px&#8221; button_border_color=&#8221;#E02B20&#8243; global_colors_info=&#8221;{}&#8221;][\/et_pb_button][et_pb_text _builder_version=&#8221;4.27.4&#8243; _module_preset=&#8221;default&#8221; hover_enabled=&#8221;0&#8243; global_colors_info=&#8221;{}&#8221; sticky_enabled=&#8221;0&#8243;]<\/p>\n<p>Besuche unsere Geometrie-Seite, um sicherzustellen, dass du die richtige Gr\u00f6\u00dfe hast.<\/p>\n<p>[\/et_pb_text][\/et_pb_column][\/et_pb_row][et_pb_row column_structure=&#8221;1_2,1_2&#8243; _builder_version=&#8221;4.27.4&#8243; _module_preset=&#8221;default&#8221; width=&#8221;100%&#8221; max_width=&#8221;1350px&#8221; module_alignment=&#8221;right&#8221; global_colors_info=&#8221;{}&#8221;][et_pb_column type=&#8221;1_2&#8243; _builder_version=&#8221;4.27.4&#8243; _module_preset=&#8221;default&#8221; global_colors_info=&#8221;{}&#8221;][et_pb_image src=&#8221;https:\/\/pearl-cycles.com\/wp-content\/uploads\/2025\/07\/1-1-3.jpg&#8221; title_text=&#8221;1 (1)&#8221; force_fullwidth=&#8221;on&#8221; _builder_version=&#8221;4.27.4&#8243; _module_preset=&#8221;default&#8221; global_colors_info=&#8221;{}&#8221;][\/et_pb_image][et_pb_text _builder_version=&#8221;4.27.4&#8243; _module_preset=&#8221;default&#8221; global_colors_info=&#8221;{}&#8221;]<\/p>\n<p>Ihr Inhalt kommt hierher. Bearbeiten oder entfernen Sie diesen Text direkt oder in den Inhaltseinstellungen des Moduls. Sie k\u00f6nnen auch jeden Aspekt dieses Inhalts in den Designeinstellungen des Moduls gestalten und sogar benutzerdefiniertes CSS auf diesen Text in den erweiterten Einstellungen des Moduls anwenden.  <\/p>\n<p>[\/et_pb_text][\/et_pb_column][et_pb_column type=&#8221;1_2&#8243; _builder_version=&#8221;4.27.4&#8243; _module_preset=&#8221;default&#8221; global_colors_info=&#8221;{}&#8221;][et_pb_image src=&#8221;https:\/\/pearl-cycles.com\/wp-content\/uploads\/2025\/08\/451252036_10168830642935417_391292012312193976_n.jpg&#8221; title_text=&#8221;451252036_10168830642935417_391292012312193976_n&#8221; _builder_version=&#8221;4.27.4&#8243; _module_preset=&#8221;default&#8221; global_colors_info=&#8221;{}&#8221;][\/et_pb_image][et_pb_text _builder_version=&#8221;4.27.4&#8243; _module_preset=&#8221;default&#8221; global_colors_info=&#8221;{}&#8221;]<\/p>\n<p>Ihr Inhalt kommt hierher. Bearbeiten oder entfernen Sie diesen Text direkt oder in den Inhaltseinstellungen des Moduls. Sie k\u00f6nnen auch jeden Aspekt dieses Inhalts in den Designeinstellungen des Moduls gestalten und sogar benutzerdefiniertes CSS auf diesen Text in den erweiterten Einstellungen des Moduls anwenden.  <\/p>\n<p>[\/et_pb_text][\/et_pb_column][\/et_pb_row][et_pb_row _builder_version=&#8221;4.16&#8243; background_size=&#8221;initial&#8221; background_position=&#8221;top_left&#8221; background_repeat=&#8221;repeat&#8221; width=&#8221;100%&#8221; global_colors_info=&#8221;{}&#8221;][et_pb_column type=&#8221;4_4&#8243; _builder_version=&#8221;4.16&#8243; custom_padding=&#8221;|||&#8221; global_colors_info=&#8221;{}&#8221; custom_padding__hover=&#8221;|||&#8221;][et_pb_wc_tabs _builder_version=&#8221;4.27.4&#8243; global_colors_info=&#8221;{}&#8221;]\t\t\t\t\t[\/et_pb_wc_tabs][et_pb_wc_upsells _builder_version=&#8221;4.16&#8243; global_colors_info=&#8221;{}&#8221;][\/et_pb_wc_upsells][et_pb_wc_related_products posts_number=&#8221;6&#8243; columns_number=&#8221;6&#8243; include_categories=&#8221;83&#8243; _builder_version=&#8221;4.27.4&#8243; custom_padding=&#8221;|112px||||&#8221; global_colors_info=&#8221;{}&#8221;][\/et_pb_wc_related_products][\/et_pb_column][\/et_pb_row][\/et_pb_section]<\/p>\n","protected":false},"excerpt":{"rendered":"<p>Unsere Gravel GRIT Rahmen werden von Handwerkern in Italien handgefertigt. Welded with Dedaccia 7003 alloy, heat treated and smooth welded our frames are lighter, stiffer and more reliable than the competition. The gravel Al frame was designed to be the best aluminium gravel on the market. We selected Dedacciai alloy which is lighter, more rigid and more durable than conventional alloy tubes. Combined with Fulcrum wheels and Shimano GRX hydraulic brakes we offer the best weight and power transmission on your bike.<\/p>\n","protected":false},"featured_media":4298,"template":"","meta":{"_et_pb_use_builder":"on","_et_pb_old_content":"<ul>\n \t<li><strong>Handwerklich geschwei\u00dfter Rahmen mit fortschrittlichen Materialien:<\/strong> Der Rahmen wird in Italien sorgf\u00e4ltig mit Dedacciai 7003 geschwei\u00dft, was eine hohe Qualit\u00e4t und Haltbarkeit f\u00fcr anspruchsvolle Fahrbedingungen gew\u00e4hrleistet.<\/li>\n \t<li><strong>Vielseitige und langlebige Komponenten f\u00fcr Bike-Packing:<\/strong> Zu den Merkmalen geh\u00f6ren eine Vollcarbongabel mit Bike-Packing-Befestigungen, interne Kabelf\u00fchrung f\u00fcr geringen Wartungsaufwand und Kompatibilit\u00e4t mit Schutzblechen und Gep\u00e4cktaschen, wodurch es ideal f\u00fcr l\u00e4ngere Touren ist.<\/li>\n \t<li><strong>Verbesserte Fahreffizienz und Frontsteifigkeit:<\/strong> Ein \u00fcberdimensioniertes Tretlager optimiert die Kraft\u00fcbertragung, w\u00e4hrend die breite Vollcarbon-Gravelgabel und das Steuerrohr die Frontsteifigkeit f\u00fcr ein besseres Handling erh\u00f6hen.<\/li>\n \t<li><strong>Tubeless-Ready-Laufr\u00e4der f\u00fcr Zuverl\u00e4ssigkeit:<\/strong> Die Fulcrum DB 900-Laufr\u00e4der, hergestellt in Italien, sind Tubeless-Ready mit Industrielagern und bieten Widerstand gegen Wetter und St\u00f6\u00dfe f\u00fcr eine zuverl\u00e4ssige Leistung.<\/li>\n \t<li><strong>Hochleistungs-Schalt- und Bremssystem:<\/strong> Ausgestattet mit mechanischen Shimano GRX-G\u00e4ngen und hydraulischen Shimano-Scheibenbremsen, die pr\u00e4zise Gangwechsel und eine starke, zuverl\u00e4ssige Bremsleistung bieten.<\/li>\n<\/ul>\n<strong>Specs<\/strong>\n<ul>\n \t<li>Welded in Italy by artisans. Dedacciai 7003.<\/li>\n \t<li>Full carbon fork with bike packing fittings.<\/li>\n \t<li>Internal cable housing that\u2019s allows less maintenance<\/li>\n \t<li>Bottom Bracket with an oversized BB diameter that optimizes the power transmission.<\/li>\n \t<li>47 \u2013 55 mm tyre clearance<\/li>\n \t<li>12mm axles increase the stiffness of the wheel in comparison to a regular quick release.<\/li>\n \t<li>Wide stance full carbon gravel fork and steering tube increases the stiffness of the front part of the frame.<\/li>\n \t<li>Fits fenders, carriers and all bike packing bags.<\/li>\n \t<li>Tubeless Ready Fulcrum<\/li>\n<\/ul>\n<strong>Wheels <\/strong>\n<ul>\n \t<li>Fulcrum DB 900<\/li>\n \t<li>Made in Italy<\/li>\n \t<li>Tubeless Ready<\/li>\n \t<li>Indestructible and weather resistant industrial bearings<\/li>\n<\/ul>\n<strong>Shifting<\/strong>\n<ul>\n \t<li>Shimano GRX mechanical Gears<\/li>\n \t<li>Shimano Hydraulic disc brakes<\/li>\n<\/ul>","_et_gb_content_width":"","om_disable_all_campaigns":false,"_monsterinsights_skip_tracking":false,"_monsterinsights_sitenote_active":false,"_monsterinsights_sitenote_note":"","_monsterinsights_sitenote_category":0},"product_brand":[],"product_cat":[357],"product_tag":[356,340],"class_list":{"0":"post-5096","1":"product","2":"type-product","3":"status-publish","4":"has-post-thumbnail","6":"product_cat-cyclocross","7":"product_tag-cyclocross","8":"product_tag-pearl-cycles","10":"first","11":"instock","12":"taxable","13":"shipping-taxable","14":"purchasable","15":"product-type-variable"},"_links":{"self":[{"href":"https:\/\/pearl-cycles.com\/index.php?rest_route=\/wp\/v2\/product\/5096","targetHints":{"allow":["GET"]}}],"collection":[{"href":"https:\/\/pearl-cycles.com\/index.php?rest_route=\/wp\/v2\/product"}],"about":[{"href":"https:\/\/pearl-cycles.com\/index.php?rest_route=\/wp\/v2\/types\/product"}],"wp:featuredmedia":[{"embeddable":true,"href":"https:\/\/pearl-cycles.com\/index.php?rest_route=\/wp\/v2\/media\/4298"}],"wp:attachment":[{"href":"https:\/\/pearl-cycles.com\/index.php?rest_route=%2Fwp%2Fv2%2Fmedia&parent=5096"}],"wp:term":[{"taxonomy":"product_brand","embeddable":true,"href":"https:\/\/pearl-cycles.com\/index.php?rest_route=%2Fwp%2Fv2%2Fproduct_brand&post=5096"},{"taxonomy":"product_cat","embeddable":true,"href":"https:\/\/pearl-cycles.com\/index.php?rest_route=%2Fwp%2Fv2%2Fproduct_cat&post=5096"},{"taxonomy":"product_tag","embeddable":true,"href":"https:\/\/pearl-cycles.com\/index.php?rest_route=%2Fwp%2Fv2%2Fproduct_tag&post=5096"}],"curies":[{"name":"wp","href":"https:\/\/api.w.org\/{rel}","templated":true}]}}