{"id":5345,"date":"2025-09-27T10:57:57","date_gmt":"2025-09-27T10:57:57","guid":{"rendered":"https:\/\/pearl-cycles.com\/produkt\/pearl-gravel-adventure-grx\/"},"modified":"2025-11-01T17:30:28","modified_gmt":"2025-11-01T17:30:28","slug":"pearl-gravel-adventure-grx","status":"publish","type":"product","link":"https:\/\/pearl-cycles.com\/?product=pearl-gravel-adventure-grx&lang=de","title":{"rendered":"PEARL GRAVEL ADVENTURE GRX"},"content":{"rendered":"<p>[et_pb_section fb_built=&#8221;1&#8243; _builder_version=&#8221;4.16&#8243; custom_padding=&#8221;0px||||false|false&#8221; global_colors_info=&#8221;{}&#8221;][et_pb_row _builder_version=&#8221;4.27.4&#8243; background_size=&#8221;initial&#8221; background_position=&#8221;top_left&#8221; background_repeat=&#8221;repeat&#8221; width=&#8221;100%&#8221; custom_padding=&#8221;0px||0px||false|false&#8221; global_colors_info=&#8221;{}&#8221;][et_pb_column type=&#8221;4_4&#8243; _builder_version=&#8221;4.16&#8243; custom_padding=&#8221;|||&#8221; global_colors_info=&#8221;{}&#8221; custom_padding__hover=&#8221;|||&#8221;][et_pb_wc_breadcrumb _builder_version=&#8221;4.16&#8243; global_colors_info=&#8221;{}&#8221;][\/et_pb_wc_breadcrumb][et_pb_wc_cart_notice _builder_version=&#8221;4.16&#8243; global_colors_info=&#8221;{}&#8221;][\/et_pb_wc_cart_notice][\/et_pb_column][\/et_pb_row][et_pb_row _builder_version=&#8221;4.27.4&#8243; _module_preset=&#8221;default&#8221; width=&#8221;100%&#8221; global_colors_info=&#8221;{}&#8221;][et_pb_column type=&#8221;4_4&#8243; _builder_version=&#8221;4.27.4&#8243; _module_preset=&#8221;default&#8221; global_colors_info=&#8221;{}&#8221;][et_pb_slider _builder_version=&#8221;4.27.4&#8243; _module_preset=&#8221;default&#8221; hover_enabled=&#8221;0&#8243; global_colors_info=&#8221;{}&#8221; sticky_enabled=&#8221;0&#8243;][et_pb_slide _builder_version=&#8221;4.27.4&#8243; _module_preset=&#8221;default&#8221; background_image=&#8221;https:\/\/pearl-cycles.com\/wp-content\/uploads\/2025\/09\/IMG_7984.jpeg&#8221; background_enable_image=&#8221;on&#8221; hover_enabled=&#8221;0&#8243; global_colors_info=&#8221;{}&#8221; sticky_transition=&#8221;on&#8221; title_text=&#8221;IMG_7984&#8243; sticky_enabled=&#8221;0&#8243;][\/et_pb_slide][\/et_pb_slider][\/et_pb_column][\/et_pb_row][et_pb_row column_structure=&#8221;1_2,1_2&#8243; _builder_version=&#8221;4.16&#8243; background_size=&#8221;initial&#8221; background_position=&#8221;top_left&#8221; background_repeat=&#8221;repeat&#8221; width=&#8221;100%&#8221; custom_padding=&#8221;0px||||false|false&#8221; global_colors_info=&#8221;{}&#8221;][et_pb_column type=&#8221;1_2&#8243; _builder_version=&#8221;4.16&#8243; custom_padding=&#8221;|||&#8221; global_colors_info=&#8221;{}&#8221; custom_padding__hover=&#8221;|||&#8221;][et_pb_wc_images _builder_version=&#8221;4.16&#8243; global_colors_info=&#8221;{}&#8221;][\/et_pb_wc_images][et_pb_image src=&#8221;https:\/\/pearl-cycles.com\/wp-content\/uploads\/2025\/09\/IMG_7985.jpeg&#8221; title_text=&#8221;IMG_7985&#8243; _builder_version=&#8221;4.27.4&#8243; _module_preset=&#8221;default&#8221; global_colors_info=&#8221;{}&#8221;][\/et_pb_image][\/et_pb_column][et_pb_column type=&#8221;1_2&#8243; _builder_version=&#8221;4.16&#8243; custom_padding=&#8221;|||&#8221; global_colors_info=&#8221;{}&#8221; custom_padding__hover=&#8221;|||&#8221;][et_pb_wc_title _builder_version=&#8221;4.16&#8243; global_colors_info=&#8221;{}&#8221;][\/et_pb_wc_title][et_pb_wc_rating _builder_version=&#8221;4.16&#8243; global_colors_info=&#8221;{}&#8221;][\/et_pb_wc_rating][et_pb_wc_price _builder_version=&#8221;4.16&#8243; global_colors_info=&#8221;{}&#8221;][\/et_pb_wc_price][et_pb_wc_description _builder_version=&#8221;4.16&#8243; global_colors_info=&#8221;{}&#8221;][\/et_pb_wc_description][et_pb_wc_add_to_cart _builder_version=&#8221;4.16&#8243; global_colors_info=&#8221;{}&#8221;][\/et_pb_wc_add_to_cart][et_pb_wc_meta _builder_version=&#8221;4.16&#8243; global_colors_info=&#8221;{}&#8221;][\/et_pb_wc_meta][et_pb_text _builder_version=&#8221;4.27.4&#8243; _module_preset=&#8221;default&#8221; global_colors_info=&#8221;{}&#8221;]<\/p>\n<h6>Wir m\u00f6chten, dass du den besten Service f\u00fcr dein Fahrrad erh\u00e4ltst.<\/h6>\n<p>[\/et_pb_text][et_pb_button button_text=&#8221;SERVICE&#8221; _builder_version=&#8221;4.27.4&#8243; _module_preset=&#8221;default&#8221; button_text_size=&#8221;26px&#8221; global_colors_info=&#8221;{}&#8221;][\/et_pb_button][et_pb_text _builder_version=&#8221;4.27.4&#8243; _module_preset=&#8221;default&#8221; global_colors_info=&#8221;{}&#8221;]<\/p>\n<h6>10 Jahre Garantie auf den Rahmen und 2 Jahre auf die Teile.<\/h6>\n<p>[\/et_pb_text][et_pb_button button_text=&#8221;GARANTIE&#8221; _builder_version=&#8221;4.27.4&#8243; _module_preset=&#8221;default&#8221; button_text_size=&#8221;22px&#8221; global_colors_info=&#8221;{}&#8221;][\/et_pb_button][\/et_pb_column][\/et_pb_row][et_pb_row column_structure=&#8221;1_3,1_3,1_3&#8243; _builder_version=&#8221;4.27.4&#8243; _module_preset=&#8221;default&#8221; width=&#8221;100%&#8221; max_width=&#8221;1350px&#8221; module_alignment=&#8221;right&#8221; global_colors_info=&#8221;{}&#8221;][et_pb_column type=&#8221;1_3&#8243; _builder_version=&#8221;4.27.4&#8243; _module_preset=&#8221;default&#8221; global_colors_info=&#8221;{}&#8221;][et_pb_button button_text=&#8221;FINANZIERE DEIN FAHRRAD&#8221; _builder_version=&#8221;4.27.4&#8243; _module_preset=&#8221;default&#8221; button_text_size=&#8221;22px&#8221; global_colors_info=&#8221;{}&#8221;][\/et_pb_button][et_pb_text _builder_version=&#8221;4.27.4&#8243; _module_preset=&#8221;default&#8221; global_colors_info=&#8221;{}&#8221;]<\/p>\n<p>Lass dein n\u00e4chstes Fahrrad von 6 bis 60 Monaten mit der Volkswagen Bank finanzieren.<\/p>\n<p>[\/et_pb_text][\/et_pb_column][et_pb_column type=&#8221;1_3&#8243; _builder_version=&#8221;4.27.4&#8243; _module_preset=&#8221;default&#8221; global_colors_info=&#8221;{}&#8221;][et_pb_button button_text=&#8221;FAHRRAD-LEASING&#8221; _builder_version=&#8221;4.27.4&#8243; _module_preset=&#8221;default&#8221; button_text_size=&#8221;26px&#8221; global_colors_info=&#8221;{}&#8221;][\/et_pb_button][et_pb_text _builder_version=&#8221;4.27.4&#8243; _module_preset=&#8221;default&#8221; global_colors_info=&#8221;{}&#8221;]<\/p>\n<p>Spare bis zu 35 % mit Fahrrad-Leasing.<\/p>\n<p>&nbsp;<\/p>\n<p>[\/et_pb_text][\/et_pb_column][et_pb_column type=&#8221;1_3&#8243; _builder_version=&#8221;4.27.4&#8243; _module_preset=&#8221;default&#8221; global_colors_info=&#8221;{}&#8221;][et_pb_button button_text=&#8221;GEOMETRY&#8221; _builder_version=&#8221;4.27.4&#8243; _module_preset=&#8221;default&#8221; button_text_size=&#8221;25px&#8221; button_border_color=&#8221;#E02B20&#8243; global_colors_info=&#8221;{}&#8221;][\/et_pb_button][et_pb_text _builder_version=&#8221;4.27.4&#8243; _module_preset=&#8221;default&#8221; global_colors_info=&#8221;{}&#8221;]<\/p>\n<p>Besuche unsere Geometrie-Seite, um sicherzustellen, dass du die richtige Gr\u00f6\u00dfe hast.<\/p>\n<p>[\/et_pb_text][\/et_pb_column][\/et_pb_row][et_pb_row column_structure=&#8221;1_2,1_2&#8243; _builder_version=&#8221;4.27.4&#8243; _module_preset=&#8221;default&#8221; width=&#8221;100%&#8221; max_width=&#8221;1350px&#8221; module_alignment=&#8221;right&#8221; global_colors_info=&#8221;{}&#8221;][et_pb_column type=&#8221;1_2&#8243; _builder_version=&#8221;4.27.4&#8243; _module_preset=&#8221;default&#8221; global_colors_info=&#8221;{}&#8221;][et_pb_image src=&#8221;https:\/\/pearl-cycles.com\/wp-content\/uploads\/2025\/09\/IMG_3865-scaled.jpg&#8221; title_text=&#8221;IMG_3865&#8243; force_fullwidth=&#8221;on&#8221; _builder_version=&#8221;4.27.4&#8243; _module_preset=&#8221;default&#8221; global_colors_info=&#8221;{}&#8221;][\/et_pb_image][et_pb_text _builder_version=&#8221;4.27.4&#8243; _module_preset=&#8221;default&#8221; global_colors_info=&#8221;{}&#8221;]<\/p>\n<p>PEARL CARBON GRAVEL LAUFR\u00c4DER<\/p>\n<p>[\/et_pb_text][\/et_pb_column][et_pb_column type=&#8221;1_2&#8243; _builder_version=&#8221;4.27.4&#8243; _module_preset=&#8221;default&#8221; global_colors_info=&#8221;{}&#8221;][et_pb_image src=&#8221;https:\/\/pearl-cycles.com\/wp-content\/uploads\/2025\/09\/IMG_7988-1.jpeg&#8221; title_text=&#8221;IMG_7988 (1)&#8221; _builder_version=&#8221;4.27.4&#8243; _module_preset=&#8221;default&#8221; global_colors_info=&#8221;{}&#8221;][\/et_pb_image][et_pb_text _builder_version=&#8221;4.27.4&#8243; _module_preset=&#8221;default&#8221; global_colors_info=&#8221;{}&#8221;]<\/p>\n<p>SRAM KABELLOSE SCHALTUNG<\/p>\n<p>[\/et_pb_text][\/et_pb_column][\/et_pb_row][et_pb_row _builder_version=&#8221;4.16&#8243; background_size=&#8221;initial&#8221; background_position=&#8221;top_left&#8221; background_repeat=&#8221;repeat&#8221; width=&#8221;100%&#8221; global_colors_info=&#8221;{}&#8221;][et_pb_column type=&#8221;4_4&#8243; _builder_version=&#8221;4.16&#8243; custom_padding=&#8221;|||&#8221; global_colors_info=&#8221;{}&#8221; custom_padding__hover=&#8221;|||&#8221;][et_pb_wc_tabs _builder_version=&#8221;4.27.4&#8243; global_colors_info=&#8221;{}&#8221;]\t\t\t\t\t[\/et_pb_wc_tabs][et_pb_wc_upsells _builder_version=&#8221;4.16&#8243; global_colors_info=&#8221;{}&#8221;][\/et_pb_wc_upsells][et_pb_wc_related_products posts_number=&#8221;6&#8243; columns_number=&#8221;6&#8243; include_categories=&#8221;83&#8243; _builder_version=&#8221;4.27.4&#8243; custom_padding=&#8221;|112px||||&#8221; global_colors_info=&#8221;{}&#8221;][\/et_pb_wc_related_products][\/et_pb_column][\/et_pb_row][\/et_pb_section]<\/p>\n","protected":false},"excerpt":{"rendered":"<p>Performance Gravel BIKE<\/p>\n<p>\u201eEvolution statt Revolution, entwickelt f\u00fcr maximale Geschwindigkeit in jedem Gel\u00e4nde\u201c<\/p>\n<p>Mit seinen Hochleistungskomponenten und fortschrittlicher Technologie bietet das \u201eGravel Evo Air\u201c ein unvergleichliches Erlebnis und sorgt daf\u00fcr, dass Sie jedes anspruchsvolle Gel\u00e4nde m\u00fchelos meistern. Egal, ob du abgelegene Stra\u00dfen erkundest oder an Gravel-Rennen teilnimmst, die Pr\u00e4zision und Agilit\u00e4t dieses Bikes werden dich in Erstaunen versetzen. Das \u201eGravel Evo Air\u201c ist die ultimative Wahl f\u00fcr alle, die erstklassige Leistung in der Welt des Gravel-Bikings suchen. <\/p>\n","protected":false},"featured_media":3659,"template":"","meta":{"_et_pb_use_builder":"on","_et_pb_old_content":"\u00a0\n\n\u00a0\n\nTECHNISCHE MERKMALE\n<ul>\n \t<li>Aerodynamischer Lenker und innenverlegte Z\u00fcge<\/li>\n \t<li>Performance Geometry<\/li>\n \t<li>Unidirektionaler Carbonfaser-Aufbau<\/li>\n \t<li>F\u00fcr Performance entwickelt, leicht und passend f\u00fcr 47 mm breite Reifen.<\/li>\n \t<li>Bottom Bracket with an oversized diameter that optimizes the power transmission.<\/li>\n \t<li>12mm axles increase the stiffness of the wheel in comparison to regular quick release.<\/li>\n \t<li>Wide stance aero fork and steering tube that increases the stiffness of the front part of the frame.<\/li>\n \t<li>Fits fenders, carriers and all bike packing bags.<\/li>\n \t<li>Carbon flex seat post offers compliance.<\/li>\n<\/ul>\nLAUFRAD-MERKMALE\n<ul>\n \t<li>DT Swiss 350 hubs. Swiss precision and indestructible light weight hubs from the Alps <\/li>\n \t<li>Sapim spokes are the best spokes on this planet that last the longest and offer the best reliability.<\/li>\n \t<li>Pearl AIR rims, have a patent resin compound that ensures an equal distribution with the moulding process that makes our rims incredibly stiff.<\/li>\n \t<li>AIR Rims are tubeless ready, indestructible and withstand all UCI tests.<\/li>\n \t<li>22 mm Innendurchmesser<\/li>\n<\/ul>\nSCHALTUNG\n<ul>\n \t<li>Hochmoderne SRAM Wireless-Schaltung<\/li>\n<\/ul>\n\u00a0","_et_gb_content_width":"","om_disable_all_campaigns":false,"_monsterinsights_skip_tracking":false,"_monsterinsights_sitenote_active":false,"_monsterinsights_sitenote_note":"","_monsterinsights_sitenote_category":0},"product_brand":[],"product_cat":[329],"product_tag":[338,340],"class_list":{"0":"post-5345","1":"product","2":"type-product","3":"status-publish","4":"has-post-thumbnail","6":"product_cat-gravel-adventure","7":"product_tag-gravel-bike","8":"product_tag-pearl-cycles","10":"first","11":"instock","12":"taxable","13":"shipping-taxable","14":"purchasable","15":"product-type-variable"},"_links":{"self":[{"href":"https:\/\/pearl-cycles.com\/index.php?rest_route=\/wp\/v2\/product\/5345","targetHints":{"allow":["GET"]}}],"collection":[{"href":"https:\/\/pearl-cycles.com\/index.php?rest_route=\/wp\/v2\/product"}],"about":[{"href":"https:\/\/pearl-cycles.com\/index.php?rest_route=\/wp\/v2\/types\/product"}],"wp:featuredmedia":[{"embeddable":true,"href":"https:\/\/pearl-cycles.com\/index.php?rest_route=\/wp\/v2\/media\/3659"}],"wp:attachment":[{"href":"https:\/\/pearl-cycles.com\/index.php?rest_route=%2Fwp%2Fv2%2Fmedia&parent=5345"}],"wp:term":[{"taxonomy":"product_brand","embeddable":true,"href":"https:\/\/pearl-cycles.com\/index.php?rest_route=%2Fwp%2Fv2%2Fproduct_brand&post=5345"},{"taxonomy":"product_cat","embeddable":true,"href":"https:\/\/pearl-cycles.com\/index.php?rest_route=%2Fwp%2Fv2%2Fproduct_cat&post=5345"},{"taxonomy":"product_tag","embeddable":true,"href":"https:\/\/pearl-cycles.com\/index.php?rest_route=%2Fwp%2Fv2%2Fproduct_tag&post=5345"}],"curies":[{"name":"wp","href":"https:\/\/api.w.org\/{rel}","templated":true}]}}