{"id":5958,"date":"2025-09-27T08:08:31","date_gmt":"2025-09-27T08:08:31","guid":{"rendered":"https:\/\/pearl-cycles.com\/produkt\/pearl-synergy-ciclocros\/"},"modified":"2026-04-23T23:34:31","modified_gmt":"2026-04-23T23:34:31","slug":"pearl-synergy-ciclocros","status":"publish","type":"product","link":"https:\/\/pearl-cycles.com\/?product=pearl-synergy-ciclocros&lang=es","title":{"rendered":"PEARL SYNERGY &#8211; ciclocr\u00f3s"},"content":{"rendered":"<p>[et_pb_section fb_built=&#8221;1&#8243; _builder_version=&#8221;4.16&#8243; custom_padding=&#8221;0px||||false|false&#8221; global_colors_info=&#8221;{}&#8221;][et_pb_row _builder_version=&#8221;4.16&#8243; background_size=&#8221;initial&#8221; background_position=&#8221;top_left&#8221; background_repeat=&#8221;repeat&#8221; width=&#8221;100%&#8221; custom_padding=&#8221;0px||0px||false|false&#8221; global_colors_info=&#8221;{}&#8221;][et_pb_column type=&#8221;4_4&#8243; _builder_version=&#8221;4.16&#8243; custom_padding=&#8221;|||&#8221; global_colors_info=&#8221;{}&#8221; custom_padding__hover=&#8221;|||&#8221;][et_pb_wc_breadcrumb _builder_version=&#8221;4.16&#8243; global_colors_info=&#8221;{}&#8221;][\/et_pb_wc_breadcrumb][et_pb_wc_cart_notice _builder_version=&#8221;4.16&#8243; global_colors_info=&#8221;{}&#8221;][\/et_pb_wc_cart_notice][\/et_pb_column][\/et_pb_row][et_pb_row _builder_version=&#8221;4.27.4&#8243; _module_preset=&#8221;default&#8221; width=&#8221;100%&#8221; global_colors_info=&#8221;{}&#8221;][et_pb_column type=&#8221;4_4&#8243; _builder_version=&#8221;4.27.4&#8243; _module_preset=&#8221;default&#8221; global_colors_info=&#8221;{}&#8221;][et_pb_slider _builder_version=&#8221;4.27.4&#8243; _module_preset=&#8221;default&#8221; global_colors_info=&#8221;{}&#8221;][et_pb_slide _builder_version=&#8221;4.27.4&#8243; _module_preset=&#8221;default&#8221; background_image=&#8221;https:\/\/pearl-cycles.com\/wp-content\/uploads\/2025\/09\/cross-6-scaled.jpg&#8221; background_enable_image=&#8221;on&#8221; global_colors_info=&#8221;{}&#8221; sticky_transition=&#8221;on&#8221;][\/et_pb_slide][\/et_pb_slider][\/et_pb_column][\/et_pb_row][et_pb_row column_structure=&#8221;1_2,1_2&#8243; _builder_version=&#8221;4.16&#8243; background_size=&#8221;initial&#8221; background_position=&#8221;top_left&#8221; background_repeat=&#8221;repeat&#8221; width=&#8221;100%&#8221; custom_padding=&#8221;0px||||false|false&#8221; global_colors_info=&#8221;{}&#8221;][et_pb_column type=&#8221;1_2&#8243; _builder_version=&#8221;4.16&#8243; custom_padding=&#8221;|||&#8221; global_colors_info=&#8221;{}&#8221; custom_padding__hover=&#8221;|||&#8221;][et_pb_wc_images _builder_version=&#8221;4.16&#8243; global_colors_info=&#8221;{}&#8221;][\/et_pb_wc_images][et_pb_image src=&#8221;https:\/\/pearl-cycles.com\/wp-content\/uploads\/2025\/07\/paddy.jpg&#8221; title_text=&#8221;paddy&#8221; _builder_version=&#8221;4.27.4&#8243; _module_preset=&#8221;default&#8221; global_colors_info=&#8221;{}&#8221;][\/et_pb_image][\/et_pb_column][et_pb_column type=&#8221;1_2&#8243; _builder_version=&#8221;4.16&#8243; custom_padding=&#8221;|||&#8221; global_colors_info=&#8221;{}&#8221; custom_padding__hover=&#8221;|||&#8221;][et_pb_wc_title _builder_version=&#8221;4.16&#8243; global_colors_info=&#8221;{}&#8221;][\/et_pb_wc_title][et_pb_wc_rating _builder_version=&#8221;4.16&#8243; global_colors_info=&#8221;{}&#8221;][\/et_pb_wc_rating][et_pb_wc_price _builder_version=&#8221;4.16&#8243; global_colors_info=&#8221;{}&#8221;][\/et_pb_wc_price][et_pb_wc_description _builder_version=&#8221;4.16&#8243; global_colors_info=&#8221;{}&#8221;][\/et_pb_wc_description][et_pb_wc_add_to_cart _builder_version=&#8221;4.16&#8243; global_colors_info=&#8221;{}&#8221;][\/et_pb_wc_add_to_cart][et_pb_wc_meta _builder_version=&#8221;4.16&#8243; global_colors_info=&#8221;{}&#8221;][\/et_pb_wc_meta][et_pb_text _builder_version=&#8221;4.27.4&#8243; _module_preset=&#8221;default&#8221; global_colors_info=&#8221;{}&#8221;]<\/p>\n<p>bla bla<\/p>\n<p>[\/et_pb_text][\/et_pb_column][\/et_pb_row][et_pb_row column_structure=&#8221;1_3,1_3,1_3&#8243; _builder_version=&#8221;4.27.4&#8243; _module_preset=&#8221;default&#8221; width=&#8221;100%&#8221; max_width=&#8221;1350px&#8221; module_alignment=&#8221;right&#8221; global_colors_info=&#8221;{}&#8221;][et_pb_column type=&#8221;1_3&#8243; _builder_version=&#8221;4.27.4&#8243; _module_preset=&#8221;default&#8221; global_colors_info=&#8221;{}&#8221;][et_pb_button button_text=&#8221;FINANCIA TU BICICLETA&#8221; _builder_version=&#8221;4.27.4&#8243; _module_preset=&#8221;default&#8221; button_text_size=&#8221;22px&#8221; global_colors_info=&#8221;{}&#8221;][\/et_pb_button][et_pb_text _builder_version=&#8221;4.27.4&#8243; _module_preset=&#8221;default&#8221; global_colors_info=&#8221;{}&#8221;]<\/p>\n<p>Financia tu pr\u00f3xima bicicleta de 6 a 60 meses con el Volkswagen Bank<\/p>\n<p>[\/et_pb_text][\/et_pb_column][et_pb_column type=&#8221;1_3&#8243; _builder_version=&#8221;4.27.4&#8243; _module_preset=&#8221;default&#8221; global_colors_info=&#8221;{}&#8221;][et_pb_button button_url=&#8221;https:\/\/pearl-cycles.com\/bike-leasing\/&#8221; button_text=&#8221;LEASING DE BICICLETAS&#8221; _builder_version=&#8221;4.27.4&#8243; _module_preset=&#8221;default&#8221; button_text_size=&#8221;26px&#8221; global_colors_info=&#8221;{}&#8221;][\/et_pb_button][et_pb_text _builder_version=&#8221;4.27.4&#8243; _module_preset=&#8221;default&#8221; global_colors_info=&#8221;{}&#8221;]<\/p>\n<p>Ahorra hasta un 35% con el alquiler de bicicletas.<\/p>\n<p>&nbsp;<\/p>\n<p>[\/et_pb_text][\/et_pb_column][et_pb_column type=&#8221;1_3&#8243; _builder_version=&#8221;4.27.4&#8243; _module_preset=&#8221;default&#8221; global_colors_info=&#8221;{}&#8221;][et_pb_button button_text=&#8221;GEOMETRY&#8221; _builder_version=&#8221;4.27.4&#8243; _module_preset=&#8221;default&#8221; button_text_size=&#8221;25px&#8221; button_border_color=&#8221;#E02B20&#8243; global_colors_info=&#8221;{}&#8221;][\/et_pb_button][et_pb_text _builder_version=&#8221;4.27.4&#8243; _module_preset=&#8221;default&#8221; global_colors_info=&#8221;{}&#8221;]<\/p>\n<p>Visita nuestra p\u00e1gina de geometr\u00eda para asegurarte de que tienes la talla correcta.<\/p>\n<p>[\/et_pb_text][\/et_pb_column][\/et_pb_row][et_pb_row column_structure=&#8221;1_2,1_2&#8243; _builder_version=&#8221;4.27.4&#8243; _module_preset=&#8221;default&#8221; width=&#8221;100%&#8221; max_width=&#8221;1350px&#8221; module_alignment=&#8221;right&#8221; global_colors_info=&#8221;{}&#8221;][et_pb_column type=&#8221;1_2&#8243; _builder_version=&#8221;4.27.4&#8243; _module_preset=&#8221;default&#8221; global_colors_info=&#8221;{}&#8221;][et_pb_image src=&#8221;https:\/\/pearl-cycles.com\/wp-content\/uploads\/2025\/07\/1-1-3.jpg&#8221; title_text=&#8221;1 (1)&#8221; force_fullwidth=&#8221;on&#8221; _builder_version=&#8221;4.27.4&#8243; _module_preset=&#8221;default&#8221; global_colors_info=&#8221;{}&#8221;][\/et_pb_image][et_pb_text _builder_version=&#8221;4.27.4&#8243; _module_preset=&#8221;default&#8221; global_colors_info=&#8221;{}&#8221;]<\/p>\n<p>Aqu\u00ed va tu contenido. Edita o elimina este texto en l\u00ednea o en la configuraci\u00f3n de contenido del m\u00f3dulo. Tambi\u00e9n puedes personalizar cada aspecto de este contenido en la configuraci\u00f3n de dise\u00f1o del m\u00f3dulo e incluso aplicar CSS personalizado a este texto en la configuraci\u00f3n avanzada del m\u00f3dulo.  <\/p>\n<p>[\/et_pb_text][\/et_pb_column][et_pb_column type=&#8221;1_2&#8243; _builder_version=&#8221;4.27.4&#8243; _module_preset=&#8221;default&#8221; global_colors_info=&#8221;{}&#8221;][et_pb_image src=&#8221;https:\/\/pearl-cycles.com\/wp-content\/uploads\/2025\/08\/451252036_10168830642935417_391292012312193976_n.jpg&#8221; title_text=&#8221;451252036_10168830642935417_391292012312193976_n&#8221; _builder_version=&#8221;4.27.4&#8243; _module_preset=&#8221;default&#8221; global_colors_info=&#8221;{}&#8221;][\/et_pb_image][et_pb_text _builder_version=&#8221;4.27.4&#8243; _module_preset=&#8221;default&#8221; global_colors_info=&#8221;{}&#8221;]<\/p>\n<p>Aqu\u00ed va tu contenido. Edita o elimina este texto en l\u00ednea o en la configuraci\u00f3n de contenido del m\u00f3dulo. Tambi\u00e9n puedes personalizar cada aspecto de este contenido en la configuraci\u00f3n de dise\u00f1o del m\u00f3dulo e incluso aplicar CSS personalizado a este texto en la configuraci\u00f3n avanzada del m\u00f3dulo.  <\/p>\n<p>[\/et_pb_text][\/et_pb_column][\/et_pb_row][et_pb_row _builder_version=&#8221;4.16&#8243; background_size=&#8221;initial&#8221; background_position=&#8221;top_left&#8221; background_repeat=&#8221;repeat&#8221; width=&#8221;100%&#8221; global_colors_info=&#8221;{}&#8221;][et_pb_column type=&#8221;4_4&#8243; _builder_version=&#8221;4.16&#8243; custom_padding=&#8221;|||&#8221; global_colors_info=&#8221;{}&#8221; custom_padding__hover=&#8221;|||&#8221;][et_pb_wc_tabs _builder_version=&#8221;4.27.4&#8243; global_colors_info=&#8221;{}&#8221;]\t\t\t\t\t[\/et_pb_wc_tabs][et_pb_wc_upsells _builder_version=&#8221;4.16&#8243; global_colors_info=&#8221;{}&#8221;][\/et_pb_wc_upsells][et_pb_wc_related_products posts_number=&#8221;6&#8243; columns_number=&#8221;6&#8243; include_categories=&#8221;83&#8243; _builder_version=&#8221;4.27.4&#8243; custom_padding=&#8221;|112px||||&#8221; global_colors_info=&#8221;{}&#8221;][\/et_pb_wc_related_products][\/et_pb_column][\/et_pb_row][\/et_pb_section]<\/p>\n","protected":false},"excerpt":{"rendered":"<p>Nuestros cuadros Gravel GRIT est\u00e1n hechos a mano por artesanos en Italia. Welded with Dedaccia 7003 alloy, heat treated and smooth welded our frames are lighter, stiffer and more reliable than the competition. The gravel Al frame was designed to be the best aluminium gravel on the market. We selected Dedacciai alloy which is lighter, more rigid and more durable than conventional alloy tubes. Combined with Fulcrum wheels and Shimano GRX hydraulic brakes we offer the best weight and power transmission on your bike.<\/p>\n","protected":false},"featured_media":5578,"template":"","meta":{"_et_pb_use_builder":"on","_et_pb_old_content":"<ul>\n \t<li><strong>Cuadro soldado artesanalmente con materiales avanzados:<\/strong> El cuadro est\u00e1 meticulosamente soldado en Italia utilizando Dedacciai 7003, lo que garantiza una alta calidad y durabilidad para condiciones de conducci\u00f3n exigentes.<\/li>\n \t<li><strong>Componentes vers\u00e1tiles y duraderos para bike packing:<\/strong> Incluye una horquilla de carbono completa con accesorios para bike packing, cableado interno para un bajo mantenimiento y compatibilidad con guardabarros y bolsas de carga, lo que la hace ideal para viajes largos.<\/li>\n \t<li><strong>Mayor eficiencia de conducci\u00f3n y rigidez delantera:<\/strong> Un eje de pedalier sobredimensionado optimiza la transferencia de potencia, mientras que la horquilla de gravel de carbono completa de postura ancha y el tubo de direcci\u00f3n aumentan la rigidez delantera para un mejor manejo.<\/li>\n \t<li><strong>Ruedas tubeless-ready para mayor fiabilidad:<\/strong> Las ruedas Fulcrum DB 900, fabricadas en Italia, son tubeless-ready con rodamientos industriales, que ofrecen resistencia a la intemperie y a los impactos para un rendimiento fiable.<\/li>\n \t<li><strong>Sistema de cambio y frenado de alto rendimiento:<\/strong> Equipado con cambios mec\u00e1nicos Shimano GRX y frenos de disco hidr\u00e1ulicos Shimano, que proporcionan cambios de marcha precisos y una gran potencia de frenado fiable.<\/li>\n<\/ul>\n<strong>Specs<\/strong>\n<ul>\n \t<li>Welded in Italy by artisans. Dedacciai 7003.<\/li>\n \t<li>Full carbon fork with bike packing fittings.<\/li>\n \t<li>Internal cable housing that\u2019s allows less maintenance<\/li>\n \t<li>Bottom Bracket with an oversized BB diameter that optimizes the power transmission.<\/li>\n \t<li>47 \u2013 55 mm tyre clearance<\/li>\n \t<li>12mm axles increase the stiffness of the wheel in comparison to a regular quick release.<\/li>\n \t<li>Wide stance full carbon gravel fork and steering tube increases the stiffness of the front part of the frame.<\/li>\n \t<li>Fits fenders, carriers and all bike packing bags.<\/li>\n \t<li>Fulcrum Tubeless Ready<\/li>\n<\/ul>\n<strong>Wheels <\/strong>\n<ul>\n \t<li>Fulcrum DB 900<\/li>\n \t<li>Made in Italy<\/li>\n \t<li>Tubeless Ready<\/li>\n \t<li>Indestructible and weather resistant industrial bearings<\/li>\n<\/ul>\n<strong>Shifting<\/strong>\n<ul>\n \t<li>Shimano GRX mechanical Gears<\/li>\n \t<li>Shimano Hydraulic disc brakes<\/li>\n<\/ul>","_et_gb_content_width":"","om_disable_all_campaigns":false,"_monsterinsights_skip_tracking":false,"_monsterinsights_sitenote_active":false,"_monsterinsights_sitenote_note":"","_monsterinsights_sitenote_category":0},"product_brand":[],"product_cat":[443],"product_tag":[446,427],"class_list":{"0":"post-5958","1":"product","2":"type-product","3":"status-publish","4":"has-post-thumbnail","6":"product_cat-ciclocross","7":"product_tag-ciclocross","8":"product_tag-pearl-cycles","10":"first","11":"instock","12":"taxable","13":"shipping-taxable","14":"purchasable","15":"product-type-variable"},"aioseo_notices":[],"_links":{"self":[{"href":"https:\/\/pearl-cycles.com\/index.php?rest_route=\/wp\/v2\/product\/5958","targetHints":{"allow":["GET"]}}],"collection":[{"href":"https:\/\/pearl-cycles.com\/index.php?rest_route=\/wp\/v2\/product"}],"about":[{"href":"https:\/\/pearl-cycles.com\/index.php?rest_route=\/wp\/v2\/types\/product"}],"wp:featuredmedia":[{"embeddable":true,"href":"https:\/\/pearl-cycles.com\/index.php?rest_route=\/wp\/v2\/media\/5578"}],"wp:attachment":[{"href":"https:\/\/pearl-cycles.com\/index.php?rest_route=%2Fwp%2Fv2%2Fmedia&parent=5958"}],"wp:term":[{"taxonomy":"product_brand","embeddable":true,"href":"https:\/\/pearl-cycles.com\/index.php?rest_route=%2Fwp%2Fv2%2Fproduct_brand&post=5958"},{"taxonomy":"product_cat","embeddable":true,"href":"https:\/\/pearl-cycles.com\/index.php?rest_route=%2Fwp%2Fv2%2Fproduct_cat&post=5958"},{"taxonomy":"product_tag","embeddable":true,"href":"https:\/\/pearl-cycles.com\/index.php?rest_route=%2Fwp%2Fv2%2Fproduct_tag&post=5958"}],"curies":[{"name":"wp","href":"https:\/\/api.w.org\/{rel}","templated":true}]}}