{"id":6109,"date":"2025-08-07T20:22:15","date_gmt":"2025-08-07T20:22:15","guid":{"rendered":"https:\/\/pearl-cycles.com\/produkt\/gravel-evo-air-sram-apex-axs\/"},"modified":"2025-08-07T20:22:15","modified_gmt":"2025-08-07T20:22:15","slug":"gravel-evo-air-sram-apex-axs","status":"publish","type":"product","link":"https:\/\/pearl-cycles.com\/?product=gravel-evo-air-sram-apex-axs&lang=es","title":{"rendered":"GRAVEL EVO AIR SRAM APEX AXS"},"content":{"rendered":"<p>&nbsp;<\/p>\n<p>&nbsp;<\/p>\n<p>&nbsp;<\/p>\n<ul>\n<li>Aerodynamic cockpit and internal cable housing<\/li>\n<li>Performance Geometry<\/li>\n<li>Unidirectional carbon fibre<\/li>\n<li>Engineered for performance, lightweight and fits 47 mm tyres.<\/li>\n<li>Bottom Bracket with an oversized diameter that optimizes the power transmission.<\/li>\n<li>12mm axles increase the stiffness of the wheel in comparison to regular quick release.<\/li>\n<li>Wide stance aero fork and steering tube that increases the stiffness of the front part of the frame.<\/li>\n<li>Fits fenders, carriers and all bike packing bags.<\/li>\n<li>Carbon flex seat post offers compliance.<\/li>\n<\/ul>\n<p>&nbsp;<\/p>\n<p>Wheels \/Gravel<\/p>\n<ul>\n<li>DT Swiss 350 hubs. Swiss precision and indestructible light weight hubs from the Alps <\/li>\n<li>Sapim spokes are the best spokes on this planet that last the longest and offer the best reliability.<\/li>\n<li>Pearl AIR rims, have a patent resin compound that ensures an equal distribution with the moulding process that makes our rims incredibly stiff.<\/li>\n<li>AIR Rims are tubeless ready, indestructible and withstand all UCI tests.<\/li>\n<li>Di\u00e1metro interior de 22 mm<\/li>\n<\/ul>\n","protected":false},"excerpt":{"rendered":"<p>Gravel de rendimiento<\/p>\n<p>\u201cevoluci\u00f3n en lugar de revoluci\u00f3n, dise\u00f1ada para la m\u00e1xima velocidad en cualquier terreno\u201d<\/p>\n<p>Con sus componentes de alto rendimiento y tecnolog\u00eda avanzada, la &#8220;Gravel Evo Air&#8221; ofrece una experiencia inigualable, asegurando que conquistes los terrenos m\u00e1s desafiantes con facilidad. Ya sea que est\u00e9s explorando carreteras rurales o participando en carreras de gravel, la precisi\u00f3n y agilidad de esta bicicleta te dejar\u00e1n asombrado. La &#8220;Gravel Evo Air&#8221; es la mejor opci\u00f3n para aquellos que buscan un rendimiento de primer nivel en el mundo del ciclismo de gravel.  <\/p>\n<p>&nbsp;<\/p>\n","protected":false},"featured_media":5798,"template":"","meta":{"_et_pb_use_builder":"","_et_pb_old_content":"","_et_gb_content_width":"","om_disable_all_campaigns":false,"_monsterinsights_skip_tracking":false,"_monsterinsights_sitenote_active":false,"_monsterinsights_sitenote_note":"","_monsterinsights_sitenote_category":0},"product_brand":[],"product_cat":[444],"product_tag":[445,427],"class_list":{"0":"post-6109","1":"product","2":"type-product","3":"status-publish","4":"has-post-thumbnail","6":"product_cat-gravel-de-alto-rendimiento","7":"product_tag-bicicleta-gravel","8":"product_tag-pearl-cycles","10":"first","11":"instock","12":"taxable","13":"shipping-taxable","14":"purchasable","15":"product-type-variable"},"aioseo_notices":[],"_links":{"self":[{"href":"https:\/\/pearl-cycles.com\/index.php?rest_route=\/wp\/v2\/product\/6109","targetHints":{"allow":["GET"]}}],"collection":[{"href":"https:\/\/pearl-cycles.com\/index.php?rest_route=\/wp\/v2\/product"}],"about":[{"href":"https:\/\/pearl-cycles.com\/index.php?rest_route=\/wp\/v2\/types\/product"}],"wp:featuredmedia":[{"embeddable":true,"href":"https:\/\/pearl-cycles.com\/index.php?rest_route=\/wp\/v2\/media\/5798"}],"wp:attachment":[{"href":"https:\/\/pearl-cycles.com\/index.php?rest_route=%2Fwp%2Fv2%2Fmedia&parent=6109"}],"wp:term":[{"taxonomy":"product_brand","embeddable":true,"href":"https:\/\/pearl-cycles.com\/index.php?rest_route=%2Fwp%2Fv2%2Fproduct_brand&post=6109"},{"taxonomy":"product_cat","embeddable":true,"href":"https:\/\/pearl-cycles.com\/index.php?rest_route=%2Fwp%2Fv2%2Fproduct_cat&post=6109"},{"taxonomy":"product_tag","embeddable":true,"href":"https:\/\/pearl-cycles.com\/index.php?rest_route=%2Fwp%2Fv2%2Fproduct_tag&post=6109"}],"curies":[{"name":"wp","href":"https:\/\/api.w.org\/{rel}","templated":true}]}}