{"id":7907,"date":"2025-08-07T19:18:16","date_gmt":"2025-08-07T19:18:16","guid":{"rendered":"https:\/\/pearl-cycles.com\/produkt\/empire-slx-shimano-ultegra-di2\/"},"modified":"2025-08-07T19:18:16","modified_gmt":"2025-08-07T19:18:16","slug":"empire-slx-shimano-ultegra-di2","status":"publish","type":"product","link":"https:\/\/pearl-cycles.com\/?product=empire-slx-shimano-ultegra-di2&lang=fr","title":{"rendered":"EMPIRE SLX Shimano Ultegra DI2"},"content":{"rendered":"<p><strong>Specs<\/strong><\/p>\n<ul>\n<li>Mod\u00e8le de performance enti\u00e8rement a\u00e9rodynamique con\u00e7u pour offrir une fibre de carbone unidirectionnelle a\u00e9rodynamique optimis\u00e9e.<\/li>\n<li>Conception de tubes a\u00e9rodynamiques Kammtail \u2013 confort et a\u00e9rodynamique optimis\u00e9s<\/li>\n<li>Hauban arri\u00e8re en forme de goutte d&#8217;eau qui offre un confort suppl\u00e9mentaire l\u00e0 o\u00f9 c&#8217;est n\u00e9cessaire. \u2013 et permet un plus grand d\u00e9gagement des pneus <\/li>\n<li>Fourche a\u00e9rodynamique int\u00e9gr\u00e9e \u00e0 grand \u00e9cartement \u2013 augmente l&#8217;a\u00e9rodynamisme et la stabilit\u00e9 par rapport aux fourches plus \u00e9troites avec un diam\u00e8tre de 1 \u00bc&#8221;<\/li>\n<li>Guidon monocoque avec c\u00e2bles internes augmente la transmission de puissance lorsqu&#8217;on est hors de la selle.<\/li>\n<li>Les freins \u00e0 montage plat offrent de meilleures performances de freinage et une meilleure rigidit\u00e9.<\/li>\n<li>Les c\u00e2bles internes du cadre minimisent la tra\u00een\u00e9e.<\/li>\n<li>L&#8217;espacement plus large des roulements BB86 pour une transmission de puissance efficace.<\/li>\n<li>D\u00e9gagement des pneus de 32 mm<\/li>\n<li>12mm axles increase the stiffness of the wheel in comparison to regular quick release.<\/li>\n<li>Poids du cadre 850 g<\/li>\n<li>Poids de la fourche 390 g<\/li>\n<\/ul>\n<p><strong>Wheels<\/strong><\/p>\n<ul>\n<li>Pearl PC 55<\/li>\n<li>Compatible tubeless<\/li>\n<\/ul>\n<p>&nbsp;<\/p>\n<p><strong>Shifting<\/strong><\/p>\n<ul>\n<li>Shimano Ultegra Di2<\/li>\n<li>Changement de vitesse pr\u00e9cis et fiable<\/li>\n<\/ul>\n<p>&nbsp;<\/p>\n","protected":false},"excerpt":{"rendered":"<p>Un design a\u00e9rodynamique avec un objectif&#8230;<\/p>\n<p>Notre cadre Empire est le summum de toutes les constructions techniques. Il offre la meilleure a\u00e9rodynamique, le meilleur confort et la meilleure rigidit\u00e9 possible.  Con\u00e7u pour la performance.<\/p>\n<p>Meilleure a\u00e9rodynamique, plus de d\u00e9gagement pour les pneus et plus de confort, moins de poids. \u00c9quip\u00e9 du changement de vitesse sans fil Sram AXS. <\/p>\n<p>Le cockpit enti\u00e8rement a\u00e9rodynamique et le cadre en carbone ultra-l\u00e9ger nous permettent d&#8217;offrir un cadre l\u00e9ger et pourtant a\u00e9rodynamique qui peut \u00eatre utilis\u00e9 aussi bien en terrain montagneux que plat.<\/p>\n","protected":false},"featured_media":2035,"template":"","meta":{"_et_pb_use_builder":"","_et_pb_old_content":"","_et_gb_content_width":"","om_disable_all_campaigns":false,"_monsterinsights_skip_tracking":false,"_monsterinsights_sitenote_active":false,"_monsterinsights_sitenote_note":"","_monsterinsights_sitenote_category":0},"product_brand":[],"product_cat":[499],"product_tag":[502,497],"class_list":{"0":"post-7907","1":"product","2":"type-product","3":"status-publish","4":"has-post-thumbnail","6":"product_cat-route","7":"product_tag-empire-slx","8":"product_tag-pearl-cycles","10":"first","11":"instock","12":"taxable","13":"shipping-taxable","14":"purchasable","15":"product-type-variable"},"_links":{"self":[{"href":"https:\/\/pearl-cycles.com\/index.php?rest_route=\/wp\/v2\/product\/7907","targetHints":{"allow":["GET"]}}],"collection":[{"href":"https:\/\/pearl-cycles.com\/index.php?rest_route=\/wp\/v2\/product"}],"about":[{"href":"https:\/\/pearl-cycles.com\/index.php?rest_route=\/wp\/v2\/types\/product"}],"wp:featuredmedia":[{"embeddable":true,"href":"https:\/\/pearl-cycles.com\/index.php?rest_route=\/wp\/v2\/media\/2035"}],"wp:attachment":[{"href":"https:\/\/pearl-cycles.com\/index.php?rest_route=%2Fwp%2Fv2%2Fmedia&parent=7907"}],"wp:term":[{"taxonomy":"product_brand","embeddable":true,"href":"https:\/\/pearl-cycles.com\/index.php?rest_route=%2Fwp%2Fv2%2Fproduct_brand&post=7907"},{"taxonomy":"product_cat","embeddable":true,"href":"https:\/\/pearl-cycles.com\/index.php?rest_route=%2Fwp%2Fv2%2Fproduct_cat&post=7907"},{"taxonomy":"product_tag","embeddable":true,"href":"https:\/\/pearl-cycles.com\/index.php?rest_route=%2Fwp%2Fv2%2Fproduct_tag&post=7907"}],"curies":[{"name":"wp","href":"https:\/\/api.w.org\/{rel}","templated":true}]}}