{"id":7938,"date":"2025-08-07T20:22:15","date_gmt":"2025-08-07T20:22:15","guid":{"rendered":"https:\/\/pearl-cycles.com\/produkt\/gravel-evo-air-sram-apex-axs\/"},"modified":"2025-08-07T20:22:15","modified_gmt":"2025-08-07T20:22:15","slug":"gravel-evo-air-sram-apex-axs","status":"publish","type":"product","link":"https:\/\/pearl-cycles.com\/?product=gravel-evo-air-sram-apex-axs&lang=fr","title":{"rendered":"GRAVEL EVO AIR SRAM APEX AXS"},"content":{"rendered":"<p>&nbsp;<\/p>\n<p>&nbsp;<\/p>\n<p>&nbsp;<\/p>\n<ul>\n<li>Aerodynamic cockpit and internal cable housing<\/li>\n<li>Performance Geometry<\/li>\n<li>Unidirectional carbon fibre<\/li>\n<li>Engineered for performance, lightweight and fits 47 mm tyres.<\/li>\n<li>Bottom Bracket with an oversized diameter that optimizes the power transmission.<\/li>\n<li>12mm axles increase the stiffness of the wheel in comparison to regular quick release.<\/li>\n<li>Wide stance aero fork and steering tube that increases the stiffness of the front part of the frame.<\/li>\n<li>Fits fenders, carriers and all bike packing bags.<\/li>\n<li>Carbon flex seat post offers compliance.<\/li>\n<\/ul>\n<p>&nbsp;<\/p>\n<p>Wheels \/Gravel<\/p>\n<ul>\n<li>DT Swiss 350 hubs. Swiss precision and indestructible light weight hubs from the Alps <\/li>\n<li>Sapim spokes are the best spokes on this planet that last the longest and offer the best reliability.<\/li>\n<li>Pearl AIR rims, have a patent resin compound that ensures an equal distribution with the moulding process that makes our rims incredibly stiff.<\/li>\n<li>AIR Rims are tubeless ready, indestructible and withstand all UCI tests.<\/li>\n<li>22 mm de diam\u00e8tre int\u00e9rieur<\/li>\n<\/ul>\n","protected":false},"excerpt":{"rendered":"<p>Gravel de performance<\/p>\n<p>\u00ab \u00e9volution plut\u00f4t que r\u00e9volution, con\u00e7u pour une vitesse maximale sur tous les terrains \u00bb<\/p>\n<p>Avec ses composants haute performance et sa technologie avanc\u00e9e, le \u00ab Gravel Evo Air \u00bb offre une exp\u00e9rience in\u00e9gal\u00e9e, vous permettant de conqu\u00e9rir les terrains les plus difficiles avec aisance. Que vous exploriez des routes de campagne ou participiez \u00e0 des courses de gravel, la pr\u00e9cision et l&#8217;agilit\u00e9 de ce v\u00e9lo vous laisseront sans voix. Le \u00ab Gravel Evo Air \u00bb est le choix ultime pour ceux qui recherchent des performances de haut niveau dans le monde du cyclisme gravel.  <\/p>\n<p>&nbsp;<\/p>\n","protected":false},"featured_media":1915,"template":"","meta":{"_et_pb_use_builder":"","_et_pb_old_content":"","_et_gb_content_width":"","om_disable_all_campaigns":false,"_monsterinsights_skip_tracking":false,"_monsterinsights_sitenote_active":false,"_monsterinsights_sitenote_note":"","_monsterinsights_sitenote_category":0},"product_brand":[],"product_cat":[501],"product_tag":[503,497],"class_list":{"0":"post-7938","1":"product","2":"type-product","3":"status-publish","4":"has-post-thumbnail","6":"product_cat-performance-gravel","7":"product_tag-gravel-bike","8":"product_tag-pearl-cycles","10":"first","11":"instock","12":"taxable","13":"shipping-taxable","14":"purchasable","15":"product-type-variable"},"_links":{"self":[{"href":"https:\/\/pearl-cycles.com\/index.php?rest_route=\/wp\/v2\/product\/7938","targetHints":{"allow":["GET"]}}],"collection":[{"href":"https:\/\/pearl-cycles.com\/index.php?rest_route=\/wp\/v2\/product"}],"about":[{"href":"https:\/\/pearl-cycles.com\/index.php?rest_route=\/wp\/v2\/types\/product"}],"wp:featuredmedia":[{"embeddable":true,"href":"https:\/\/pearl-cycles.com\/index.php?rest_route=\/wp\/v2\/media\/1915"}],"wp:attachment":[{"href":"https:\/\/pearl-cycles.com\/index.php?rest_route=%2Fwp%2Fv2%2Fmedia&parent=7938"}],"wp:term":[{"taxonomy":"product_brand","embeddable":true,"href":"https:\/\/pearl-cycles.com\/index.php?rest_route=%2Fwp%2Fv2%2Fproduct_brand&post=7938"},{"taxonomy":"product_cat","embeddable":true,"href":"https:\/\/pearl-cycles.com\/index.php?rest_route=%2Fwp%2Fv2%2Fproduct_cat&post=7938"},{"taxonomy":"product_tag","embeddable":true,"href":"https:\/\/pearl-cycles.com\/index.php?rest_route=%2Fwp%2Fv2%2Fproduct_tag&post=7938"}],"curies":[{"name":"wp","href":"https:\/\/api.w.org\/{rel}","templated":true}]}}